{"id":206,"date":"2012-07-22T19:48:25","date_gmt":"2012-07-22T19:48:25","guid":{"rendered":"http:\/\/wp1.choose-forex.com\/?p=206"},"modified":"2016-04-14T13:11:33","modified_gmt":"2016-04-14T13:11:33","slug":"signali","status":"publish","type":"page","link":"https:\/\/choose-forex.com\/sr\/signali\/","title":{"rendered":"Forex Signali"},"content":{"rendered":"<div class=\"field field-name-body field-type-text-with-summary field-label-hidden\">\n<div class=\"field-items\">\n<div class=\"field-item even\">\n<p class=\"rtejustify\" style=\"text-align: justify;\"><strong>Forex signali<\/strong> jesu pokazatelji Va\u0161eg dobitka ili gubitka u trgovini na Forex tr\u017ei\u0161tu. Oni predstavljaju kurs valutnog para u propisanom vremenskom trenutku, na osnovu kojeg brokeri \u0161irom sveta odlu\u010duju o svojoj slede\u0107oj trejding transakciji. Potrebne su godine iskustva, ve\u017ebe i posmatranja da biste precizno odredili kretanja u pravcu njegovog pove\u0107anja ili smanjenja u okviru odnosa valuta &#8211; na osnovu kojeg odlu\u010dujete da kupite ili prodate svoje valutne parove.<\/p>\n<p class=\"rtejustify\" style=\"text-align: justify;\"><img loading=\"lazy\" class=\"alignleft wp-image-7792 size-full\" title=\"Signali\" src=\"http:\/\/choose-forex.com\/wp-content\/uploads\/2012\/07\/Signali.jpg\" alt=\"Signali\" width=\"249\" height=\"269\" srcset=\"https:\/\/choose-forex.com\/wp-content\/uploads\/2012\/07\/Signali.jpg 249w, https:\/\/choose-forex.com\/wp-content\/uploads\/2012\/07\/Signali-139x150.jpg 139w\" sizes=\"(max-width: 249px) 100vw, 249px\" \/>Signali u\u017eivo koji se odigravaju na tr\u017ei\u0161tu na\u0161iroko su dostupni na internetu, ali je \u010desto upravo raznovrsno i blagovremeno obave\u0161tenje koje Vam sti\u017ee &#8211; olak\u0161avaju\u0107a margina profita u trgovini valutama. U okviru Choose-Forex-a dobi\u0107ete \u0161irok obim a\u017euriranih signala u\u017eivo koji prihvataju razli\u010dite pravce aktivnosti da bi stigli do Vas na vreme.<\/p>\n<p class=\"rtejustify\" style=\"text-align: justify;\">Ukoliko se pretplatite na <strong>Choose-Forex<\/strong>, redovno \u0107ete dobijati a\u017euriranja u okviru na\u0161eg sajta, putem e-po\u0161te, RSS fidovima i tvitovima.<\/p>\n<p class=\"rtejustify\" style=\"text-align: justify;\">Za klijente od prioriteta tako\u0111e imamo mogu\u0107nost obezbe\u0111ivanja li\u010dnih ili algoritamskih analiza. Ukoliko je potrebno, tako\u0111e mo\u017eemo organizovati preporu\u010dene signale od tre\u0107ih lica (posebnih trejdera), EA (Expert Advice &#8211; saveta stru\u010dnjaka) i vi\u0161estrukih izvora signala. Na taj na\u010din, bez obzira da li ste na putu ili pored kompjutera, mo\u017eete dobiti pun pristup i uvid u razli\u010dite izvore. Zajedno sa svim ovim podacima &#8211; sigurno \u0107ete imati dovoljno samopouzdanja da svoju slede\u0107u Forex transakciju napravite krajnje autoritativno.<\/p>\n<h2 style=\"text-align: justify;\">Forex Signali &#8211; Podela<\/h2>\n<p class=\"rtejustify\" style=\"text-align: justify;\">Prvi su signali generisani softverski i predstavljaju trenutno tr\u017ei\u0161te u trejdovanju valutama. Ovi sistemski stvoreni signali su promenljive prirode i mogu Vam obezbediti signale od ranga besplatnih obave\u0161tenja, do onih koji ko\u0161taju hiljade dolara. Svrha ovih aplikacija jeste da objasne i podr\u017ee odluku kupaca\/prodavaca na Forex tr\u017ei\u0161tu sa najnovijim uslovima.<\/p>\n<p class=\"rtejustify\" style=\"text-align: justify;\">Drugi tip trejding signala je vi\u0161e konvencionalan i u najve\u0107oj meri uklju\u010duje aspekt \u010doveka. Ove signale pru\u017eaju <strong>trejderi stu\u010dnjaci<\/strong> koji imaju godine raznovrsnog iskustva u razli\u010ditim ekonomskim uslovima &#8211; oni procenjuju vi\u0161estruke faktore koji olak\u0161avaju trejderima dono\u0161enje dobro razmotrene odluke.<\/p>\n<p class=\"rtejustify\" style=\"text-align: justify;\">Bez obzira koji tip signala odaberete da biste sproveli transakciju &#8211; uvek imajte na umu da su ova \u010ditanja prvenstveno preporuke i da se ona prilago\u0111avaju promenama sredine u svakom trenutku. Zato je kona\u010dna odluka u raspolaganju Va\u0161eg novca Va\u0161a i zato je Va\u0161a odgovornost da se klonite nepotrebnog oklevanja. Tako\u0111e mo\u017eete koristiti obe vrste da biste zaklju\u010dili o preciznosti signala i da biste iz oba izvora izvukli samo najbolje.<\/p>\n<p class=\"rtejustify\" style=\"text-align: justify;\">Koristan tutorijal o forex signalima mo\u017eete prona\u0107i <strong><a href=\"http:\/\/www.fxmarketleaders.com\/forex-signals\/how-to-use-our-forex-signals\" target=\"_blank\">na slede\u0107em linku<\/a><\/strong>.<\/p>\n<\/div>\n<\/div>\n<\/div>\n","protected":false},"excerpt":{"rendered":"<p>Forex signali jesu pokazatelji Va\u0161eg dobitka ili gubitka u trgovini na Forex tr\u017ei\u0161tu. Oni predstavljaju kurs valutnog para u propisanom vremenskom trenutku, na osnovu kojeg brokeri \u0161irom sveta odlu\u010duju o&hellip;<\/p>\n","protected":false},"author":1,"featured_media":0,"parent":0,"menu_order":0,"comment_status":"open","ping_status":"open","template":"","meta":[],"tags":[],"_links":{"self":[{"href":"https:\/\/choose-forex.com\/sr\/wp-json\/wp\/v2\/pages\/206\/"}],"collection":[{"href":"https:\/\/choose-forex.com\/sr\/wp-json\/wp\/v2\/pages\/"}],"about":[{"href":"https:\/\/choose-forex.com\/sr\/wp-json\/wp\/v2\/types\/page\/"}],"author":[{"embeddable":true,"href":"https:\/\/choose-forex.com\/sr\/wp-json\/wp\/v2\/users\/1\/"}],"replies":[{"embeddable":true,"href":"https:\/\/choose-forex.com\/sr\/wp-json\/wp\/v2\/comments\/?post=206"}],"version-history":[{"count":3,"href":"https:\/\/choose-forex.com\/sr\/wp-json\/wp\/v2\/pages\/206\/revisions\/"}],"predecessor-version":[{"id":8197,"href":"https:\/\/choose-forex.com\/sr\/wp-json\/wp\/v2\/pages\/206\/revisions\/8197\/"}],"wp:attachment":[{"href":"https:\/\/choose-forex.com\/sr\/wp-json\/wp\/v2\/media\/?parent=206"}],"wp:term":[{"taxonomy":"post_tag","embeddable":true,"href":"https:\/\/choose-forex.com\/sr\/wp-json\/wp\/v2\/tags\/?post=206"}],"curies":[{"name":"wp","href":"https:\/\/api.w.org\/{rel}","templated":true}]}}