{"id":297,"date":"2012-07-07T22:59:59","date_gmt":"2012-07-07T22:59:59","guid":{"rendered":"http:\/\/wp1.choose-forex.com\/?p=297"},"modified":"2012-07-07T22:59:59","modified_gmt":"2012-07-07T22:59:59","slug":"recnik","status":"publish","type":"page","link":"https:\/\/choose-forex.com\/sr\/recnik\/","title":{"rendered":"Re\u010dnik"},"content":{"rendered":"\n<p>\u00a0<\/p>\n<p><strong>A<\/strong><\/p>\n<p><strong>Asset <\/strong>\u2013 <strong>Sredstvo<\/strong> &#8211; predmet odre\u0111ene vrednosti<\/p>\n<p><strong>Aussie<\/strong> \u2013 <strong>Australijanac<\/strong> &#8211; trejderski sleng za AUD\/USD par<\/p>\n<p>\u00a0<\/p>\n<p><strong>B<\/strong><\/p>\n<p><strong>Base currency<\/strong> \u2013 <strong>Osnovna valuta<\/strong> &#8211; prva valuta u Forex paru. Primer: u EUR\/USD, euro je osnovna valuta, a dolar je kotirana valuta<\/p>\n<p><strong>Bear<\/strong> \u2013 <strong>Medved (opadanje) <\/strong>&#8211; trejder koji misli da \u0107e cena opadati<\/p>\n<p><strong>Bear market<\/strong> \u2013 <strong>Medve\u0111e tr\u017ei\u0161te (tr\u017ei\u0161te opadanja)<\/strong> &#8211; tr\u017ei\u0161te na kojem vlada opadanje du\u017ei vremenski period<\/p>\n<p><strong>Brokerage firm<\/strong> \u2013 <strong>Brokerska firma<\/strong> &#8211; poznata i samo kao \u201cBroker\u201d, je kompanija koji nudi usluge trejdovanja pojedincima i profesionalnim trejderima<\/p>\n<p><strong>Bull <\/strong>&#8211; <strong>Bik (rast)<\/strong> &#8211; trejder koji misli da \u0107e cena rasti<\/p>\n<p><strong>Bull market<\/strong> &#8211; <strong>Bikovo tr\u017ei\u0161te (tr\u017ei\u0161te rasta)<\/strong> &#8211; tr\u017ei\u0161te na kojem vlada porast tokom du\u017eeg vremenskog perioda<\/p>\n<p><strong>Buy Limit <\/strong>\u2013 <strong>Limit kupovine <\/strong>&#8211; nalog za kupovinu valute na ni\u017eem nivou<\/p>\n<p><strong>Buy Stop<\/strong> &#8211; <strong>Prekid kupovine<\/strong> &#8211; nalog za kupoviu valute na vi\u0161em nivou<\/p>\n<p>\u00a0<\/p>\n<p><strong>C<\/strong><\/p>\n<p><strong>Chartist <\/strong>\u2013 <strong>\u010cartista<\/strong> &#8211; osoba koja analizira kretanje cene i poku\u0161ava da predvidi budu\u0107a kretanja prou\u010davanjem podataka iz grafikona i tabela o kretanju u pro\u0161losti<\/p>\n<p><strong>Correlation<\/strong> \u2013 <strong>Korelacija<\/strong> &#8211; povezanost koja postoji izme\u0111u dve valute. Na primer, EUR je u pozitivnoj korelaciji sa GBP. Ukoliko EUR\/USD pokazuje porast, postoji mogu\u0107nost da do\u0111e do porasta GBP\/USD tako\u0111e.<\/p>\n<p><strong>Day trader<\/strong> \u2013 <strong>Jednodnevni trejder<\/strong> &#8211; trejder koji uglavnom zatvara sve svoje transakcije u okviru istog dana, ostvaruju\u0107i profit od kratkotrajnih kretanja<\/p>\n<p><strong>Foreign Exchange<\/strong> \u2013 <strong>Forex tr\u017ei\u0161te<\/strong> &#8211; prodaja ili kupovina valuta protiv ostalih. \u201c<strong>Forex<\/strong>\u201d je akronim za <strong>For<\/strong>eign <strong>Ex<\/strong>change<\/p>\n<p>\u00a0<\/p>\n<p><strong>F<\/strong><\/p>\n<p><strong>Fundamentalist<\/strong> \u2013 <strong>Fundamentalista<\/strong> &#8211; trejder koji svoje odluke bazira na fundamentalnoj analizi<\/p>\n<p><strong>Fundamental analysis<\/strong> \u2013 <strong>Fundamentalna analiza<\/strong> &#8211; tip analize koja prou\u010dava ekonamsko okru\u017eenje i na\u010din na koji ekonomski faktori uti\u010du na kretanje valuta<\/p>\n<p>\u00a0<\/p>\n<p><strong>G<\/strong><\/p>\n<p><strong>Going Long<\/strong> \u2013 <strong>I\u0107i na &#8220;duga\u010dko&#8221;<\/strong> &#8211; kupovina valutnog para<\/p>\n<p><strong>Going Short<\/strong> \u2013 <strong>I\u0107i na &#8220;kratko&#8221;<\/strong> &#8211; prodaja valutnog para<\/p>\n<p>\u00a0<\/p>\n<p><strong>I<\/strong><\/p>\n<p><strong>Introducing Broker<\/strong> \u2013 <strong>Broker uvodilac<\/strong> &#8211; osoba ili firma koja uvodi korisnike u brokersku kompaniju uz odre\u0111enu nadoknadu<\/p>\n<p>\u00a0\u00a0\u00a0\u00a0\u00a0\u00a0\u00a0\u00a0\u00a0\u00a0\u00a0\u00a0\u00a0\u00a0\u00a0\u00a0\u00a0\u00a0\u00a0\u00a0\u00a0\u00a0\u00a0\u00a0\u00a0\u00a0\u00a0\u00a0\u00a0\u00a0\u00a0\u00a0\u00a0\u00a0\u00a0\u00a0\u00a0\u00a0\u00a0\u00a0\u00a0\u00a0\u00a0\u00a0\u00a0\u00a0\u00a0\u00a0\u00a0\u00a0\u00a0\u00a0\u00a0\u00a0\u00a0\u00a0\u00a0\u00a0<\/p>\n<p><strong>M<\/strong><\/p>\n<p><strong>Margin<\/strong> \u2013 <strong>Margina<\/strong> &#8211; suma novca neophodna da bi pozicija stajala otvorena.<\/p>\n<p><strong>Margin call<\/strong> \u2013 <strong>Poziv za marginu <\/strong>&#8211; obave\u0161tenje od Va\u0161e brokerske ku\u0107e da je potrebno da deponujete vi\u0161e novca, jer je suma na ra\u010dunu ispod potrebne margine da bi Va\u0161e pozicije stajale otvorene<\/p>\n<p><strong>Market Order<\/strong> \u2013 <strong>Tr\u017ei\u0161ni nalog <\/strong>&#8211; nalog za neposrednim otvaranjem transakcije, po najboljoj dostupnoj ceni<\/p>\n<p><strong>Martingale<\/strong> \u2013 <strong>Martingejl <\/strong>&#8211; \u010desto nazivan i Martingejl sistem, je kockarska strategija koja zahteva da kockar duplira sumu nakon svakog gubitka. Dobitak bi nadoknadio prethodne gubitke i doneo neznatan profit, ali suma novca potrebna za trgovinu po ovom sistemu mo\u017ee biti ogromna zbog eksponencijalnog porasta veli\u010dine pozicije.<\/p>\n<p><strong>Moving Average<\/strong> \u2013 <strong>Kretanje proseka <\/strong>&#8211; \u010desto prikazano linijom na grafikonu, kretanje proseka predstavlja cenu izra\u010dunatu pomo\u0107u proseka cena u okviru odre\u0111enog vremenskog perioda. Postoje razli\u010dite formule za izra\u010dunavanje razli\u010ditih vrsta kretanja proseka.<\/p>\n<p>\u00a0<\/p>\n<p><strong>N<\/strong><\/p>\n<p><strong>News Trader<\/strong> \u2013 <strong>Trejder pomo\u0107u vesti <\/strong>&#8211; trejder koji odluke o trejdovanju bazira na neposrednom uticaju vesti na tr\u017ei\u0161te finansija<\/p>\n<p>\u00a0<\/p>\n<p><strong>O<\/strong><\/p>\n<p><strong>Oscillators<\/strong> \u2013 <strong>Oscilatori <\/strong>&#8211; tehni\u010dki indikatori \u010dija je karakteristika prikazivanje uslova preterane kupovine i preterane prodaje.<\/p>\n<p>\u00a0<\/p>\n<p><strong>P<\/strong><\/p>\n<p><strong>Pip<\/strong> \u2013 <strong>Pip <\/strong>&#8211; najmanje kretanje na Forex-u. Na primer, ukoliko je kvota EUR\/USD 1.2020 i ona se pomeri na 1.2021, to zna\u010di da je do\u0161lo do promene od 1 pipa<\/p>\n<p>\u00a0<\/p>\n<p><strong>Q<\/strong><\/p>\n<p><strong>Quote Currency<\/strong> \u2013 <strong>Kotirana valuta <\/strong>&#8211; druga valuta u valutnom paru. U EUR\/USD paru, USD je kotirana valuta; in USD\/JPY, JPY is the Quote Currency<\/p>\n<p>\u00a0<\/p>\n<p><strong>R<\/strong><\/p>\n<p><strong>Rally<\/strong> \u2013 <strong>Reli <\/strong>&#8211; period rasta cene<\/p>\n<p><strong>Ranging market<\/strong> \u2013 <strong>Tr\u017ei\u0161te u opsegu <\/strong>&#8211; period u kojem se cena kre\u0107e u horizontalnom kanalu<\/p>\n<p><strong>Resistance<\/strong> \u2013 <strong>Otpor <\/strong>&#8211; nivo cene na kojem se mo\u017ee primetiti jak pritisak prodaje<\/p>\n<p><strong>Risk Management<\/strong> \u2013 <strong>Upravljanje rizikom <\/strong>&#8211; kori\u0161\u0107enje odgovaraju\u0107ih strategija za kontrolu ili smanjenje rizika<\/p>\n<p>\u00a0<\/p>\n<p><strong>S<\/strong><\/p>\n<p><strong>Scalping<\/strong> \u2013 <strong>Skalpovanje <\/strong>&#8211; na\u010din brze trgovine, uz ostvarivanje malih profita i brze izlaske sa tr\u017ei\u0161ta<\/p>\n<p><strong>Sell Limit<\/strong> \u2013 <strong>Limit prodaje<\/strong> &#8211; nalog za prodaju valutnog para na vi\u0161em nivou<\/p>\n<p><strong>Sell Stop<\/strong> \u2013 <strong>Prekid prodaje <\/strong>&#8211; nalog za prodaju valute po ni\u017eem nivou<\/p>\n<p><strong>Slippage<\/strong> \u2013 Proklizavanje &#8211; kada trgovina nije otvorena ili zatvorena po \u017eeljenoj ceni. Ovo se doga\u0111a usled velike nestalnosti tr\u017ei\u0161ta ili usled niske likvidnosti. Drugi razlog mo\u017ee biti nedostatak interesovanja od strane Va\u0161eg brokera.<\/p>\n<p><strong>Spread<\/strong> \u2013 <strong>Spred <\/strong>&#8211; razlika u ceni ponude i potra\u017enje valutnog para<\/p>\n<p><strong>Stop Loss Order<\/strong> \u2013 <strong>Nalog prekida gubitka <\/strong>&#8211; nalog zatvaranja transakcije na unapred odre\u0111enom nivou. Ovaj tip naloga slu\u017ei za ograni\u010davanje rizika na odre\u0111enu sumu. Ukoliko trejder kupuje odre\u0111eni valutni par, prekid gubitka se postavlja ispod ulazne cene. Ukoliko trejder prodaje valutni par, prekid gubitka se postavlja iznad cene ulaska.<\/p>\n<p><strong>Support<\/strong> \u2013 <strong>Podr\u0161ka <\/strong>&#8211; nivo na kojem se mo\u017ee primetiti jak pritisak kupovine<\/p>\n<p>\u00a0<\/p>\n<p><strong>T<\/strong><\/p>\n<p><strong>Take profit order<\/strong> \u2013 <strong>Nalog za uzimanje profita <\/strong>&#8211; nalog koji trejder postavlja da bi obezbedio svoj profit i u isto vreme umanjio svoju izlo\u017eenost na tr\u017ei\u0161tu delimi\u010dnim ili potpunim zatvaranjem pozicije.<\/p>\n<p><strong>Technical Analysis<\/strong> \u2013 <strong>Tehni\u010dka analiza <\/strong>&#8211; metod poku\u0161aja predvi\u0111anja budu\u0107eg kretanja cene analiziranjem pro\u0161lih podataka, grafikona i tabela, indikatora, kretanja proseka i drugih tehni\u010dkih alata<\/p>\n<p><strong>Technical trader<\/strong> \u2013 <strong>Tehni\u010dar <\/strong>&#8211; trejder koji koristi tehni\u010dku analizu<\/p>\n<p><strong>Trailing Stop Loss<\/strong> \u2013 <strong>Prate\u0107enje prekid gubitka <\/strong>&#8211; sli\u010dno je prekidu gubitka, samo \u0161to se pra\u0107enje prekida gubitka kre\u0107e iza cene, prate\u0107i i zatvaraju\u0107i je uz sve ve\u0107i profit ukoliko se cena kre\u0107e u pravcu Va\u0161e trgovine. Ukoliko se cena kre\u0107e nasuprot trgovini, pra\u0107enje prekida gubitka ne\u0107e se udaljiti od cene<\/p>\n<p><strong>Transaction<\/strong> \u2013 <strong>Transakcija <\/strong>&#8211; kupovina ili prodaja valutnog para<\/p>\n<p><strong>Trend<\/strong> \u2013 <strong>Trend <\/strong>&#8211; trenutni pravac kretanja na tr\u017ei\u0161tu<\/p>\n<p>\u00a0<\/p>\n<p><strong>U<\/strong><\/p>\n<p><strong>Unrealized profit<\/strong> \u2013 <strong>Nerealizovani profit <\/strong>&#8211; profit koji \u0107e trejder ostvariti ukoliko trgovina bude zatvorena u sada\u0161njem momentu i po trenutnoj ceni.<\/p>\n<p>\u00a0<\/p>\n","protected":false},"excerpt":{"rendered":"<p>\u00a0 A Asset \u2013 Sredstvo &#8211; predmet odre\u0111ene vrednosti Aussie \u2013 Australijanac &#8211; trejderski sleng za AUD\/USD par \u00a0 B Base currency \u2013 Osnovna valuta &#8211; prva valuta u Forex&hellip;<\/p>\n","protected":false},"author":1,"featured_media":0,"parent":0,"menu_order":0,"comment_status":"open","ping_status":"open","template":"","meta":[],"tags":[353,352,354,351,347],"_links":{"self":[{"href":"https:\/\/choose-forex.com\/sr\/wp-json\/wp\/v2\/pages\/297\/"}],"collection":[{"href":"https:\/\/choose-forex.com\/sr\/wp-json\/wp\/v2\/pages\/"}],"about":[{"href":"https:\/\/choose-forex.com\/sr\/wp-json\/wp\/v2\/types\/page\/"}],"author":[{"embeddable":true,"href":"https:\/\/choose-forex.com\/sr\/wp-json\/wp\/v2\/users\/1\/"}],"replies":[{"embeddable":true,"href":"https:\/\/choose-forex.com\/sr\/wp-json\/wp\/v2\/comments\/?post=297"}],"version-history":[{"count":0,"href":"https:\/\/choose-forex.com\/sr\/wp-json\/wp\/v2\/pages\/297\/revisions\/"}],"wp:attachment":[{"href":"https:\/\/choose-forex.com\/sr\/wp-json\/wp\/v2\/media\/?parent=297"}],"wp:term":[{"taxonomy":"post_tag","embeddable":true,"href":"https:\/\/choose-forex.com\/sr\/wp-json\/wp\/v2\/tags\/?post=297"}],"curies":[{"name":"wp","href":"https:\/\/api.w.org\/{rel}","templated":true}]}}