{"id":557,"date":"2012-05-21T22:13:57","date_gmt":"2012-05-21T22:13:57","guid":{"rendered":"http:\/\/wp1.choose-forex.com\/?p=557"},"modified":"2012-05-21T22:13:57","modified_gmt":"2012-05-21T22:13:57","slug":"trejding-platforme","status":"publish","type":"page","link":"https:\/\/choose-forex.com\/sr\/trejding-platforme\/","title":{"rendered":"Trejding platforme"},"content":{"rendered":"\n<p>\u00a0\u00a0\u00a0\u00a0\u00a0\u00a0\u00a0\u00a0\u00a0\u00a0\u00a0\u00a0\u00a0\u00a0\u00a0\u00a0\u00a0\u00a0 Ranijih dana, trgovina se bazirala na \u010ditanju traka i ukoliko ste \u017eeleli da saznate vrednost odre\u0111enog pokretnog proseka, morali ste da ga izra\u010dunate ru\u010dno. Sada mo\u017eemo da imamo i 10 indikatora na grafikonu, a u okviru platforme koju posedujemo dobi\u0107emo i gotove prora\u010dune koji su nam potrebni. To je jedna od glavnih prednosti koje smo dobili tehnolo\u0161kim napretkom, a u ovom \u010dlanku fokusira\u0107emo se na na elektronske platforme koje se najvi\u0161e koriste za trejdovanje na malo.<\/p>\n<p>\u00a0\u00a0\u00a0\u00a0\u00a0<img alt=\"\" src=\"\/sites\/default\/files\/u46\/index.jpeg\" style=\"width: 68px; height: 63px;\" \/>\u00a0<u> MetaTrader 4.<\/u> Ova platforma razvijena je od MetaQuotes korporacije koja se bavi softverom i objavljena je 2005. godine. Softver je licenciran za online brokere i oni ga obezbe\u0111uju svojim klijentima. Ona se sastoji od komponenti za servera i klijenta. Klijentska komponenta obezbe\u0111ena je korisnicima, dok komponentom za servere upravljaju brokeri. Meta Trader 4 je postao veoma popularan jer omogu\u0107ava visok stepena prilago\u0111avanja korisniku: mo\u017eete kreirati li\u010dne stu\u010dne savetnike (EA) ili skriptove i tako sprovoditi automatizovano trejdovanje.<\/p>\n<p><a href=\"\/sites\/default\/files\/u46\/mt4.jpg\" data-rel=\"penci-gallery-image-content\"  target=\"_blank\"><img alt=\"\" src=\"\/sites\/default\/files\/u46\/mt4.jpg\" style=\"width: 415px; height: 220px; margin-left: 60px; margin-right: 60px;\" \/><\/a><\/p>\n<p>\u00a0\u00a0\u00a0\u00a0\u00a0\u00a0\u00a0\u00a0\u00a0\u00a0\u00a0 Velika pomo\u0107 u odre\u0111ivanju trendova i kretanja cena dolazi od alata za analizu kao \u0161to su kanali, linije trendova, Gantovi ili Fibona\u010dijevi alati. Meta Trader 4 ima 32 ugra\u0111ena alata koji Vam mogu pomo\u0107i pri analizi.<\/p>\n<p><a href=\"\/sites\/default\/files\/u46\/metatrader4_analytical_tool_en.png\" data-rel=\"penci-gallery-image-content\"  target=\"_blank\"><img alt=\"\" src=\"\/sites\/default\/files\/u46\/metatrader4_analytical_tool_en.png\" style=\"width: 421px; height: 200px; margin-left: 60px; margin-right: 60px;\" \/><\/a><\/p>\n<p>\u00a0\u00a0\u00a0\u00a0\u00a0\u00a0\u00a0\u00a0\u00a0\u00a0\u00a0\u00a0 Terminal tako\u0111e skladi\u0161ti istoriju svih Va\u0161ih trgovina, pa imate mogu\u0107nost vr\u0161enja analize efikasnosti Va\u0161ih trgovina i stope uspeha Va\u0161ih strategija. Tako\u0111e poseduje dodatak za fidove o vestima u kojima su a\u017eurirane najnovije ekonomske i politi\u010dke vesti.<\/p>\n<p>Stru\u010dni savetnici mogu biti ugra\u0111eni u okviru Meta Trader 4 terminala sa ciljem automatizovanja Va\u0161eg trejdovanja. Ukoliko do\u0111e do detektovanja nekih gre\u0161aka tokom sastavljanja programa, terminal \u0107e Vas obavestiti o tome. \u010cim do\u0111e do uspe\u0161nog sastavljanja stru\u010dnog savetnika, mo\u017eete po\u010deti da ga koristite za trejdovanje ili testiranje strategije.<\/p>\n<p><a href=\"\/sites\/default\/files\/u46\/metaeditor_expert_advisor_compilation_error_en.png\" data-rel=\"penci-gallery-image-content\"  target=\"_blank\"><img alt=\"\" src=\"\/sites\/default\/files\/u46\/metaeditor_expert_advisor_compilation_error_en.png\" style=\"width: 423px; height: 203px; margin-left: 60px; margin-right: 60px;\" \/><\/a><\/p>\n<p>\u00a0\u00a0\u00a0\u00a0\u00a0\u00a0\u00a0\u00a0\u00a0\u00a0\u00a0 Meta Trader 4 tako\u0111e postoji u mobilnoj verziji za trejdere koji moraju da napuste svoja mesta uz kompjutere, a ne \u017eele da propuste dobre mogu\u0107nosti za trgovinu. U ovom trenutku, Meta Trader 4 je najpopularnija trejding platforma me\u0111u mnogim manjim trejderima, koju obezbe\u0111uju skoro svi brokeri, \u010dak i ukoliko poseduju vlastiti softver za trgovinu. \u00a0<\/p>\n<p>\u00a0\u00a0\u00a0\u00a0\u00a0\u00a0\u00a0\u00a0\u00a0\u00a0\u00a0 Jedna od platformi koja postaje sve popularnija jeste <strong>ACT Trader<\/strong>. Razlog za njegovu sve ve\u0107u popularnost jesu njegovi meniji koji su veoma intuitivni, platforma je laka za kori\u0161\u0107enje, a u isto vreme nudi mnogobrojne opcije trejderima koji imaju potrebu za slo\u017eenijim nalozima pri ulasku na tr\u017ei\u0161te.<\/p>\n<p><a href=\"\/sites\/default\/files\/u46\/wb_img_40.png\" data-rel=\"penci-gallery-image-content\"  target=\"_blank\"><img alt=\"\" src=\"\/sites\/default\/files\/u46\/wb_img_40.png\" style=\"width: 423px; height: 240px; margin-left: 60px; margin-right: 60px;\" \/><\/a><\/p>\n<p>\u00a0\u00a0\u00a0\u00a0\u00a0\u00a0\u00a0\u00a0\u00a0\u00a0\u00a0\u00a0 Act Trader je razvijen od strane kompanije ActForex INC., a sada ga sve vi\u0161e brokera nudi prilikom otvaranja ra\u010duna u okviru svog besplatnog paketa za grafikone i tabele. Kompanija tako\u0111e nudi i druge veoma raznovrsne platforme za web, android ili iPad \u2013 ActWebTrader, ActPhone, ActPad i ActDroid.<\/p>\n<p>\u00a0\u00a0\u00a0\u00a0\u00a0\u00a0\u00a0\u00a0\u00a0\u00a0\u00a0\u00a0 Kao novo dostignu\u0107e, ActForex je predstavio ActVAT, Vizuelni editor strategija koji Vam omogu\u0107ava da kreirate automatizovane strategije bez pisanja kodnih linija.<\/p>\n<p><a href=\"\/sites\/default\/files\/u46\/vat_01.png\" data-rel=\"penci-gallery-image-content\"  target=\"_blank\"><img alt=\"\" src=\"\/sites\/default\/files\/u46\/vat_01.png\" style=\"width: 436px; height: 226px; margin-left: 60px; margin-right: 60px;\" \/><\/a><\/p>\n<p>\u00a0<\/p>\n<p>\u00a0\u00a0\u00a0\u00a0\u00a0\u00a0\u00a0\u00a0\u00a0\u00a0\u00a0\u00a0 Jo\u0161 jedna zanimljiva i pouzdana platforma jeste Ninja Trader, koju je razvio NinjaTrader LLC, kompanija osnovana 2006. godine sa sedi\u0161tem u Denveru u Koloradu.<\/p>\n<p><a href=\"\/sites\/default\/files\/u46\/advancedchartinglg.png\" data-rel=\"penci-gallery-image-content\"  target=\"_blank\"><img alt=\"\" src=\"\/sites\/default\/files\/u46\/advancedchartinglg.png\" style=\"width: 423px; height: 193px; margin-left: 60px; margin-right: 60px;\" \/><\/a><\/p>\n<p>\u00a0\u00a0\u00a0\u00a0\u00a0\u00a0\u00a0\u00a0\u00a0\u00a0\u00a0\u00a0\u00a0\u00a0\u00a0 Jedna od zanimljivih karakteristika jeste Trade Simulator, koji Vam nudi mogu\u0107nost testiranja strategija kori\u0161\u0107enjem celokupne simulacije naloga. Na po\u010detnim stadijumima trgovine neophodno je u\u010denje pomo\u0107u simulacije trgovine, dok je iskusnijim trejderima potrebna simulacija okru\u017eenja na tr\u017ei\u0161tu da bi testirali nove koncepte trgovine ili nove strategije.<\/p>\n<p>Za trejdera po\u010detnika veoma je va\u017eno pitanje izbora odgovaraju\u0107e platforme, jer se on mora ose\u0107ati opu\u0161teno dok koristi odre\u0111eni softver. Ukoliko Vam nisu potrebni sofisticiraniji nalozi pri otvaranju pozicija na tr\u017ei\u0161tu ili ukoliko istovremeno ne posedujete vi\u0161e istovremeno otvorenih pozicija, onda je najbolje da se odlu\u010dite za jednostavnu, ali pouzdanu platformu.<\/p>\n","protected":false},"excerpt":{"rendered":"<p>\u00a0\u00a0\u00a0\u00a0\u00a0\u00a0\u00a0\u00a0\u00a0\u00a0\u00a0\u00a0\u00a0\u00a0\u00a0\u00a0\u00a0\u00a0 Ranijih dana, trgovina se bazirala na \u010ditanju traka i ukoliko ste \u017eeleli da saznate vrednost odre\u0111enog pokretnog proseka, morali ste da ga izra\u010dunate ru\u010dno. Sada mo\u017eemo da imamo i&hellip;<\/p>\n","protected":false},"author":1,"featured_media":0,"parent":0,"menu_order":0,"comment_status":"open","ping_status":"open","template":"","meta":[],"tags":[286,284,285,691,692],"_links":{"self":[{"href":"https:\/\/choose-forex.com\/sr\/wp-json\/wp\/v2\/pages\/557\/"}],"collection":[{"href":"https:\/\/choose-forex.com\/sr\/wp-json\/wp\/v2\/pages\/"}],"about":[{"href":"https:\/\/choose-forex.com\/sr\/wp-json\/wp\/v2\/types\/page\/"}],"author":[{"embeddable":true,"href":"https:\/\/choose-forex.com\/sr\/wp-json\/wp\/v2\/users\/1\/"}],"replies":[{"embeddable":true,"href":"https:\/\/choose-forex.com\/sr\/wp-json\/wp\/v2\/comments\/?post=557"}],"version-history":[{"count":0,"href":"https:\/\/choose-forex.com\/sr\/wp-json\/wp\/v2\/pages\/557\/revisions\/"}],"wp:attachment":[{"href":"https:\/\/choose-forex.com\/sr\/wp-json\/wp\/v2\/media\/?parent=557"}],"wp:term":[{"taxonomy":"post_tag","embeddable":true,"href":"https:\/\/choose-forex.com\/sr\/wp-json\/wp\/v2\/tags\/?post=557"}],"curies":[{"name":"wp","href":"https:\/\/api.w.org\/{rel}","templated":true}]}}