{"id":662,"date":"2012-05-15T01:06:16","date_gmt":"2012-05-15T01:06:16","guid":{"rendered":"http:\/\/wp1.choose-forex.com\/?p=662"},"modified":"2012-05-15T01:06:16","modified_gmt":"2012-05-15T01:06:16","slug":"vrste-analize-trzista","status":"publish","type":"page","link":"https:\/\/choose-forex.com\/sr\/vrste-analize-trzista\/","title":{"rendered":"Vrste analize tr\u017ei\u0161ta"},"content":{"rendered":"\n<p>\u00a0\u00a0\u00a0\u00a0\u00a0\u00a0\u00a0\u00a0\u00a0\u00a0\u00a0\u00a0\u00a0\u00a0 Kada trgujete na Forex-u, na\u010din na koji ostvarujete novac jeste predvi\u0111anjem najve\u0107e verovatno\u0107e pravca kretanja cena i trgovanja u skladu sa tim. Cena se pona\u0161a na tri na\u010dina: raste, opada ili neodre\u0111eno. U predvi\u0111anju pravca kretanja cene, trejderi koriste tri vrste analize: tehni\u010dku analizu, fundamentalnu analizu i sentiment tr\u017ei\u0161ta (raspolo\u017eenje na tr\u017ei\u0161tu).<\/p>\n<p><!--break--><\/p>\n<p>\u00a0\u00a0\u00a0\u00a0\u00a0\u00a0\u00a0\u00a0<strong>\u00a0\u00a0\u00a0\u00a0\u00a0\u00a0\u00a0 <u>Tehni\u010dka analiza:<\/u><\/strong><\/p>\n<p>\u00a0\u00a0\u00a0\u00a0\u00a0\u00a0\u00a0\u00a0\u00a0\u00a0\u00a0\u00a0\u00a0\u00a0\u00a0 U osnovi tehni\u010dke analize nalazi se princip koji ka\u017ee da se istorija ponavlja, a to zna\u010di da trejder treba da posmatra dosada\u0161nju aktivnost cene i izvr\u0161ava odluke o trgovini zasnovane na onome \u0161to se desilo u sli\u010dnoj situaciji u pro\u0161losti. Ukoliko se ranije odre\u0111eni nivo podr\u0161ke odr\u017eavao, trejderi \u0107e pa\u017eljivo posmatrati cenu i njeno pribli\u017eavanje ili dostizanje tog nivoa, a svoje \u0107e odluke o trgovini zasnovati na osnovu na\u010dina reagovanja cene kada je dostigla nivo podr\u0161ke.<\/p>\n<p>\u00a0\u00a0\u00a0\u00a0\u00a0\u00a0\u00a0\u00a0\u00a0\u00a0\u00a0\u00a0\u00a0\u00a0\u00a0 Svaki put kada \u010dujete termin tehni\u010dka analiza, pomisli\u0107ete na grafikon, jer upravo grafikoni na najbolji na\u010din predstavljaju aktivnost cene. Naj\u010de\u0161\u0107i tip grafikona jeste grafikon sve\u0107a ili linijski. U grafikon mo\u017eete ucrtati linije trenda, nivoe podr\u0161ke i otpora, kanale ili mo\u017eete koristiti indikatore.<\/p>\n<p>\u00a0\u00a0\u00a0\u00a0\u00a0\u00a0\u00a0\u00a0\u00a0\u00a0\u00a0\u00a0\u00a0\u00a0\u00a0 \u00a0Tehni\u010dka analiza je veoma va\u017eno oru\u0111e jednog trejdera, ali mogu da pro\u0111u godine pre nego \u0161to je savladate i prona\u0111ete ta\u010dnu koli\u010dinu analize koju je potrebno uraditi. Ono \u0161to poku\u0161avamo da ka\u017eemo jeste da neki trejderi imaju tendenciju prevelikog analiziranja grafikona ispunjavaju\u0107i ih svim indikatorima koje mogu da prona\u0111u. U ovom slu\u010daju, vi\u0161e ne zna\u010di i bolje, s obzirom da ne\u0107ete posti\u0107i bolje rezultate ukoliko na prethodni grafikon dodate jo\u0161 neki indikator da biste isfiltrirali lo\u0161e signale. Kada koristite tehni\u010dku analizu, poku\u0161ajte da je \u0161to je mogu\u0107e vi\u0161e pojednostavite.<\/p>\n<p>\u00a0\u00a0\u00a0\u00a0\u00a0\u00a0\u00a0\u00a0\u00a0\u00a0\u00a0\u00a0\u00a0\u00a0\u00a0 Tehni\u010dka analiza koristi obrasce grafikona, <a href=\"http:\/\/sr.bravafx.com\/article\/horizontalna-podrska-i-otpor\" target=\"_blank\"><strong>horizontalnu<\/strong><\/a> i <a href=\"http:\/\/sr.bravafx.com\/article\/dijagonalna-podrska-i-otpor\" target=\"_blank\"><strong>dijagonalnu podr\u0161ku i otpor<\/strong><\/a>, a one su, kao \u0161to smo rekli u prethodnim \u010dlancima, preplavljene subjektivno\u0161\u0107u. Dva trejdera mogu druga\u010dije nacrtati liniju trenda, videti horizontalni nivo za nekoliko pipova vi\u0161e ili ni\u017ee, ili koristiti razli\u010dite periode pokretnih proseka. S obzirom da svi ovi alati sa\u010dinjavaju tehni\u010dku analizu, ona je tako\u0111e subjektivna, pa \u0107e razli\u010diti trgovci imati i razli\u010dito mi\u0161ljenje o slede\u0107em pravcu kretanja cene.<\/p>\n<p>\u00a0\u00a0\u00a0\u00a0\u00a0\u00a0\u00a0\u00a0\u00a0\u00a0\u00a0\u00a0\u00a0\u00a0\u00a0<strong> <u>Fundamentalna analiza:<\/u><\/strong><\/p>\n<p>\u00a0\u00a0\u00a0\u00a0\u00a0\u00a0\u00a0\u00a0\u00a0\u00a0\u00a0\u00a0\u00a0\u00a0\u00a0 Fundamentalna analiza nam poma\u017ee da predvidimo kretanje cene na osnovu posmatranja veze izme\u0111u valute i ekonomske i politi\u010dke situacije zemlje kojoj pripada. Drugim re\u010dima, ukoliko u nekoj zemlji vlada lo\u0161e stanje, cena njene valute \u0107e najverovatnije opadati na grafikonima i u tabelama. Dolaze\u0107e politi\u010dke, ekonomske i dru\u0161tvene vesti mogu uveliko imati uticaj na kretanje valutnog para.<\/p>\n<p>\u00a0\u00a0\u00a0\u00a0\u00a0\u00a0\u00a0\u00a0\u00a0\u00a0\u00a0\u00a0\u00a0\u00a0\u00a0 Prilikom kor\u0161\u0107enja fundamentalne analize, s obzirom da na Forex-u trgujete valutim parom, morate pogledati obe valute. Ukoliko jedna valuta oja\u010da zbog upravo objavljenih pozitivnih vesti, morate da analizirate status druge valute. Ukoliko postoje dobre vesti vezane i za nju, onda se ravnote\u017ea izme\u0111u njih ne\u0107e promeniti, pa mo\u017eda ne\u0107ete ni primetiti ve\u0107a kretanja na grafikonima i tabelama. Sa druge strane, ukoliko se za jednu valutu objave dobre vesti, a za drugu ne, verovatno \u0107ete na grafikonu i u tabeli videti velika kretanja koja favorizuju prvu valutu.<\/p>\n<p>\u00a0\u00a0\u00a0\u00a0\u00a0\u00a0\u00a0\u00a0\u00a0\u00a0\u00a0\u00a0\u00a0\u00a0\u00a0 Treba biti veoma obazriv prilikom kor\u0161\u0107enja fundamentalne analize, jer u slu\u010daju objavljivanja dobrih vesti ne mora obavezno do\u0107i i do porasta valute. Ponekad, \u010dak i kada su vesti dobre, one nemaju uticaj na kretanje cene, jer je sveukupno stanje u toj zemlji lo\u0161e. Prilikom dono\u0161enja odluke o trgovini treba uzeti u obzir vi\u0161e faktora, a ne samo vesti.<\/p>\n<p>\u00a0\u00a0\u00a0\u00a0\u00a0\u00a0\u00a0\u00a0\u00a0\u00a0\u00a0\u00a0\u00a0\u00a0\u00a0 <strong><u>Sentiment tr\u017ei\u0161ta:<\/u><\/strong><\/p>\n<p>\u00a0\u00a0\u00a0\u00a0\u00a0\u00a0\u00a0\u00a0\u00a0\u00a0\u00a0\u00a0\u00a0\u00a0\u00a0 Ovo je op\u0161ti na\u010din na koji trgovci vide tr\u017ei\u0161te. Svaki trejder ima svoje mi\u0161ljenje o tr\u017ei\u0161tu i ovo gledi\u0161te mo\u017eete proceniti na osnovu pozicija koje on zauzima. Svi trejderi \u0161irom sveta poma\u017eu u oblikovanju raspolo\u017eenja na tr\u017ei\u0161tu dr\u017eanjem kratkih ili dugih pozicija.<\/p>\n<p>\u00a0\u00a0\u00a0\u00a0\u00a0\u00a0\u00a0\u00a0\u00a0\u00a0\u00a0\u00a0\u00a0\u00a0\u00a0 S obzirom da ste trgovac, morate razmotriti tehni\u010dku analizu, fundamentalnu analizu i raspolo\u017eenje na tr\u017ei\u0161tu, ne smete se osloniti samo na jednu vrstu analize. Ukoliko dobijete jake tehni\u010dke signale o porastu cene, ali je generalno raspolo\u017eenje lo\u0161e i dolaze\u0107e vesti objavljuju lo\u0161a o\u010dekivanja, onda bi mo\u017eda trebalo da razmotrite svoju poziciju.<\/p>\n","protected":false},"excerpt":{"rendered":"<p>\u00a0\u00a0\u00a0\u00a0\u00a0\u00a0\u00a0\u00a0\u00a0\u00a0\u00a0\u00a0\u00a0\u00a0 Kada trgujete na Forex-u, na\u010din na koji ostvarujete novac jeste predvi\u0111anjem najve\u0107e verovatno\u0107e pravca kretanja cena i trgovanja u skladu sa tim. Cena se pona\u0161a na tri na\u010dina: raste,&hellip;<\/p>\n","protected":false},"author":1,"featured_media":0,"parent":0,"menu_order":0,"comment_status":"open","ping_status":"closed","template":"","meta":[],"tags":[804,807,806,805,803],"_links":{"self":[{"href":"https:\/\/choose-forex.com\/sr\/wp-json\/wp\/v2\/pages\/662\/"}],"collection":[{"href":"https:\/\/choose-forex.com\/sr\/wp-json\/wp\/v2\/pages\/"}],"about":[{"href":"https:\/\/choose-forex.com\/sr\/wp-json\/wp\/v2\/types\/page\/"}],"author":[{"embeddable":true,"href":"https:\/\/choose-forex.com\/sr\/wp-json\/wp\/v2\/users\/1\/"}],"replies":[{"embeddable":true,"href":"https:\/\/choose-forex.com\/sr\/wp-json\/wp\/v2\/comments\/?post=662"}],"version-history":[{"count":0,"href":"https:\/\/choose-forex.com\/sr\/wp-json\/wp\/v2\/pages\/662\/revisions\/"}],"wp:attachment":[{"href":"https:\/\/choose-forex.com\/sr\/wp-json\/wp\/v2\/media\/?parent=662"}],"wp:term":[{"taxonomy":"post_tag","embeddable":true,"href":"https:\/\/choose-forex.com\/sr\/wp-json\/wp\/v2\/tags\/?post=662"}],"curies":[{"name":"wp","href":"https:\/\/api.w.org\/{rel}","templated":true}]}}