{"id":689,"date":"2012-05-13T04:30:46","date_gmt":"2012-05-13T04:30:46","guid":{"rendered":"http:\/\/wp1.choose-forex.com\/?p=689"},"modified":"2016-03-24T09:07:12","modified_gmt":"2016-03-24T09:07:12","slug":"tabela-poredenja-brokera","status":"publish","type":"page","link":"https:\/\/choose-forex.com\/sr\/2-biranje-brokera\/tabela-poredenja-brokera\/","title":{"rendered":"Tabela pore\u0111enja brokera"},"content":{"rendered":"<p>&nbsp;<\/p>\n<table style=\"width: 689px; height: 1017px;\" border=\"1\" cellspacing=\"1\" cellpadding=\"1\">\n<tbody>\n<tr>\n<td class=\"rtecenter\" style=\"width: 109px; text-align: center;\"><span style=\"font-size: 12px;\"><strong>Broker<\/strong><\/span><\/td>\n<td class=\"rtecenter\" style=\"width: 76px; text-align: center;\"><a href=\"http:\/\/www.saxobank.com\/\" target=\"_blank\"><strong><u>Saxo Bank<\/u><\/strong><\/a><\/td>\n<td class=\"rtecenter\" style=\"width: 59px; text-align: center;\"><a href=\"http:\/\/www.plus500.com\/?ncr=True\" target=\"_blank\"><strong><u>Plus500<\/u><\/strong><\/a><\/td>\n<td class=\"rtecenter\" style=\"width: 60px; text-align: center;\"><a href=\"http:\/\/www.etoro.com\" target=\"_blank\"><strong><u>eToro<\/u><\/strong><\/a><\/td>\n<td class=\"rtecenter\" style=\"width: 69px; text-align: center;\"><a href=\"http:\/\/www.easy-forex.com\/\" target=\"_blank\"><strong>Easy Forex<\/strong><\/a><\/td>\n<td class=\"rtecenter\" style=\"width: 65px; text-align: center;\"><a href=\"http:\/\/www.alpari.co.uk\/\" target=\"_blank\"><u><strong>Alpari UK<\/strong><\/u><\/a><\/td>\n<td class=\"rtecenter\" style=\"width: 81px; text-align: center;\"><a href=\"http:\/\/www.markets.com\/\" target=\"_blank\"><strong>Markets.com<\/strong><\/a><\/td>\n<td class=\"rtecenter\" style=\"width: 103px; text-align: center;\"><a href=\"http:\/\/www.avafx.com\/\" target=\"_blank\"><strong>AVAFX<\/strong><\/a><\/td>\n<td class=\"rtecenter\" style=\"width: 30px; text-align: center;\"><a href=\"http:\/\/www.fxcm.com\/\" target=\"_blank\"><strong>FXCM<\/strong><\/a><\/td>\n<\/tr>\n<tr>\n<td style=\"width: 109px; text-align: center;\"><span style=\"font-size: 12px;\"><strong>Sedi\u0161te:<\/strong><\/span><\/td>\n<td style=\"width: 76px; text-align: center;\"><span style=\"font-size: 12px;\">Kopenhagen, Danska<\/span><\/td>\n<td style=\"width: 59px; text-align: center;\"><span style=\"font-size: 12px;\">London, Velika Britanija<\/span><\/td>\n<td style=\"width: 60px; text-align: center;\"><span style=\"font-size: 12px;\">Kipar<\/span><\/td>\n<td style=\"width: 69px; text-align: center;\"><span style=\"font-size: 12px;\">Limasol, Kipar<\/span><\/td>\n<td style=\"width: 65px; text-align: center;\"><span style=\"font-size: 12px;\">London, Velika Britanija<\/span><\/td>\n<td style=\"width: 81px; text-align: center;\">Kipar<\/td>\n<td style=\"width: 103px; text-align: center;\">Dablin, Irska<\/td>\n<td style=\"width: 30px; text-align: center;\"><span style=\"font-size: 12px;\">Njujork, SAD<\/span><\/td>\n<\/tr>\n<tr>\n<td style=\"width: 109px; text-align: center;\"><span style=\"font-size: 12px;\"><strong>Tako\u0111e ima predstavni\u0161tva u:<\/strong><\/span><\/td>\n<td style=\"width: 76px; text-align: center;\"><span style=\"font-size: 12px;\">London, Singapur, Tokio<\/span><\/td>\n<td style=\"width: 59px; text-align: center;\"><span style=\"font-size: 12px;\">&#8211;<\/span><\/td>\n<td style=\"width: 60px; text-align: center;\"><span style=\"font-size: 12px;\">Sidnej &#8211; Australija, Njujork &#8211; SAD<\/span><\/td>\n<td style=\"width: 69px; text-align: center;\"><span style=\"font-size: 12px;\">Melburn, Australija, Njujork, SAD<\/span><\/td>\n<td style=\"width: 65px; text-align: center;\"><span style=\"font-size: 12px;\">Njujork, \u0160angaj, Tokio, Dubai, Mumbai i Frankfurt.<\/span><\/td>\n<td style=\"width: 81px; text-align: center;\"><span style=\"font-size: 12px;\">VB, Francuska, Italija, \u0160panija, Holandija, Nema\u010dka, \u0160vedska, Danska, Ma\u0111arska<\/span><\/td>\n<td style=\"width: 103px; text-align: center;\"><span style=\"font-size: 12px;\">Britanska Devi\u010danska Ostrva, Australija, Japan<\/span><\/td>\n<td style=\"width: 30px; text-align: center;\"><span style=\"font-size: 12px;\">London, Hongkong i Tokio<\/span><\/td>\n<\/tr>\n<tr>\n<td style=\"width: 109px; text-align: center;\"><span style=\"font-size: 12px;\"><strong>Posluje od:<\/strong><\/span><\/td>\n<td style=\"width: 76px; text-align: center;\"><span style=\"font-size: 12px;\">1992<\/span><\/td>\n<td style=\"width: 59px; text-align: center;\"><span style=\"font-size: 12px;\">2008<\/span><\/td>\n<td style=\"width: 60px; text-align: center;\"><span style=\"font-size: 12px;\">2007<\/span><\/td>\n<td style=\"width: 69px; text-align: center;\"><span style=\"font-size: 12px;\">2003<\/span><\/td>\n<td style=\"width: 65px; text-align: center;\"><span style=\"font-size: 12px;\">1998<\/span><\/td>\n<td style=\"width: 81px; text-align: center;\"><span style=\"font-size: 12px;\">2008<\/span><\/td>\n<td style=\"width: 103px; text-align: center;\"><span style=\"font-size: 12px;\">2006<\/span><\/td>\n<td style=\"width: 30px; text-align: center;\"><span style=\"font-size: 12px;\">1999.<\/span><\/td>\n<\/tr>\n<tr>\n<td style=\"width: 109px; text-align: center;\"><span style=\"font-size: 12px;\"><strong>Odobrenja:<\/strong><\/span><\/td>\n<td style=\"width: 76px; text-align: center;\"><span style=\"font-size: 12px;\">Saxo Banka je u potpunosti odobrena banka u Danskoj<\/span><\/td>\n<td style=\"width: 59px; text-align: center;\"><span style=\"font-size: 12px;\">VB: <strong><a href=\"http:\/\/www.fsa.gov.uk\/\" target=\"_blank\">FSA<\/a><\/strong> Registarski broj 509909<\/span><\/td>\n<td style=\"width: 60px; text-align: center;\"><span style=\"font-size: 12px;\">Kipar: CySEC &#8211; 109\/10<\/span><\/p>\n<p><span style=\"font-size: 12px;\">SAD: NFA (0382918 eToro USA)<\/span><\/p>\n<p><span style=\"font-size: 12px;\">Australija: AFSL 335692.<\/span><\/td>\n<td style=\"width: 69px; text-align: center;\"><span style=\"font-size: 12px;\">Kipar: CySEC <span id=\"dnn_ctr11833_ViewCmsItem_lstContent_ctl00_lblContent\" class=\"Normal\">079\/07<\/span><\/span><\/p>\n<p><span style=\"font-size: 12px;\">Australija: ASIC AFSL <span id=\"dnn_ctr11833_ViewCmsItem_lstContent_ctl00_lblContent\" class=\"Normal\">246566<\/span><\/span><\/p>\n<p><span style=\"font-size: 12px;\">SAD: CTFC &amp; NFA<\/span><\/td>\n<td style=\"width: 65px; text-align: center;\"><span style=\"font-size: 12px;\">FSA Registarski broj 448002<\/span><\/td>\n<td style=\"width: 81px; text-align: center;\"><span style=\"font-size: 12px;\">Velika Britanija &#8211; FSA, Francuska &#8211; BDF, Italija &#8211; CONSOB, \u0160panija &#8211; CNMV, Holandija &#8211; AFM, Nema\u010dka &#8211; BAFIN, \u0160vedska &#8211; FI, Danska &#8211; The Danish FSA, Ma\u0111arska- PSZAF<\/span><\/td>\n<td style=\"width: 103px; text-align: center;\"><span style=\"font-size: 12px;\">Central Bank of Ireland (reference no. C53877), Australian Securities&amp;Investments Commission (License No.406684), British Virgin Islands Financial(regulation is pending) Services Commission, Financial Services Agency (License1662), Financial Futures Association of Japan (License no 1574), Commodities Futures Association of Japan<\/span><\/td>\n<td style=\"width: 30px; text-align: center;\"><span style=\"font-size: 12px;\">USA: NFA (0308179), registrovan FCM sa CFTC<br \/>\nUK: FSA (217689)<br \/>\nHong Kong: SFC (CE: AIM232)<\/span><\/td>\n<\/tr>\n<tr>\n<td style=\"width: 109px; text-align: center;\"><span style=\"font-size: 12px;\"><strong>Odvojeni ra\u010duni klijenta:<\/strong><\/span><\/td>\n<td style=\"width: 76px; text-align: center;\"><span style=\"font-size: 12px;\">Saxo banka je \u010dlanica Fonda osiguranja depozita, i ako ode u bankrot, sredstva klijenta su zagarantovana sve do 100.000 EUR<\/span>A<\/td>\n<td style=\"width: 59px; text-align: center;\"><span style=\"font-size: 12px;\">Da<\/span><\/td>\n<td style=\"width: 60px; text-align: center;\">Da<\/td>\n<td style=\"width: 69px; text-align: center;\">Da<\/td>\n<td style=\"width: 65px; text-align: center;\">Da<\/td>\n<td style=\"width: 81px; text-align: center;\">Da<\/td>\n<td style=\"width: 103px; text-align: center;\">Da<\/td>\n<td style=\"width: 30px; text-align: center;\"><span style=\"font-size: 12px;\">Da<\/span><\/td>\n<\/tr>\n<tr>\n<td style=\"width: 109px; text-align: center;\"><span style=\"font-size: 12px;\"><strong>Prihvata US trejdere:<\/strong><\/span><\/td>\n<td style=\"width: 76px; text-align: center;\"><span style=\"font-size: 12px;\">Da<\/span><\/td>\n<td style=\"width: 59px; text-align: center;\"><span style=\"font-size: 12px;\">&#8211;<\/span><\/td>\n<td style=\"width: 60px; text-align: center;\"><span style=\"font-size: 12px;\">Da (eToro USA)<\/span><\/td>\n<td style=\"width: 69px; text-align: center;\"><span style=\"font-size: 12px;\">Da (Easy Forex US)<\/span><\/td>\n<td style=\"width: 65px; text-align: center;\"><span style=\"font-size: 12px;\">Da (<a href=\"http:\/\/www.alpari-us.com\/#2\" target=\"_blank\"><strong>Alpari US<\/strong><\/a>)<\/span><\/td>\n<td style=\"width: 81px; text-align: center;\"><span style=\"font-size: 12px;\">&#8211;<\/span><\/td>\n<td style=\"width: 103px; text-align: center;\"><span style=\"font-size: 12px;\">Ne<\/span><\/td>\n<td style=\"width: 30px; text-align: center;\"><span style=\"font-size: 12px;\">Da<\/span><\/td>\n<\/tr>\n<tr>\n<td style=\"width: 109px; text-align: center;\"><span style=\"font-size: 12px;\"><strong>Web Platforma<\/strong><\/span><\/td>\n<td style=\"width: 76px; text-align: center;\"><span style=\"font-size: 12px;\">Saxo Web Trader<\/span><\/td>\n<td style=\"width: 59px; text-align: center;\"><span style=\"font-size: 12px;\">Plus500 Web Trader<\/span><\/td>\n<td style=\"width: 60px; text-align: center;\"><span style=\"font-size: 12px;\">eToro Web Trader<\/span><\/td>\n<td style=\"width: 69px; text-align: center;\"><span style=\"font-size: 12px;\">Web Trading<\/span><\/td>\n<td style=\"width: 65px; text-align: center;\"><span style=\"font-size: 12px;\">Nije dostupna<\/span><\/td>\n<td style=\"width: 81px; text-align: center;\"><span style=\"font-size: 12px;\">Market Web Trader, Market Java Trader<\/span><\/td>\n<td style=\"width: 103px; text-align: center;\"><span style=\"font-size: 12px;\">AvaJava<\/span><\/td>\n<td style=\"width: 30px; text-align: center;\"><span style=\"font-size: 12px;\">FXCM ActiveTrader, Java Trading Station (za Mac korisnike)<\/span><\/td>\n<\/tr>\n<tr>\n<td style=\"width: 109px; text-align: center;\"><span style=\"font-size: 12px;\"><strong>Platforma za preuzimanje<\/strong><\/span><\/td>\n<td style=\"width: 76px; text-align: center;\"><span style=\"font-size: 12px;\">Saxo Trader<\/span><\/td>\n<td style=\"width: 59px; text-align: center;\"><span style=\"font-size: 12px;\">Plus500 Trading Software<\/span><\/td>\n<td style=\"width: 60px; text-align: center;\"><span style=\"font-size: 12px;\">eToro Open Book<\/span><\/p>\n<p><span style=\"font-size: 12px;\">MT4 za &#8220;posebne korisnike&#8221;<\/span><\/td>\n<td style=\"width: 69px; text-align: center;\"><span style=\"font-size: 12px;\">MetaTrader 4 (MT4), Trade Desk (sa malim aplikacijama, pa mo\u017eete da kreirate li\u010dni Izgled)<\/span><\/td>\n<td style=\"width: 65px; text-align: center;\"><span style=\"font-size: 12px;\">Metatrader 4, Metatrader 5, Alpari Direct, Alpari Direct PRO (uz Currenex)<\/span><\/td>\n<td style=\"width: 81px; text-align: center;\"><span style=\"font-size: 12px;\">MetaTrader 4 (MT4), Market Trader<\/span><\/td>\n<td style=\"width: 103px; text-align: center;\"><span style=\"font-size: 12px;\">AvaFX Metatrader 4 (MT4), AvaTrader (ActTrader)<\/span><\/td>\n<td style=\"width: 30px; text-align: center;\"><span style=\"font-size: 12px;\">FXCM Trading Station 2.0, FXCM MetaTrader 4 (MT4)<\/span><\/td>\n<\/tr>\n<tr>\n<td style=\"width: 109px; text-align: center;\"><span style=\"font-size: 12px;\"><strong>Spredovi<\/strong><\/span><\/td>\n<td style=\"width: 76px; text-align: center;\"><span style=\"font-size: 12px;\">Varijabilni<\/span><\/td>\n<td style=\"width: 59px; text-align: center;\"><span style=\"font-size: 12px;\">Fiksni<\/span><\/td>\n<td style=\"width: 60px; text-align: center;\"><span style=\"font-size: 12px;\">Fiksni<\/span><\/td>\n<td style=\"width: 69px; text-align: center;\"><span style=\"font-size: 12px;\">Fiksni (ali se mogu menjati kada tr\u017ei\u0161te nije aktivno)<\/span><\/td>\n<td style=\"width: 65px; text-align: center;\"><span style=\"font-size: 12px;\">Varijabilni<\/span><\/td>\n<td style=\"width: 81px; text-align: center;\"><span style=\"font-size: 12px;\">Mo\u017eete odabrati fiksne ili varijabilne<\/span><\/td>\n<td style=\"width: 103px; text-align: center;\"><span style=\"font-size: 12px;\">Fiksni (pod normalnim uslovima tr\u017ei\u0161ta)<\/span><\/td>\n<td style=\"width: 30px; text-align: center;\"><span style=\"font-size: 12px;\">Varijabilni<\/span><\/td>\n<\/tr>\n<tr>\n<td style=\"width: 109px; text-align: center;\"><span style=\"font-size: 12px;\"><strong>Garantovanje prekida gubitka<\/strong><\/span><\/td>\n<td style=\"width: 76px; text-align: center;\"><span style=\"font-size: 12px;\">Nalozi se izvr\u0161avaju po najboljoj dostupnoj ceni<\/span><\/td>\n<td style=\"width: 59px; text-align: center;\"><span style=\"font-size: 12px;\">Nalozi se izvr\u0161avaju po najboljoj dostupnoj ceni<\/span><\/td>\n<td style=\"width: 60px; text-align: center;\"><span style=\"font-size: 12px;\">Da<\/span><\/td>\n<td style=\"width: 69px; text-align: center;\"><span style=\"font-size: 12px;\">Da, na Web Trading-u.<\/span><\/p>\n<p><span style=\"font-size: 12px;\">Na MT4, <\/span><span style=\"font-size: 12px;\">nalozi se izvr\u0161avaju po najboljoj dostupnoj ceni<\/span><\/td>\n<td style=\"width: 65px; text-align: center;\"><span style=\"font-size: 12px;\">Nalozi se izvr\u0161avaju po najboljoj dostupnoj ceni<\/span><\/td>\n<td style=\"width: 81px; text-align: center;\"><span style=\"font-size: 12px;\">Nalozi se izvr\u0161avaju po najboljoj dostupnoj ceni<\/span><\/td>\n<td style=\"width: 103px; text-align: center;\"><span style=\"font-size: 12px;\">Nalozi se izvr\u0161avaju po najboljoj dostupnoj ceni<\/span><\/td>\n<td style=\"width: 30px; text-align: center;\"><span style=\"font-size: 12px;\">Nalozi se izvr\u0161avaju po najboljoj dostupnoj ceni<\/span><\/td>\n<\/tr>\n<tr>\n<td style=\"width: 109px; text-align: center;\"><span style=\"font-size: 12px;\"><strong>Pra\u0107enje prekida gubitka<\/strong><\/span><\/td>\n<td style=\"width: 76px; text-align: center;\"><span style=\"font-size: 12px;\">Od strane servera<\/span><\/td>\n<td style=\"width: 59px; text-align: center;\"><span style=\"font-size: 12px;\">Dostupno<\/span><\/td>\n<td style=\"width: 60px; text-align: center;\"><span style=\"font-size: 12px;\">Nije dostupno<\/span><\/td>\n<td style=\"width: 69px; text-align: center;\"><span style=\"font-size: 12px;\">Od strane klijenta<\/span><\/td>\n<td style=\"width: 65px; text-align: center;\"><span style=\"font-size: 12px;\">Od strane klijenta<\/span><\/td>\n<td style=\"width: 81px; text-align: center;\">Od strane klijenta<\/td>\n<td style=\"width: 103px; text-align: center;\">Od strane servera<\/td>\n<td style=\"width: 30px; text-align: center;\"><span style=\"font-size: 12px;\">Od strane servera<\/span><\/td>\n<\/tr>\n<tr>\n<td style=\"width: 109px; text-align: center;\"><span style=\"font-size: 12px;\"><strong>Skalpovanje<\/strong><\/span><\/td>\n<td style=\"width: 76px; text-align: center;\"><span style=\"font-size: 12px;\">Omogu\u0107eno<\/span><\/td>\n<td style=\"width: 59px; text-align: center;\">Omogu\u0107eno<\/td>\n<td style=\"width: 60px; text-align: center;\">Nije omogu\u0107eno<\/td>\n<td style=\"width: 69px; text-align: center;\"><span style=\"font-size: 12px;\">Omogu\u0107eno<\/span><\/td>\n<td style=\"width: 65px; text-align: center;\">Omogu\u0107eno<\/td>\n<td style=\"width: 81px; text-align: center;\">Omogu\u0107eno<\/td>\n<td style=\"width: 103px; text-align: center;\">Omogu\u0107eno<\/td>\n<td style=\"width: 30px; text-align: center;\"><span style=\"font-size: 12px;\">Omogu\u0107eno<\/span><\/td>\n<\/tr>\n<tr>\n<td style=\"width: 109px; text-align: center;\"><span style=\"font-size: 12px;\"><strong>Hed\u017eing<\/strong><\/span><\/td>\n<td style=\"width: 76px; text-align: center;\"><span style=\"font-size: 12px;\">Omogu\u0107en<\/span><\/td>\n<td style=\"width: 59px; text-align: center;\"><span style=\"font-size: 12px;\">&#8211;<\/span><\/td>\n<td style=\"width: 60px; text-align: center;\"><span style=\"font-size: 12px;\">Omogu\u0107en<\/span><\/td>\n<td style=\"width: 69px; text-align: center;\"><span style=\"font-size: 12px;\">Omogu\u0107en<\/span><\/td>\n<td style=\"width: 65px; text-align: center;\"><span style=\"font-size: 12px;\">Omogu\u0107en<\/span><\/td>\n<td style=\"width: 81px; text-align: center;\"><span style=\"font-size: 12px;\">&#8211;<\/span><\/td>\n<td style=\"width: 103px; text-align: center;\"><span style=\"font-size: 12px;\">Omogu\u0107en<\/span><\/td>\n<td style=\"width: 30px; text-align: center;\"><span style=\"font-size: 12px;\">Nije omogu\u0107en<\/span><\/td>\n<\/tr>\n<tr>\n<td style=\"width: 109px; text-align: center;\"><span style=\"font-size: 12px;\"><strong>OCO nalozi<\/strong><\/span><\/td>\n<td style=\"width: 76px; text-align: center;\"><span style=\"font-size: 12px;\">Dostupni<\/span><\/td>\n<td style=\"width: 59px; text-align: center;\"><span style=\"font-size: 12px;\">&#8211;<\/span><\/td>\n<td style=\"width: 60px; text-align: center;\"><span style=\"font-size: 12px;\">Nisu dostupni<\/span><\/td>\n<td style=\"width: 69px; text-align: center;\"><span style=\"font-size: 12px;\">Nisu dostupni<\/span><\/td>\n<td style=\"width: 65px; text-align: center;\"><span style=\"font-size: 12px;\">Nisu dostupni<\/span><\/td>\n<td style=\"width: 81px; text-align: center;\">Dostupni<\/td>\n<td style=\"width: 103px; text-align: center;\">Dostupni<\/td>\n<td style=\"width: 30px; text-align: center;\"><span style=\"font-size: 12px;\">Dostupni<\/span><\/td>\n<\/tr>\n<tr>\n<td style=\"width: 109px; text-align: center;\"><span style=\"font-size: 12px;\"><strong>Demo ra\u010dun<\/strong><\/span><\/td>\n<td style=\"width: 76px; text-align: center;\"><span style=\"font-size: 12px;\">Da &#8211; <strong><a href=\"http:\/\/www.saxobank.com\/education?int_cmpid=c1012_Link_Demo_Account\" target=\"_blank\">Otvori demo ra\u010dun<\/a><\/strong><\/span><\/td>\n<td style=\"width: 59px; text-align: center;\"><span style=\"font-size: 12px;\">Da &#8211; <strong><a href=\"http:\/\/www.saxobank.com\/education?int_cmpid=c1012_Link_Demo_Account\" target=\"_blank\">Otvori demo ra\u010dun<\/a><\/strong><\/span><\/td>\n<td style=\"width: 60px; text-align: center;\"><span style=\"font-size: 12px;\">Da &#8211; <strong><a href=\"http:\/\/www.saxobank.com\/education?int_cmpid=c1012_Link_Demo_Account\" target=\"_blank\">Otvori demo ra\u010dun<\/a><\/strong><\/span><\/td>\n<td style=\"width: 69px; text-align: center;\"><span style=\"font-size: 12px;\">Da &#8211; <strong><a href=\"http:\/\/www.saxobank.com\/education?int_cmpid=c1012_Link_Demo_Account\" target=\"_blank\">Otvori demo ra\u010dun<\/a><\/strong><\/span><\/td>\n<td style=\"width: 65px; text-align: center;\"><span style=\"font-size: 12px;\">Da &#8211; <strong><a href=\"http:\/\/www.saxobank.com\/education?int_cmpid=c1012_Link_Demo_Account\" target=\"_blank\">Otvori demo ra\u010dun<\/a><\/strong><\/span><\/td>\n<td style=\"width: 81px; text-align: center;\"><span style=\"font-size: 12px;\">Da &#8211; <strong><a href=\"http:\/\/www.saxobank.com\/education?int_cmpid=c1012_Link_Demo_Account\" target=\"_blank\">Otvori demo ra\u010dun<\/a><\/strong><\/span><\/td>\n<td style=\"width: 103px; text-align: center;\"><span style=\"font-size: 12px;\">Da &#8211; <strong><a href=\"http:\/\/www.saxobank.com\/education?int_cmpid=c1012_Link_Demo_Account\" target=\"_blank\">Otvori demo ra\u010dun<\/a><\/strong><\/span><\/td>\n<td style=\"width: 30px; text-align: center;\"><a href=\"http:\/\/www.saxobank.com\/education?int_cmpid=c1012_Link_Demo_Account\" target=\"_blank\"><span style=\"font-size: 12px;\">Da &#8211; <\/span><\/a><strong><a href=\"http:\/\/www.saxobank.com\/education?int_cmpid=c1012_Link_Demo_Account\" target=\"_blank\">Otvori demo ra\u010dun<\/a><\/strong><\/td>\n<\/tr>\n<tr>\n<td style=\"width: 109px; text-align: center;\"><span style=\"font-size: 12px;\"><strong>Tipovi pravih ra\u010duna<\/strong><\/span><\/td>\n<td style=\"width: 76px; text-align: center;\"><span style=\"font-size: 12px;\">Classic &#8211; Najmanji depozit &#8211; 2.000 USD<\/span><\/p>\n<p><span style=\"font-size: 12px;\">Premium &#8211; Najmanji depozit &#8211; 100.000 USD<\/span><\/p>\n<p><span style=\"font-size: 12px;\">Platinum &#8211; <\/span><span style=\"font-size: 12px;\">Najmanji depozit <\/span><span style=\"font-size: 12px;\"> &#8211; 500.000 USD<\/span><\/p>\n<p><span style=\"font-size: 12px;\"><a href=\"http:\/\/www.saxobank.com\/iit-dcf\/open-account\" target=\"_blank\"><strong>Otvori pravi ra\u010dun<\/strong><\/a><\/span><\/td>\n<td style=\"width: 59px; text-align: center;\"><span style=\"font-size: 12px;\">Najmanji depozit &#8211; 60 USD<\/span><\/p>\n<p><span style=\"font-size: 12px;\"><a href=\"http:\/\/www.saxobank.com\/iit-dcf\/open-account\" target=\"_blank\"><strong>Otvori pravi ra\u010dun<\/strong><\/a><\/span><\/td>\n<td style=\"width: 60px; text-align: center;\"><span style=\"font-size: 12px;\">Najmanji depozit\u00a0 <\/span><span style=\"font-size: 12px;\">50 USD.<\/span><\/p>\n<p><span style=\"font-size: 12px;\">Va\u0161 ra\u010dun mo\u017ee da raste na osnovu sume trgovine, od Bronzanog, preko Srebrnog, zatim Zlatnog, sve do VIP<\/span><\/p>\n<p><span style=\"font-size: 12px;\"><a href=\"http:\/\/www.saxobank.com\/iit-dcf\/open-account\" target=\"_blank\"><strong>Otvori pravi ra\u010dun<\/strong><\/a><\/span><\/td>\n<td style=\"width: 69px; text-align: center;\"><span style=\"font-size: 12px;\">Mini &#8211; <\/span><span style=\"font-size: 12px;\">Najmanji depozit <\/span><span style=\"font-size: 12px;\">25 USD<\/span><\/p>\n<p><span style=\"font-size: 12px;\">Gold &#8211; <\/span><span style=\"font-size: 12px;\">Najmanji depozit <\/span><span style=\"font-size: 12px;\"> &#8211; 500 USD<\/span><\/p>\n<p><span style=\"font-size: 12px;\">Platinum &#8211; <\/span><span style=\"font-size: 12px;\">Najmanji depozit <\/span><span style=\"font-size: 12px;\"> &#8211; 5.000 USD<\/span><\/p>\n<p><span style=\"font-size: 12px;\">Vip &#8211; <\/span><span style=\"font-size: 12px;\">Najmanji depozit <\/span><span style=\"font-size: 12px;\"> &#8211; 10.000 USD<\/span><\/p>\n<p><span style=\"font-size: 12px;\"><a href=\"http:\/\/www.saxobank.com\/iit-dcf\/open-account\" target=\"_blank\"><strong>Otvori pravi ra\u010dun<\/strong><\/a><\/span><\/td>\n<td style=\"width: 65px; text-align: center;\"><span style=\"font-size: 12px;\">Micro &#8211; <\/span><span style=\"font-size: 12px;\">Najmanji depozit <\/span><span style=\"font-size: 12px;\"> &#8211; 200USD<\/span><\/p>\n<p><span style=\"font-size: 12px;\">Classic &#8211; <\/span><span style=\"font-size: 12px;\">Najmanji depozit <\/span><span style=\"font-size: 12px;\"> &#8211; 500USD<\/span><\/p>\n<p><span style=\"font-size: 12px;\">Pro &#8211; <\/span><span style=\"font-size: 12px;\">Najmanji depozit <\/span><span style=\"font-size: 12px;\"> &#8211; 10.000USD<\/span><\/p>\n<p><span style=\"font-size: 12px;\"><a href=\"http:\/\/www.saxobank.com\/iit-dcf\/open-account\" target=\"_blank\"><strong>Otvori pravi ra\u010dun<\/strong><\/a><\/span><\/td>\n<td style=\"width: 81px; text-align: center;\"><span style=\"font-size: 12px;\">Veli\u010dina 1Lota &#8211; 100.000<\/span><\/p>\n<p><span style=\"font-size: 12px;\">Najmanji obim transakcije &#8211; 0.01 Lota<\/span><\/p>\n<p><span style=\"font-size: 12px;\"><a href=\"http:\/\/www.saxobank.com\/iit-dcf\/open-account\" target=\"_blank\"><strong>Otvori pravi ra\u010dun<\/strong><\/a><\/span><\/td>\n<td style=\"width: 103px; text-align: center;\"><span style=\"font-size: 12px;\">Silver\u00a0 &#8211; Najmanji\/Najve\u0107i depozit 100USD\/999USD<\/span><\/p>\n<p><span style=\"font-size: 12px;\">Gold &#8211; <\/span><span style=\"font-size: 12px;\">Najmanji\/Najve\u0107i depozit <\/span><span style=\"font-size: 12px;\"> &#8211; 1.000USD\/9.999USD<\/span><\/p>\n<p><span style=\"font-size: 12px;\">Platinum &#8211; <\/span><span style=\"font-size: 12px;\">Najmanji\/Najve\u0107i depozit <\/span><span style=\"font-size: 12px;\">&#8211; 10.000USD\/unlimited<\/span><\/p>\n<p><span style=\"font-size: 12px;\"><a href=\"http:\/\/www.saxobank.com\/iit-dcf\/open-account\" target=\"_blank\"><strong>Otvori pravi ra\u010dun<\/strong><\/a><\/span><\/td>\n<td style=\"width: 30px; text-align: center;\"><span style=\"font-size: 12px;\">Metatrader &#8211; Najmanji depozit 2.000 USD<\/span><\/p>\n<p><span style=\"font-size: 12px;\">Micro &#8211; <\/span><span style=\"font-size: 12px;\">Najmanji depozit <\/span><span style=\"font-size: 12px;\">&#8211; 50 USD<\/span><\/p>\n<p><span style=\"font-size: 12px;\">Active Trader &#8211; <\/span><span style=\"font-size: 12px;\">Najmanji depozit <\/span><span style=\"font-size: 12px;\"> &#8211; 50.000 USD<\/span><\/p>\n<p><span style=\"font-size: 12px;\"><a href=\"http:\/\/www.saxobank.com\/iit-dcf\/open-account\" target=\"_blank\"><strong>Otvori pravi ra\u010dun<\/strong><\/a><\/span><\/td>\n<\/tr>\n<\/tbody>\n<\/table>\n","protected":false},"excerpt":{"rendered":"<p>&nbsp; Broker Saxo Bank Plus500 eToro Easy Forex Alpari UK Markets.com AVAFX FXCM Sedi\u0161te: Kopenhagen, Danska London, Velika Britanija Kipar Limasol, Kipar London, Velika Britanija Kipar Dablin, Irska Njujork, SAD&hellip;<\/p>\n","protected":false},"author":1,"featured_media":0,"parent":695,"menu_order":0,"comment_status":"open","ping_status":"open","template":"","meta":[],"tags":[],"_links":{"self":[{"href":"https:\/\/choose-forex.com\/sr\/wp-json\/wp\/v2\/pages\/689\/"}],"collection":[{"href":"https:\/\/choose-forex.com\/sr\/wp-json\/wp\/v2\/pages\/"}],"about":[{"href":"https:\/\/choose-forex.com\/sr\/wp-json\/wp\/v2\/types\/page\/"}],"author":[{"embeddable":true,"href":"https:\/\/choose-forex.com\/sr\/wp-json\/wp\/v2\/users\/1\/"}],"replies":[{"embeddable":true,"href":"https:\/\/choose-forex.com\/sr\/wp-json\/wp\/v2\/comments\/?post=689"}],"version-history":[{"count":2,"href":"https:\/\/choose-forex.com\/sr\/wp-json\/wp\/v2\/pages\/689\/revisions\/"}],"predecessor-version":[{"id":7817,"href":"https:\/\/choose-forex.com\/sr\/wp-json\/wp\/v2\/pages\/689\/revisions\/7817\/"}],"up":[{"embeddable":true,"href":"https:\/\/choose-forex.com\/sr\/wp-json\/wp\/v2\/pages\/695\/"}],"wp:attachment":[{"href":"https:\/\/choose-forex.com\/sr\/wp-json\/wp\/v2\/media\/?parent=689"}],"wp:term":[{"taxonomy":"post_tag","embeddable":true,"href":"https:\/\/choose-forex.com\/sr\/wp-json\/wp\/v2\/tags\/?post=689"}],"curies":[{"name":"wp","href":"https:\/\/api.w.org\/{rel}","templated":true}]}}