{"id":747,"date":"2012-05-09T01:50:25","date_gmt":"2012-05-09T01:50:25","guid":{"rendered":"http:\/\/wp1.choose-forex.com\/?p=747"},"modified":"2016-03-21T11:17:00","modified_gmt":"2016-03-21T11:17:00","slug":"saxo-bank-pregled","status":"publish","type":"page","link":"https:\/\/choose-forex.com\/sr\/saxo-bank-pregled\/","title":{"rendered":"Saxo Bank pregled"},"content":{"rendered":"<p style=\"text-align: justify;\">Saxo se isti\u010de svojom izuzetnom ponudom koja prevazilazi ve\u0107i deo konkurencije. Nude sve vrste finansijskih proizvoda, uklju\u010duju\u0107i forex, ETF-ove i opcije. Ali trgovce \u0107e najverovatnije interesovati preko 160 valutnih parova u njihovoj ponudi, sa vrlo niskim spredovima, ogromnim levrid\u017eom i likvidno\u0161\u0107u bez predsedana. Postoji i vi\u0161e od 40 razli\u010ditih foreks opcija, \u0161to vanila \u0161to binarni. Svaki Saxo trejder se mo\u017ee osloniti na jednu od njihovih brojnih ispostava \u0161irom sveta uklju\u010duju\u0107i i London, Madrid, Tokijo, Singapur i Pariz.<\/p>\n<p style=\"text-align: justify;\"><img loading=\"lazy\" class=\"aligncenter wp-image-7757 size-full\" title=\"Saxo trading\" src=\"http:\/\/choose-forex.com\/wp-content\/uploads\/2012\/05\/Saxo-SErbian.png\" alt=\"Saxo trading\" width=\"680\" height=\"247\" srcset=\"https:\/\/choose-forex.com\/wp-content\/uploads\/2012\/05\/Saxo-SErbian.png 680w, https:\/\/choose-forex.com\/wp-content\/uploads\/2012\/05\/Saxo-SErbian-300x109.png 300w, https:\/\/choose-forex.com\/wp-content\/uploads\/2012\/05\/Saxo-SErbian-250x91.png 250w, https:\/\/choose-forex.com\/wp-content\/uploads\/2012\/05\/Saxo-SErbian-150x54.png 150w\" sizes=\"(max-width: 680px) 100vw, 680px\" \/><\/p>\n<h2 style=\"text-align: justify;\">Saxo Tipovi Naloga<\/h2>\n<p style=\"text-align: justify;\">Tri osnovna naloga u ponudi, pored Saxo demo naloga, su slede\u0107a: <strong>Klasik, Premium i Platinum<\/strong>. Glavna razlika je u minimalnom depozitu neophodnom za otvaranje naloga, kao i kod spredova i nivoa korisni\u010dke usluge na raspolaganju.<\/p>\n<p style=\"text-align: justify;\">Saxo demo nalog uklju\u010duje period od 20 dana u kome trgujete sa virtuelnih 100.000 dolara i tako zalazite u detalje forex trgovine. Ina\u010de, nudi iskustvo koje je najbli\u017ee onom stvarnom, a da ne trgujete sa va\u0161im novcem od samog starta.<\/p>\n<p style=\"text-align: justify;\"><strong>Klasik nalog <\/strong>zahteva depozit u iznosu od 2.000 dolara. Za to dobijate pristup platformama Saxo banke, uklju\u010duju\u0107i i Saksotrejder. Ovo je po\u010detni\u010dki nivo, namenjen trgovcima na malo, ukoliko tako ne\u0161to uop\u0161te postoji kada je forex u pitanju. Funkcije su mo\u017eda osnovne, ali i sam neograni\u010dan pristup ogromnom broju forex parova bi trebalo da bude dovoljan dobrom trgovcu.<\/p>\n<p style=\"text-align: justify;\"><strong>Premium nalog<\/strong> je namenjen iskusnijim trgovcima koji cene dodatne privilegije koje idu u paketu, kao \u0161to je li\u010dni menad\u017eer i podnalozi kojima mogu da trguju na nekoliko tr\u017ei\u0161ta svojom omiljenom valutom. Cena? Pa, 100.000 dolara.<\/p>\n<p style=\"text-align: justify;\"><a href=\"http:\/\/www.saxobank.com\/accounts\/trader\" target=\"_blank\"><img loading=\"lazy\" class=\"aligncenter wp-image-7771 size-full\" title=\"Saxo nalog\" src=\"http:\/\/choose-forex.com\/wp-content\/uploads\/2012\/05\/Saxotrader-account-4.png\" alt=\"Saxo nalog\" width=\"250\" height=\"100\" srcset=\"https:\/\/choose-forex.com\/wp-content\/uploads\/2012\/05\/Saxotrader-account-4.png 250w, https:\/\/choose-forex.com\/wp-content\/uploads\/2012\/05\/Saxotrader-account-4-150x60.png 150w\" sizes=\"(max-width: 250px) 100vw, 250px\" \/><\/a><\/p>\n<p style=\"text-align: justify;\">Naravno, oni najposve\u0107eniji, sposobni da iske\u0161iraju pola miliona dolara ili vi\u0161e, mogu da nabave <strong>Platinum nalog<\/strong> \u2013 najvi\u0161i nivo sa najboljim privilegijama i nivoom usluge koji Saxo Banka mo\u017ee da pru\u017ei.<\/p>\n<p style=\"text-align: justify;\">Nijedan od ovih naloga nije ograni\u010den na valute. Svi finansijski proizvodi Saxo banke su na raspolaganju svim njihovim klijentima, bez obzira na okolnosti. I da, forex mobile je uba\u010den za one koji vole da trguju u pokretu. \u010cak i na najni\u017eem nivou klijenti imaju pristup svim platformama Saxo banke: Saksovebtrejder, Saksotrejder, Saksomobajltrejder, Saksotrejder aplikacija \u2013 svi oni na listi omiljenih alatki mudrih forex trgovaca. Plus, vajt lejbel solucija omogu\u0107ava ogromnu infrastrukturu za trgovanje, ra\u0161irenu preko nekoliko platformi, kao i OPEN API \u2013 ni\u0161ta od toga ne sme ostati nepomenuto.<\/p>\n<h2 style=\"text-align: justify;\">Provizije<\/h2>\n<p style=\"text-align: justify;\">Svim forex brokerima treba novac \u2013 obi\u010dno kroz proviziju na njihove usluge \u2013 a Saxo banka nije izuzetak. Me\u0111utim, oni se ponose nekim od najni\u017eih spredova na tr\u017ei\u0161tu. Osim toga, trgovci koji ne dostignu izvestan nivo moraju da plate administrativne tro\u0161kove \u2013 ovo se obi\u010dno obavlja automatski, mada neke male trgovine ne sadr\u017ee dovoljno novca da ih pokriju, pa to mora da se obavlja sa strane. Ovaj podatak se ne ti\u010de platinum \u010dlanova, jer oni trguju na veliko i njihove cene su fleksibilne, dok korisnici klasi naloga stvarno moraju da paze na ovakve stvari. Platforme Saxo banke uklju\u010duju trenutne rolover kurseve, pa svi trgovci imaju uvid u to koliko mogu da zarade (ili izgube) na pojedina\u010dnom poslu i svakom valutnom paru. Uslovi za marginu su niski \u2013 prvih 50,000 evra mogu biti levrid\u017eovani i do 200 puta, plus jo\u0161 100 uz\u00a0dodatni zalog, ali samo za velike parove.<\/p>\n<h2 style=\"text-align: justify;\">Platforma i Korisni\u010dki Centar<\/h2>\n<p style=\"text-align: justify;\">Od svih platformi Sakso banke koje su pomenute, najva\u017enija mora da bude Saksotrejder. Sve one dozvoljavaju pristup brojnim tr\u017ei\u0161tima i funkcijama, uklju\u010duju\u0107i i skriner za deonice, ekonomske kalendare, \u010darting i analizu tr\u017ei\u0161ta. Saksotrejder je osnovna platforma, mo\u017ee se integrisati sa nekoliko drugih kako bi se omogu\u0107ila trgovina preko interneta i mobilnih telefona. Mada je Saksotrejder mogu\u0107e skinuti, Saksovebtrejder nudi pun pristup tr\u017ei\u0161tu bez obzira na to gde se nalazite, sve dok imate pristup internetu. Ina\u010de, aplikacija za mobilni \u0107e vam omogu\u0107iti da trgujete u pokretu. Skidanjem i instalacijom ove aplikacije, trgovci mogu ostati u toku sa razvojem doga\u0111aja \u010dak i u pokretu. Ali saksotrejder i ostale platforme ne bi bile mogu\u0107e bez Trejdmejkera, jedinstvenog softvera koji je omogu\u0107io Saxo banci da preuzme kormilo na forex tr\u017ei\u0161tima i tu i ostane do dana dana\u0161njeg.<\/p>\n<p style=\"text-align: justify;\">\u0160to se ti\u010de korisni\u010dkog servisa, Saxo banka nudi klijentima usluge obu\u010denih profesionalaca u svakom momentu, putem nekoliko brojeva telefona, mejla i li\u010dnih menad\u017eera dostupnih \u010dlanovima na vi\u0161im nivoima. I sve to dostupno u bilo koje doba dana i no\u0107i.<\/p>\n<p style=\"text-align: justify;\">Zvani\u010dan sajt banke mo\u017eete prona\u0107i <strong><a href=\"http:\/\/www.saxobank.com\/\" target=\"_blank\">na slede\u0107em linku<\/a><\/strong>.<\/p>\n","protected":false},"excerpt":{"rendered":"<p>Saxo se isti\u010de svojom izuzetnom ponudom koja prevazilazi ve\u0107i deo konkurencije. Nude sve vrste finansijskih proizvoda, uklju\u010duju\u0107i forex, ETF-ove i opcije. Ali trgovce \u0107e najverovatnije interesovati preko 160 valutnih parova&hellip;<\/p>\n","protected":false},"author":1,"featured_media":0,"parent":0,"menu_order":0,"comment_status":"open","ping_status":"open","template":"","meta":[],"tags":[],"_links":{"self":[{"href":"https:\/\/choose-forex.com\/sr\/wp-json\/wp\/v2\/pages\/747\/"}],"collection":[{"href":"https:\/\/choose-forex.com\/sr\/wp-json\/wp\/v2\/pages\/"}],"about":[{"href":"https:\/\/choose-forex.com\/sr\/wp-json\/wp\/v2\/types\/page\/"}],"author":[{"embeddable":true,"href":"https:\/\/choose-forex.com\/sr\/wp-json\/wp\/v2\/users\/1\/"}],"replies":[{"embeddable":true,"href":"https:\/\/choose-forex.com\/sr\/wp-json\/wp\/v2\/comments\/?post=747"}],"version-history":[{"count":1,"href":"https:\/\/choose-forex.com\/sr\/wp-json\/wp\/v2\/pages\/747\/revisions\/"}],"predecessor-version":[{"id":7785,"href":"https:\/\/choose-forex.com\/sr\/wp-json\/wp\/v2\/pages\/747\/revisions\/7785\/"}],"wp:attachment":[{"href":"https:\/\/choose-forex.com\/sr\/wp-json\/wp\/v2\/media\/?parent=747"}],"wp:term":[{"taxonomy":"post_tag","embeddable":true,"href":"https:\/\/choose-forex.com\/sr\/wp-json\/wp\/v2\/tags\/?post=747"}],"curies":[{"name":"wp","href":"https:\/\/api.w.org\/{rel}","templated":true}]}}