{"id":208,"date":"2012-07-22T04:49:16","date_gmt":"2012-07-22T04:49:16","guid":{"rendered":"http:\/\/wp1.choose-forex.com\/?p=208"},"modified":"2012-07-22T04:49:16","modified_gmt":"2012-07-22T04:49:16","slug":"cac-tin-hieu","status":"publish","type":"page","link":"https:\/\/choose-forex.com\/vi\/cac-tin-hieu\/","title":{"rendered":"C\u00e1c t\u00edn hi\u1ec7u"},"content":{"rendered":"\n<p>T\u00edn hi\u1ec7u ngo\u1ea1i h\u1ed1i l\u00e0 c\u00e1c ch\u1ec9 s\u1ed1 l\u00e3i ho\u1eb7c l\u1ed7 c\u1ee7a b\u1ea1n trong th\u1ecb tr\u01b0\u1eddng giao d\u1ecbch ngo\u1ea1i h\u1ed1i. \u0110\u00e2y l\u00e0 t\u1ec9 gi\u00e1 c\u1ee7a c\u1eb7p ti\u1ec1n t\u1ec7 t\u1ea1i m\u1ed9t \u0111i\u1ec3m th\u1eddi gian quy \u0111\u1ecbnh, d\u1ef1a v\u00e0o c\u00e1c nh\u00e0 \u00a0m\u00f4i gi\u1edbi tr\u00ean to\u00e0n th\u1ebf gi\u1edbi quy\u1ebft \u0111\u1ecbnh giao d\u1ecbch ti\u1ebfp theo c\u1ee7a h\u1ecd. C\u1ea7n m\u1ea5t nhi\u1ec1u n\u0103m t\u1eadp luy\u1ec7n, th\u1ef1c h\u00e0nh v\u00e0 quan s\u00e1t \u0111\u1ec3 suy lu\u1eadn ch\u00ednh x\u00e1c chuy\u1ec3n \u0111\u1ed9ng\u00a0 t\u0103ng ho\u1eb7c gi\u1ea3m theo t\u1ef7 l\u1ec7 tr\u00ean c\u01a1 s\u1edf \u0111\u00f3 b\u1ea1n c\u00f3 th\u1ec3 quy\u1ebft \u0111\u1ecbnh mua ho\u1eb7c b\u00e1n c\u00e1c c\u1eb7p ti\u1ec1n t\u1ec7 c\u1ee7a b\u1ea1n.<\/p>\n<p>T\u00edn hi\u1ec7u tr\u1ef1c ti\u1ebfp x\u1ea3y ra tr\u00ean th\u1ecb tr\u01b0\u1eddng l\u00e0 c\u00f3 s\u1eb5n r\u1ed9ng r\u00e3i tr\u00ean Internet, nh\u01b0ng n\u00f3 th\u01b0\u1eddng l\u00e0 \u0111a d\u1ea1ng v\u00e0 th\u00f4ng b\u00e1o k\u1ecbp th\u1eddi \u0111\u1ebfn b\u1ea1n t\u1ea1o \u0111i\u1ec1u ki\u1ec7n thu\u1eadn l\u1ee3i cho l\u1ee3i nhu\u1eadn trong c\u00e1c giao d\u1ecbch ti\u1ec1n t\u1ec7 c\u1ee7a b\u1ea1n. T\u1ea1 Choose-Forex \u00a0b\u1ea1n s\u1ebd c\u00f3 \u0111\u01b0\u1ee3c c\u1ea3 m\u1ed9t lo\u1ea1t c\u00e1c t\u00edn hi\u1ec7u tr\u1ef1c ti\u1ebfp c\u1eadp nh\u1eadt th\u00f4ng qua c\u00e1c kh\u00f3a h\u1ecdc kh\u00e1c nhau \u0111\u1ec3 giao d\u1ecbch \u0111\u00fang th\u1eddi \u0111i\u1ec3m. M\u1ed9t khi b\u1ea1n \u0111\u00e3 \u0111\u0103ng k\u00fd v\u1edbi Choose-Forex, b\u1ea1n s\u1ebd nh\u1eadn \u0111\u01b0\u1ee3c c\u00e1c b\u1ea3n c\u1eadp nh\u1eadt th\u00f4ng qua trang web c\u1ee7a ch\u00fang t\u00f4i, email, tin nh\u1eafn, RSS v\u00e0 Tweets.<\/p>\n<p>\u0110\u1ed1i v\u1edbi kh\u00e1ch h\u00e0ng \u01b0u ti\u00ean c\u1ee7a ch\u00fang t\u00f4i, ch\u00fang t\u00f4i c\u0169ng c\u00f3 c\u01a1 s\u1edf \u0111\u1ec3 cung c\u1ea5p cho b\u1ea1n ph\u00e2n t\u00edch c\u00e1 nh\u00e2n v\u00e0 thu\u1eadt to\u00e1n. N\u1ebfu c\u1ea7n, ch\u00fang ta c\u0169ng c\u00f3 th\u1ec3 cung c\u1ea5p c\u00e1c t\u00edn hi\u1ec7u tham kh\u1ea3o t\u1eeb c\u00e1c b\u00ean kh\u00e1c v\u1edbi Trader\u2019s Special, EA (Chuy\u00ean gia T\u01b0 v\u1ea5n) v\u00e0 c\u00e1c ngu\u1ed3n t\u00edn hi\u1ec7u kh\u00e1c. V\u00ec v\u1eady, trong khi b\u1ea1n \u0111ang tr\u00ean \u0111\u01b0\u1eddng \u0111i hay ch\u1ec9 \u1edf b\u00ean c\u1ea1nh m\u00e1y t\u00ednh c\u1ee7a b\u1ea1n, b\u1ea1n c\u00f3 th\u1ec3 truy c\u1eadp \u0111\u1ea7y \u0111\u1ee7 v\u00e0 hi\u1ec3u bi\u1ebft s\u00e2u s\u1eafc c\u00e1c ngu\u1ed3n kh\u00e1c nhau. C\u00f9ng v\u1edbi t\u1ea5t c\u1ea3 c\u00e1c d\u1eef li\u1ec7u n\u00e0y b\u1ea1n s\u1ebd ch\u1eafc ch\u1eafn c\u00f3 \u0111\u1ea7y t\u1ef1 tin \u0111\u1ec3 th\u1ef1c hi\u1ec7n giao d\u1ecbch ngo\u1ea1i h\u1ed1i ti\u1ebfp theo c\u1ee7a b\u1ea1n v\u1edbi quy\u1ec1n h\u1ea1n t\u1ed1i \u0111a.<\/p>\n<p>C\u00e1c t\u00edn hi\u1ec7u ngo\u1ea1i h\u1ed1i c\u00f3 th\u1ec3 chia th\u00e0nh hai nh\u00f3m l\u1edbn.<\/p>\n<p>\u0110\u1ea7u ti\u00ean l\u00e0 c\u00e1c t\u00edn hi\u1ec7u \u0111\u01b0\u1ee3c t\u1ea1o ra t\u1eeb \u00a0ph\u1ea7n m\u1ec1m \u0111\u1ec3 nh\u1eadn bi\u1ebft th\u1ecb tr\u01b0\u1eddng hi\u1ec7n t\u1ea1i trong kinh doanh ti\u1ec1n t\u1ec7? C\u00e1c h\u1ec7 th\u1ed1ng n\u00e0y t\u1ea1o ra t\u00edn hi\u1ec7u c\u00f3 t\u00ednh ch\u1ea5t kh\u00e1c nhau v\u00e0 c\u00f3 th\u1ec3 cung c\u1ea5p cho b\u1ea1n t\u00edn hi\u1ec7u t\u1eeb c\u00e1c th\u00f4ng b\u00e1o mi\u1ec5n ph\u00ed cho t\u1edbi t\u00ednhi ph\u00ed h\u00e0ng ng\u00e0n \u0111\u00f4 la. C\u00e1c \u1ee9ng d\u1ee5ng n\u00e0y c\u00f3 m\u1ee5c ti\u00eau \u0111\u1ec3 l\u00e0m s\u00e1ng t\u1ecf v\u00e0 h\u1ed7 tr\u1ee3 ng\u01b0\u1eddi mua \/ ng\u01b0\u1eddi b\u00e1n quy\u1ebft \u0111\u1ecbnh tr\u00ean th\u1ecb tr\u01b0\u1eddng ngo\u1ea1i h\u1ed1i v\u1edbi c\u00e1c \u0111i\u1ec1u ki\u1ec7n m\u1edbi nh\u1ea5t.<\/p>\n<p>Lo\u1ea1i th\u1ee9 hai c\u1ee7a giao d\u1ecbch l\u00e0 kh\u00e1 th\u00f4ng th\u01b0\u1eddng nh\u01b0ng c\u00f3 li\u00ean quan r\u1ea5t nhi\u1ec1u \u0111\u1ebfn s\u1ef1 tham gia c\u1ee7a con ng\u01b0\u1eddi. Nh\u1eefng t\u00edn hi\u1ec7u n\u00e0y \u0111\u01b0\u1ee3c t\u1ea1o ra b\u1edfi c\u00e1c nh\u00e0 kinh doanh chuy\u00ean nghi\u1ec7p \u0111\u00e3 c\u00f3 \u00a0nhi\u1ec1u n\u0103m kinh nghi\u1ec7m trong \u0111i\u1ec1u ki\u1ec7n kinh t\u1ebf kh\u00e1c nhau, h\u1ecd c\u00f3 th\u1ec3 \u0111\u1ecdc th\u00f4ng qua \u00a0nhi\u1ec1u y\u1ebfu t\u1ed1 \u0111\u1ec3 \u00a0t\u1ea1o thu\u1eadn l\u1ee3i cho c\u00e1c nh\u00e0 \u0111\u1ea7u t\u01b0 \u00a0trong m\u1ed9t quy\u1ebft \u0111\u1ecbnh to\u00e0n di\u1ec7n.<\/p>\n<p>B\u1ea1n c\u00f3 th\u1ec3 ch\u1ecdn b\u1ea5t k\u1ec3 lo\u1ea1i t\u00edn hi\u1ec7u n\u00e0o \u0111\u1ec3 th\u1ef1c hi\u1ec7n v\u1edbi m\u1ed9t giao d\u1ecbch, ch\u1ec9 bi\u1ebft r\u1eb1ng t\u1ea5t c\u1ea3 c\u00e1c b\u00e0i \u0111\u1ecdc n\u00e0y ch\u1ec9 \u00a0l\u00e0 nh\u1eefng g\u1ee3i \u00fd\u00a0 v\u00e0 ch\u00fang c\u1ea7n \u0111\u01b0\u1ee3c \u00a0th\u00edch nghi v\u1edbi s\u1ef1 thay \u0111\u1ed5i c\u1ee7a m\u00f4i tr\u01b0\u1eddng t\u1eebng gi\u00e2y t\u1eebng ph\u00fat. V\u00ec v\u1eady, v\u00e0o cu\u1ed1i ng\u00e0y \u0111\u00f3 l\u00e0 quy\u1ebft \u0111\u1ecbnh c\u1ee7a b\u1ea1n v\u1edbi ti\u1ec1n c\u1ee7a b\u1ea1n v\u00e0 do \u0111\u00f3 n\u00f3 l\u00e0 tr\u00e1ch nhi\u1ec7m c\u1ee7a b\u1ea1n \u0111\u1ec3 tr\u00e1nh xa s\u1ef1 do d\u1ef1 kh\u00f4ng c\u1ea7n thi\u1ebft. B\u1ea1n c\u0169ng c\u00f3 th\u1ec3 s\u1eed d\u1ee5ng k\u1ebft h\u1ee3p c\u1ea3 hai \u0111\u1ec3 suy ra c\u00e1c t\u00edn hi\u1ec7u v\u00e0 th\u1ef1c hi\u1ec7n t\u1ed1t nh\u1ea5t hai l\u1ef1a ch\u1ecdn n\u00e0y.<\/p>\n<p>\u00a0<\/p>\n","protected":false},"excerpt":{"rendered":"<p>T\u00edn hi\u1ec7u ngo\u1ea1i h\u1ed1i l\u00e0 c\u00e1c ch\u1ec9 s\u1ed1 l\u00e3i ho\u1eb7c l\u1ed7 c\u1ee7a b\u1ea1n trong th\u1ecb tr\u01b0\u1eddng giao d\u1ecbch ngo\u1ea1i h\u1ed1i. \u0110\u00e2y l\u00e0 t\u1ec9 gi\u00e1 c\u1ee7a c\u1eb7p ti\u1ec1n t\u1ec7 t\u1ea1i m\u1ed9t&hellip;<\/p>\n","protected":false},"author":1,"featured_media":0,"parent":0,"menu_order":0,"comment_status":"open","ping_status":"open","template":"","meta":[],"tags":[],"_links":{"self":[{"href":"https:\/\/choose-forex.com\/vi\/wp-json\/wp\/v2\/pages\/208\/"}],"collection":[{"href":"https:\/\/choose-forex.com\/vi\/wp-json\/wp\/v2\/pages\/"}],"about":[{"href":"https:\/\/choose-forex.com\/vi\/wp-json\/wp\/v2\/types\/page\/"}],"author":[{"embeddable":true,"href":"https:\/\/choose-forex.com\/vi\/wp-json\/wp\/v2\/users\/1\/"}],"replies":[{"embeddable":true,"href":"https:\/\/choose-forex.com\/vi\/wp-json\/wp\/v2\/comments\/?post=208"}],"version-history":[{"count":0,"href":"https:\/\/choose-forex.com\/vi\/wp-json\/wp\/v2\/pages\/208\/revisions\/"}],"wp:attachment":[{"href":"https:\/\/choose-forex.com\/vi\/wp-json\/wp\/v2\/media\/?parent=208"}],"wp:term":[{"taxonomy":"post_tag","embeddable":true,"href":"https:\/\/choose-forex.com\/vi\/wp-json\/wp\/v2\/tags\/?post=208"}],"curies":[{"name":"wp","href":"https:\/\/api.w.org\/{rel}","templated":true}]}}