{"id":209,"date":"2012-07-20T10:21:58","date_gmt":"2012-07-20T10:21:58","guid":{"rendered":"http:\/\/wp1.choose-forex.com\/?p=209"},"modified":"2012-07-20T10:21:58","modified_gmt":"2012-07-20T10:21:58","slug":"chon-mot-nha-moi-gioi-2","status":"publish","type":"page","link":"https:\/\/choose-forex.com\/vi\/chon-mot-nha-moi-gioi-2\/","title":{"rendered":"Ch\u1ecdn m\u1ed9t nh\u00e0 m\u00f4i gi\u1edbi"},"content":{"rendered":"\n<p>Ch\u1ecdn m\u1ed9t nh\u00e0 m\u00f4i gi\u1edbi l\u00e0 m\u1ed9t nhi\u1ec7m v\u1ee5 \u0111\u1eb7c bi\u1ec7t ph\u1ee9c t\u1ea1p v\u00e0 c\u0169ng mang l\u1ea1i l\u1ee3i nhu\u1eadn kh\u00f4ng ng\u1edd n\u1ebfu \u0111\u01b0\u1ee3c ti\u1ebfn h\u00e0nh th\u00f4ng qua m\u1ed9t ph\u01b0\u01a1ng ph\u00e1p ch\u00ednh th\u1ee9c. B\u00e2y gi\u1edd, \u0111i\u1ec1u c\u1ea7n ph\u1ea3i xem x\u00e9t tr\u01b0\u1edbc khi l\u1ef1a ch\u1ecdn m\u1ed9t nh\u00e0 m\u00f4i gi\u1edbi \u0111\u00e1ng tin c\u1eady l\u00e0 nh\u1eefng g\u00ec? M\u1ecdi ng\u01b0\u1eddi \u0111\u1ec1u bi\u1ebft r\u1eb1ng ngo\u1ea1i h\u1ed1i l\u00e0 m\u1ed9t l\u1ef1a ch\u1ecdn kinh doanh \u0111em l\u1ea1i l\u1ee3i nhu\u1eadn \u0111\u00e1ng k\u1ec3. N\u00f3 kh\u00f4ng c\u00f3 gi\u1edbi h\u1ea1n v\u00e0 n\u1ebfu \u0111\u01b0\u1ee3c x\u00e2y d\u1ef1ng b\u00e0i b\u1ea3n th\u00ec n\u00f3 c\u00f3 m\u1ed9t ti\u1ec1m n\u0103ng \u0111\u1ec3 t\u1ea1o ra m\u1ed9t t\u00e0i s\u1ea3n cho b\u1ea5t c\u1ee9 ai. Tuy nhi\u00ean, kh\u00f4ng th\u1ec3 kh\u00f4ng k\u1ec3 t\u1edbi \u00a0nh\u1eefng th\u00e1ch th\u1ee9c \u1edf ph\u00eda tr\u01b0\u1edbc c\u1ee7a qu\u00e1 tr\u00ecnh ho\u1ea1ch \u0111\u1ecbnh \u0111\u1ea7u t\u01b0 n\u00e0y.<\/p>\n<p>T\u1ea1i Choose-Forex ch\u00fang t\u00f4i nh\u1ea5n m\u1ea1nh r\u1eb1ng tr\u01b0\u1edbc khi b\u01b0\u1edbc v\u00e0o th\u1ecb tr\u01b0\u1eddng ngo\u1ea1i h\u1ed1i, ch\u00fang ta ph\u1ea3i hi\u1ec3u r\u1eb1ng \u0111\u00e2y l\u00e0 m\u1ed9t lo\u1ea1i h\u00ecnh kinh doanh. Do \u0111\u00f3 kh\u00f4ng c\u00f3 gi\u1edbi h\u1ea1n v\u1ec1 ph\u01b0\u01a1ng ph\u00e1p ti\u1ebfp c\u1eadn, m\u1ed9t s\u1ed1 l\u01b0\u1ee3ng l\u1edbn c\u00e1c giao d\u1ecbch \u0111\u01b0\u1ee3c ti\u1ebfn h\u00e0nh tr\u00ean c\u01a1 s\u1edf c\u00e1c t\u00e0i li\u1ec7u tham kh\u1ea3o v\u00e0 c\u00e1c t\u00e1c \u0111\u1ed9ng. V\u1edbi t\u00e0i li\u1ec7u tham kh\u1ea3o \u0111\u00f3 l\u00e0 s\u1ef1 \u00a0nghi\u00ean c\u1ee9u v\u1ec1 \u0111\u1ed9ng th\u00e1i d\u1ecbch chuy\u1ec3n qua c\u00e1c chu k\u1ef3 c\u1ee7a c\u00e1c c\u1eb7p ti\u1ec1n t\u1ec7 trong qu\u00e1 kh\u1ee9 v\u00e0 v\u1edbi nh\u1eefng t\u00e1c \u0111\u1ed9ng c\u00f3 ngh\u0129a l\u00e0 nh\u1eefng \u0111i\u1ec1u kh\u00f4ng th\u1ec3 ti\u00ean \u0111o\u00e1n tr\u01b0\u1edbc m\u00e0 th\u01b0\u1eddng d\u1ef1a tr\u00ean m\u1ed9t ph\u1ed5 r\u1ed9ng c\u00e1c y\u1ebfu t\u1ed1 kinh t\u1ebf v\u00e0 x\u00e3 h\u1ed9i n\u1eb1m ngo\u00e0i ph\u1ea1m vi ki\u1ec3m so\u00e1t. V\u00ec v\u1eady, n\u00f3 ph\u1ee5 thu\u1ed9c ho\u00e0n to\u00e0n v\u00e0o b\u1ea3n n\u0103ng v\u00e0 gi\u00e1c quan c\u1ee7a b\u1ea1n. V\u00ec v\u1eady, sau \u0111\u00e2y l\u00e0 danh s\u00e1ch ki\u1ec3m tra \u0111\u1ec3 b\u1ea1n c\u00f3 th\u1ec3 t\u00ecm \u0111\u01b0\u1ee3c m\u1ed9t \u0111\u1ed1i t\u00e1c m\u00f4i gi\u1edbi \u0111\u00e1ng tin c\u1eady.<\/p>\n<ul>\n<li>\n\t\tHoa h\u1ed3ng m\u00f4i gi\u1edbi, S\u1ef1 minh b\u1ea1ch, ph\u00ed c\u1ed1 \u0111\u1ecbnh \/ bi\u1ebfn \u0111\u1ed5i: Tr\u01b0\u1edbc khi b\u1ea1n l\u1ef1a ch\u1ecdn nh\u00e0 m\u00f4i gi\u1edbi c\u1ee7a b\u1ea1n, b\u1ea1n c\u1ea7n ph\u1ea3i chia giao d\u1ecbch \u0111\u1ec3 bi\u1ebft m\u1ee9c ph\u00ed b\u1ea1n ph\u1ea3i tr\u1ea3. B\u1ea1n n\u00ean bi\u1ebft h\u1ecd t\u00ednh ph\u00ed nh\u1eefng g\u00ec. Ngo\u00e0i ra b\u1ea1n n\u00ean bi\u1ebft l\u00e0 h\u1ecd s\u1ebd t\u00ednh ph\u00ed c\u1ed1 \u0111\u1ecbnh ho\u1eb7c bi\u1ebfn \u0111\u1ed5i t\u00f9y thu\u1ed9c v\u00e0o c\u00e1c th\u1ecb tr\u01b0\u1eddng \u0111ang ph\u00e1t tri\u1ec3n \u00a0ho\u1eb7c thua l\u1ed7.<\/li>\n<\/ul>\n<p>\u00a0<\/p>\n<ul>\n<li>\n\t\tTh\u1ef1c hi\u1ec7n-Ki\u1ec3m tra c\u00e1c t\u00e0i kho\u1ea3n d\u00f9ng th\u1eed \u00a0v\u00e0 xem m\u1ee9c gi\u00e1 m\u00e0 nh\u00e0 m\u00f4i gi\u1edbi \u0111\u00e3 tuy\u00ean b\u1ed1, \u0111i\u1ec1u n\u00e0y s\u1ebd cung c\u1ea5p cho b\u1ea1n m\u1ed9t \u0111\u00e1nh gi\u00e1 c\u00f4ng b\u1eb1ng d\u1ecbch v\u1ee5 c\u1ee7a h\u1ecd. Ki\u1ec3m tra th\u1eddi h\u1ea1n c\u1ee7a n\u01a1i \u0111\u1eb7t l\u1ec7nh c\u1ee7a b\u1ea1n v\u00e0 xem c\u00e1ch th\u1ee9c n\u00f3 ho\u1ea1t \u0111\u1ed9ng<\/li>\n<\/ul>\n<p>\u00a0<\/p>\n<ul>\n<li>\n\t\tN\u1ec1n t\u1ea3ng: Nghi\u00ean c\u1ee9u c\u00e1c n\u1ec1n t\u1ea3ng giao d\u1ecbch. \u0110\u00e2y l\u00e0 giao di\u1ec7n gi\u1eefa b\u1ea1n v\u00e0 nh\u00e0 m\u00f4i gi\u1edbi \u0111\u1ec3 ho\u1ea1t \u0111\u1ed9ng tr\u00ean th\u1ecb tr\u01b0\u1eddng ngo\u1ea1i h\u1ed1i. Xem c\u00e1ch n\u00f3 ho\u1ea1t \u0111\u1ed9ng v\u00e0 nh\u1eefng g\u00ec b\u1ea1n n\u00ean mong \u0111\u1ee3i trong th\u1eddi gian th\u1ef1c.<\/li>\n<\/ul>\n<p>\u00a0<\/p>\n<ul>\n<li>\n\t\tKi\u1ec3m tra l\u00fd l\u1ecbch- Ki\u1ec3m tra l\u00fd l\u1ecbch c\u1ee7a c\u00f4ng ty m\u00f4i gi\u1edbi c\u1ee7a b\u1ea1n. H\u00e3y xem m\u1ecdi th\u1ee9 m\u00e0 anh ta cho th\u1ea5y l\u00e0 minh b\u1ea1ch nh\u01b0 \u0111\u00e3 c\u00f4ng b\u1ed1 hay kh\u00f4ng. H\u00e3y xem c\u00e1c t\u00f9y ch\u1ecdn c\u1ee7a c\u00e1c sao l\u01b0u t\u00e0i ch\u00ednh v\u00e0 li\u1ec7u anh ta c\u00f3 th\u1ec3 tr\u1ea3 l\u1ea1i ti\u1ec1n cho b\u1ea1n \u00a0trong tr\u01b0\u1eddng h\u1ee3p r\u1ee7i ro th\u1ecb tr\u01b0\u1eddng hay kh\u00f4ng.<\/li>\n<\/ul>\n<p>\u00a0<\/p>\n<ul>\n<li>\n\t\tTrung th\u1ef1c l\u00e0 ch\u00ednh s\u00e1ch t\u1ed1t nh\u1ea5t- Chi\u1ebfn l\u01b0\u1ee3c ng\u1eafn h\u1ea1n hay chi\u1ebfn l\u01b0\u1ee3c d\u00e0i h\u1ea1n; b\u1ea1n ph\u1ea3i t\u00ecm m\u1ed9t nh\u00e0 m\u00f4i gi\u1edbi th\u1ef1c s\u1ef1 trung th\u1ef1c . B\u1ea1n s\u1ebd c\u1ea3m nh\u1eadn \u0111\u01b0\u1ee3c \u0111i\u1ec1u n\u00e0y trong s\u1ef1 c\u1ea7u k\u1ef3, th\u00e1i \u0111\u1ed9 c\u00e1 nh\u00e2n \u00a0v\u00e0 c\u00f3 m\u00f4 t\u1ea3 t\u1ec9 m\u1ec9 th\u1ecb tr\u01b0\u1eddng ngo\u1ea1i h\u1ed1i. B\u1ea5t k\u1ec3 s\u1ef1 d\u1ecbch chuy\u1ec3n \u00a0c\u1ee7a th\u1ecb tr\u01b0\u1eddng, s\u1ef1 trung th\u1ef1c s\u1ebd \u0111\u01b0\u1ee3c l\u00e2u d\u00e0i.<\/li>\n<\/ul>\n<p>\u00a0<\/p>\n<p>\u00a0<\/p>\n<p>.<\/p>\n","protected":false},"excerpt":{"rendered":"<p>Ch\u1ecdn m\u1ed9t nh\u00e0 m\u00f4i gi\u1edbi l\u00e0 m\u1ed9t nhi\u1ec7m v\u1ee5 \u0111\u1eb7c bi\u1ec7t ph\u1ee9c t\u1ea1p v\u00e0 c\u0169ng mang l\u1ea1i l\u1ee3i nhu\u1eadn kh\u00f4ng ng\u1edd n\u1ebfu \u0111\u01b0\u1ee3c ti\u1ebfn h\u00e0nh th\u00f4ng qua m\u1ed9t ph\u01b0\u01a1ng ph\u00e1p&hellip;<\/p>\n","protected":false},"author":1,"featured_media":0,"parent":0,"menu_order":0,"comment_status":"open","ping_status":"open","template":"","meta":[],"tags":[],"_links":{"self":[{"href":"https:\/\/choose-forex.com\/vi\/wp-json\/wp\/v2\/pages\/209\/"}],"collection":[{"href":"https:\/\/choose-forex.com\/vi\/wp-json\/wp\/v2\/pages\/"}],"about":[{"href":"https:\/\/choose-forex.com\/vi\/wp-json\/wp\/v2\/types\/page\/"}],"author":[{"embeddable":true,"href":"https:\/\/choose-forex.com\/vi\/wp-json\/wp\/v2\/users\/1\/"}],"replies":[{"embeddable":true,"href":"https:\/\/choose-forex.com\/vi\/wp-json\/wp\/v2\/comments\/?post=209"}],"version-history":[{"count":0,"href":"https:\/\/choose-forex.com\/vi\/wp-json\/wp\/v2\/pages\/209\/revisions\/"}],"wp:attachment":[{"href":"https:\/\/choose-forex.com\/vi\/wp-json\/wp\/v2\/media\/?parent=209"}],"wp:term":[{"taxonomy":"post_tag","embeddable":true,"href":"https:\/\/choose-forex.com\/vi\/wp-json\/wp\/v2\/tags\/?post=209"}],"curies":[{"name":"wp","href":"https:\/\/api.w.org\/{rel}","templated":true}]}}