{"id":336,"date":"2012-06-19T10:56:22","date_gmt":"2012-06-19T10:56:22","guid":{"rendered":"http:\/\/wp1.choose-forex.com\/?p=336"},"modified":"2012-06-19T10:56:22","modified_gmt":"2012-06-19T10:56:22","slug":"thuat-ngu","status":"publish","type":"page","link":"https:\/\/choose-forex.com\/vi\/thuat-ngu\/","title":{"rendered":"Thu\u1eadt ng\u1eef"},"content":{"rendered":"\n<p><strong>A<\/strong><\/p>\n<p><strong>Asset <\/strong>\u2013 <strong>T\u00e0i s\u1ea3n<\/strong>&#8211; M\u1ed9t m\u1eb7t h\u00e0ng v\u1edbi m\u1ed9t gi\u00e1 tr\u1ecb nh\u1ea5t \u0111\u1ecbnh<\/p>\n<p><strong>Aussie<\/strong> \u2013 T\u1eeb l\u00f3ng c\u1ee7a c\u1eb7p ti\u1ec1n AUD\/USD<\/p>\n<p><strong>B<\/strong><\/p>\n<p><strong>Base currency<\/strong> <strong>\u2013 \u0110\u1ed3ng ti\u1ec1n c\u01a1 s\u1edf<\/strong>: \u0110\u1ed3ng ti\u1ec1n \u0111\u1ea7u ti\u00ean trong m\u1ed9t c\u1eb7p ti\u1ec1n t\u1ec7. V\u00ed d\u1ee5 trong c\u1eb7p EUR\/USD, Euro l\u00e0 \u0111\u1ed3ng ti\u1ec1n c\u01a1 s\u1edf v\u00e0 \u0111\u1ed3ng \u0110\u00f4 la\u00a0 l\u00e0 \u0111\u1ed3ng ti\u1ec1n\u00a0\u0111\u1ecbnh gi\u00e1<\/p>\n<p><strong>Bear<\/strong> \u2013 <strong>Nh\u00e0 \u0111\u1ea7u c\u01a1 gi\u00e1 gi\u1ea3m<\/strong>: M\u1ed9t nh\u00e0 kinh doanh cho r\u1eb1ng gi\u00e1 s\u1ebd \u0111i xu\u1ed1ng<\/p>\n<p><strong>Bear market<\/strong> \u2013<strong>Th\u1ecb tr\u01b0\u1eddng gi\u1ea3m<\/strong>: M\u1ed9t th\u1ecb tr\u01b0\u1eddng \u0111\u00e3 gi\u1ea3m gi\u00e1 trong m\u1ed9t th\u1eddi gian d\u00e0i<\/p>\n<p><strong>Brokerage firm<\/strong> \u2013 <strong>H\u00e3ng m\u00f4i gi\u1edbi<\/strong>: C\u00f2n \u0111\u01b0\u1ee3c bi\u1ebft \u0111\u1ebfn v\u1edbi t\u00ean g\u1ecdi \u201cBroker\u201d, l\u00e0 m\u1ed9t c\u00f4ng ty cung c\u1ea5p d\u1ecbch v\u1ee5 cho c\u00e1c c\u00e1 nh\u00e2n v\u00e0 c\u00e1c nh\u00e0 \u0111\u1ea7u t\u01b0 chuy\u00ean nghi\u1ec7p.<\/p>\n<p><strong>Bull <\/strong>\u2013 <strong>Nh\u00e0 \u0111\u1ea7u c\u01a1 gi\u00e1 t\u0103ng<\/strong>: M\u1ed9t nh\u00e0 kinh doanh cho r\u1eb1ng gi\u00e1 s\u1ebd l\u00ean<\/p>\n<p><strong>Bull market<\/strong> &#8211; <strong>Th\u1ecb tr\u01b0\u1eddng t\u0103ng<\/strong>: M\u1ed9t th\u1ecb tr\u01b0\u1eddng \u0111\u00e3 t\u0103ng gi\u00e1 trong m\u1ed9t th\u1eddi gian d\u00e0i<\/p>\n<p><strong>Buy Limit <\/strong>\u2013 <strong>L\u1ec7nh gi\u1edbi h\u1ea1n mua<\/strong>: \u00a0M\u1ed9t l\u1ec7nh \u0111\u1ec3 mua m\u1ed9t lo\u1ea1i ti\u1ec1n t\u1ec7 \u1edf m\u1ee9c gi\u00e1 th\u1ea5p h\u01a1n<\/p>\n<p><strong>Buy Stop<\/strong> &#8211; <strong>L\u1ec7nh d\u1eebng mua<\/strong>: M\u1ed9t l\u1ec7nh \u0111\u1ec3 mua m\u1ed9t lo\u1ea1i ti\u1ec1n t\u1ec7 t\u1ea1i m\u1ee9c gi\u00e1 cao h\u01a1n<\/p>\n<p><strong>Chartist <\/strong>\u2013 <strong>Ng\u01b0\u1eddi ph\u00e2n t\u00edch bi\u1ec3u \u0111\u1ed3<\/strong>: M\u1ed9t ng\u01b0\u1eddi ph\u00e2n t\u00edch chuy\u1ec3n \u0111\u1ed9ng gi\u00e1 v\u00e0 c\u1ed1 g\u1eafng \u0111\u1ec3 d\u1ef1 \u0111o\u00e1n di chuy\u1ec3n trong t\u01b0\u01a1ng lai b\u1eb1ng c\u00e1ch ki\u1ec3m tra di chuy\u1ec3n trong qu\u00e1 kh\u1ee9 \u0111\u01b0\u1ee3c ghi l\u1ea1i tr\u00ean bi\u1ec3u \u0111\u1ed3<\/p>\n<p><strong>Correlation<\/strong> \u2013 <strong>S\u1ef1 t\u01b0\u01a1ng quan<\/strong> &#8211; M\u1ed9t m\u1ed1i quan h\u1ec7 t\u1ed3n t\u1ea1i gi\u1eefa hai \u0111\u1ed3ng ti\u1ec1n. V\u00ed d\u1ee5, EUR t\u01b0\u01a1ng quan t\u00edch c\u1ef1c v\u1edbi GBP. N\u1ebfu EUR \/ USD t\u0103ng l\u00ean, c\u00f3 th\u1ec3 l\u00e0 c\u1eb7p GBP \/ USD c\u0169ng s\u1ebd t\u0103ng l\u00ean<\/p>\n<p><strong>Day trader<\/strong> \u2013 <strong>Nh\u00e0 kinh doanh trong ng\u00e0y:<\/strong> \u00a0M\u1ed9t nh\u00e0 kinh doanh th\u01b0\u1eddng \u0111\u00f3ng t\u1ea5t c\u1ea3 c\u00e1c giao d\u1ecbch c\u1ee7a anh ta trong c\u00f9ng m\u1ed9t ng\u00e0y, thu l\u1ee3i nhu\u1eadn t\u1eeb di chuy\u1ec3n ng\u1eafn h\u1ea1n<\/p>\n<p><strong>Foreign Exchange<\/strong> \u2013 <strong>Ngo\u1ea1i h\u1ed1i<\/strong>: B\u00e1n ho\u1eb7c mua m\u1ed9t \u0111\u1ed3ng ti\u1ec1n \u0111\u1ec3 mang v\u1ec1 \u0111\u1ed3ng ti\u1ec1n kh\u00e1c. \u201c<strong>Forex<\/strong>\u201d l\u00e0 t\u1eeb vi\u1ebft t\u1eaft c\u1ee7a \u201c<strong>For<\/strong>eign <strong>Ex<\/strong>change\u201d<\/p>\n<p><strong>F<\/strong><\/p>\n<p><strong>Fundamentalist<\/strong> \u2013 m\u1ed9t nh\u00e0 kinh doanh m\u00e0 quy\u1ebft \u0111\u1ecbnh c\u1ee7a anh ta d\u1ef1a tr\u00ean ph\u00e2n t\u00edch c\u01a1 b\u1ea3n<\/p>\n<p><strong>Fundamental analysis<\/strong> \u2013 <strong>Ph\u00e2n t\u00edch c\u01a1 b\u1ea3n<\/strong> &#8211; M\u1ed9t lo\u1ea1i ph\u00e2n t\u00edch nghi\u00ean c\u1ee9u m\u00f4i tr\u01b0\u1eddng kinh t\u1ebf v\u00e0 y\u1ebfu t\u1ed1 kinh t\u1ebf \u1ea3nh h\u01b0\u1edfng \u0111\u1ebfn s\u1ef1 chuy\u1ec3n \u0111\u1ed9ng c\u1ee7a ti\u1ec1n t\u1ec7<\/p>\n<p><strong>G<\/strong><\/p>\n<p><strong>Going Long<\/strong> \u2013 Mua m\u1ed9t c\u1eb7p ti\u1ec1n t\u1ec7<\/p>\n<p><strong>Going Short<\/strong> \u2013 B\u00e1n m\u1ed9t c\u1eb7p ti\u1ec1n t\u1ec7<\/p>\n<p><strong>I<\/strong><\/p>\n<p><strong>Introducing Broker<\/strong> \u2013 <strong>Gi\u1edbi thi\u1ec7u nh\u00e0 m\u00f4i gi\u1edbi: <\/strong>M\u1ed9t ng\u01b0\u1eddi ho\u1eb7c m\u1ed9t h\u00e3ng m\u00e0 gi\u1edbi thi\u1ec7u c\u00e1c kh\u00e1ch h\u00e0ng \u0111\u1ebfn m\u1ed9t c\u00f4ng ty m\u00f4i gi\u1edbi \u0111\u1ec3 h\u01b0\u1edfng hoa h\u1ed3ng.<\/p>\n<p>\u00a0\u00a0\u00a0\u00a0\u00a0\u00a0\u00a0\u00a0\u00a0\u00a0\u00a0\u00a0\u00a0\u00a0\u00a0\u00a0\u00a0\u00a0\u00a0\u00a0\u00a0\u00a0\u00a0\u00a0\u00a0\u00a0\u00a0\u00a0\u00a0\u00a0\u00a0\u00a0\u00a0\u00a0\u00a0\u00a0\u00a0\u00a0\u00a0\u00a0\u00a0\u00a0\u00a0\u00a0\u00a0\u00a0\u00a0\u00a0\u00a0\u00a0\u00a0\u00a0\u00a0\u00a0\u00a0\u00a0\u00a0\u00a0<\/p>\n<p><strong>M<\/strong><\/p>\n<p><strong>Margin<\/strong> \u2013 <strong>Ti\u1ec1n k\u00fd qu\u1ef9<\/strong>: S\u1ed1 l\u01b0\u1ee3ng ti\u1ec1n c\u1ea7n thi\u1ebft \u0111\u1ec3 m\u1edf giao d\u1ecbch.<\/p>\n<p><strong>Margin call<\/strong> \u2013 <strong>c\u1ea3nh b\u00e1o nguy c\u01a1 gi\u1ea3m ti\u1ec1n k\u00fd qu\u1ef9<\/strong> &#8211; M\u1ed9t th\u00f4ng b\u00e1o t\u1eeb c\u00f4ng ty m\u00f4i gi\u1edbi c\u1ee7a b\u1ea1n r\u1eb1ng b\u1ea1n c\u1ea7n ph\u1ea3i g\u1eedi th\u00eam ti\u1ec1n b\u1edfi v\u00ec gi\u00e1 tr\u1ecb c\u1ee7a t\u00e0i kho\u1ea3n d\u01b0\u1edbi bi\u00ean \u0111\u1ed9 y\u00eau c\u1ea7u cho c\u00e1c v\u1ecb tr\u00ed m\u1edf c\u1ee7a b\u1ea1n<\/p>\n<p><strong>Market Order<\/strong> \u2013 <strong>L\u1ec7nh th\u1ecb tr\u01b0\u1eddng: <\/strong>M\u1ed9t l\u1ec7nh \u0111\u1ec3 m\u1edf m\u1ed9t giao d\u1ecbch ngay l\u1eadp t\u1ee9c t\u1ea1i m\u1ee9c gi\u00e1 t\u1ed1t nh\u1ea5t hi\u1ec7n c\u00f3.<\/p>\n<p><strong>Martingale<\/strong> \u2013 Th\u01b0\u1eddng \u0111\u01b0\u1ee3c g\u1ecdi l\u00e0 m\u1ed9t h\u1ec7 th\u1ed1ng Martingale, chi\u1ebfn l\u01b0\u1ee3c c\u1edd b\u1ea1c n\u00e0y \u0111\u00f2i h\u1ecfi c\u00e1c con b\u1ea1c t\u0103ng g\u1ea5p \u0111\u00f4i s\u1ed1 ti\u1ec1n sau khi m\u1ea5t t\u1ea5t c\u1ea3. M\u1ed9t chi\u1ebfn th\u1eafng s\u1ebd b\u00f9 cho l\u1ed7 tr\u01b0\u1edbc \u0111\u00f3 v\u00e0 s\u1ebd mang l\u1ea1i cho b\u1ea1n m\u1ed9t l\u1ee3i nhu\u1eadn nh\u1ecf, nh\u01b0ng s\u1ed1 ti\u1ec1n c\u1ea7n thi\u1ebft \u0111\u1ec3 giao d\u1ecbch trong h\u1ec7 th\u1ed1ng n\u00e0y c\u00f3 th\u1ec3 l\u00e0 r\u1ea5t l\u1edbn do s\u1ef1 t\u0103ng tr\u01b0\u1edfng theo c\u1ea5p s\u1ed1 nh\u00e2n c\u1ee7a k\u00edch th\u01b0\u1edbc v\u1ecb tr\u00ed<\/p>\n<p>\u00a0<strong>Moving Average<\/strong> \u2013 <strong>\u0110\u01b0\u1eddng<\/strong> <strong>Trung b\u00ecnh d\u1ecbch chuy\u1ec3n: <\/strong>Th\u01b0\u1eddng l\u00e0 m\u1ed9t \u0111\u01b0\u1eddng tr\u00ean bi\u1ec3u \u0111\u1ed3, \u0111\u01b0\u1eddng Trung b\u00ecnh d\u1ecbch chuy\u1ec3n l\u00e0 m\u1ed9t \u0111\u1ea1i di\u1ec7n c\u1ee7a gi\u00e1, t\u00ednh to\u00e1n b\u1eb1ng gi\u00e1 trung b\u00ecnh c\u1ee7a m\u1ed9t th\u1eddi k\u1ef3 nh\u1ea5t \u0111\u1ecbnh. C\u00f3 c\u00e1c c\u00f4ng th\u1ee9c kh\u00e1c nhau cho c\u00e1c lo\u1ea1i kh\u00e1c nhau c\u1ee7a \u0111\u01b0\u1eddng Trung b\u00ecnh d\u1ecbch chuy\u1ec3n.<\/p>\n<p><strong>N<\/strong><\/p>\n<p><strong>News Trader<\/strong> \u2013 <strong>Nh\u00e0 kinh doanh theo tin<\/strong>: M\u1ed9t nh\u00e0 kinh doanh m\u00e0 c\u00e1c quy\u1ebft \u0111\u1ecbnh giao d\u1ecbch c\u1ee7a anh ta d\u1ef1a tr\u00ean c\u00e1c t\u00e1c \u0111\u1ed9ng t\u1ee9c th\u00ec c\u1ee7a tin t\u1ee9c tr\u00ean th\u1ecb tr\u01b0\u1eddng t\u00e0i ch\u00ednh<\/p>\n<p><strong>O<\/strong><\/p>\n<p><strong>Oscillators<\/strong> \u2013 <strong>Ch\u1ec9 b\u00e1o<\/strong> <strong>Dao \u0111\u1ed9ng<\/strong>: c\u00e1c ch\u1ec9 s\u1ed1 k\u1ef9 thu\u1eadt \u0111\u1eb7c tr\u01b0ng b\u1edfi th\u1ef1c t\u1ebf m\u00e0 ch\u00fang cho th\u1ea5y \u0111i\u1ec1u ki\u1ec7n v\u01b0\u1ee3t mua v\u00e0 v\u01b0\u1ee3t b\u00e1n tr\u00ean th\u1ecb tr\u01b0\u1eddng.<\/p>\n<p><strong>P<\/strong><\/p>\n<p><strong>Pip<\/strong> \u2013 M\u1ee9c d\u1ecbch chuy\u1ec3n nh\u1ecf nh\u1ea5t trong ngo\u1ea1i h\u1ed1i. V\u00ed d\u1ee5, n\u1ebfu c\u1eb7p EUR\/USD b\u00e1o l\u00e0 1.2020 v\u00e0 n\u00f3 \u0111\u00e3 d\u1ecbch chuy\u1ec3n t\u1edbi 1.2021, \u0111i\u1ec1u \u0111\u00f3 c\u00f3 ngh\u0129a l\u00e0 n\u00f3 \u0111\u00e3 d\u1ecbch chuy\u1ec3n 1 pip<\/p>\n<p><strong>Q<\/strong><\/p>\n<p><strong>Quote Currency<\/strong> <strong>\u2013 \u0110\u1ed3ng ti\u1ec1n \u0111\u1ecbnh gi\u00e1<\/strong>: \u0110\u1ed3ng ti\u1ec1n th\u1ee9 hai trong m\u1ed9t c\u1eb7p ti\u1ec1n t\u1ec7. Trong c\u1eb7p EUR\/USD, USD l\u00e0 \u0111\u1ed3ng ti\u1ec1n \u0111\u1ecbnh gi\u00e1; trong c\u1eb7p USD\/JPY, JPY l\u00e0 \u0111\u1ed3ng ti\u1ec1n \u0111\u1ecbnh gi\u00e1<\/p>\n<p><strong>R<\/strong><\/p>\n<p><strong>Rally<\/strong> \u2013 M\u1ed9t th\u1eddi k\u1ef3 khi gi\u00e1 t\u0103ng<\/p>\n<p><strong>Ranging market<\/strong> \u2013 <strong>Th\u1ecb tr\u01b0\u1eddng kh\u00e1c nhau<\/strong>: M\u1ed9t th\u1eddi k\u1ef3 khi gi\u00e1 d\u1ecbch chuy\u1ec3n trong m\u1ed9t k\u00eanh ngang<\/p>\n<p><strong>Resistance<\/strong> \u2013 <strong>Kh\u00e1ng c\u1ef1<\/strong>: M\u1ed9t m\u1ee9c gi\u00e1 n\u01a1i m\u00e0 ch\u00fang ta th\u1ea5y \u00e1p l\u1ef1c b\u00e1n ra m\u1ea1nh m\u1ebd<\/p>\n<p><strong>Risk Management<\/strong> \u2013 <strong>Qu\u1ea3n l\u00fd r\u1ee7i ro: <\/strong>Vi\u1ec7c s\u1eed d\u1ee5ng c\u00e1c chi\u1ebfn l\u01b0\u1ee3c th\u00edch h\u1ee3p \u0111\u1ec3 ki\u1ec3m so\u00e1t ho\u1eb7c gi\u1ea3m r\u1ee7i ro<\/p>\n<p><strong>S<\/strong><\/p>\n<p><strong>Scalping<\/strong> \u2013 M\u1ed9t ki\u1ec3u giao d\u1ecbch nhanh ch\u00f3ng, thu l\u1ee3i nhu\u1eadn \u00edt v\u00e0 nhanh ch\u00f3ng tho\u00e1t kh\u1ecfi th\u1ecb tr\u01b0\u1eddng<\/p>\n<p><strong>Sell Limit<\/strong> \u2013 <strong>L\u1ec7nh gi\u1edbi h\u1ea1n b\u00e1n<\/strong>: M\u1ed9t l\u1ec7nh \u0111\u1ec3 b\u00e1n m\u1ed9t c\u1eb7p ti\u1ec1n t\u1ec7 \u1edf m\u1ee9c gi\u00e1 cao h\u01a1n.<\/p>\n<p><strong>Sell Stop<\/strong> \u2013 <strong>L\u1ec7nh d\u1eebng b\u00e1n<\/strong>: M\u1ed9t l\u1ec7nh \u0111\u1ec3 b\u00e1n m\u1ed9t c\u1eb7p ti\u1ec1n t\u1ec7 \u1edf m\u1ee9c gi\u00e1 th\u1ea5p h\u01a1n.<\/p>\n<p><strong>Slippage<\/strong> \u2013<strong>Tr\u01b0\u1ee3t gi\u00e1<\/strong>: \u00a0Khi m\u1ed9t giao d\u1ecbch kh\u00f4ng \u0111\u01b0\u1ee3c m\u1edf ho\u1eb7c \u0111\u00f3ng c\u1eeda t\u1ea1i m\u1ee9c gi\u00e1 \u0111\u00e3 \u0111\u1ecbnh. \u0110i\u1ec1u n\u00e0y c\u00f3 th\u1ec3 x\u1ea3y ra do bi\u1ebfn \u0111\u1ed9ng th\u1ecb tr\u01b0\u1eddng cao, t\u00ednh thanh kho\u1ea3n th\u1ea5p. M\u1ed9t l\u00fd do kh\u00e1c c\u00f3 th\u1ec3 l\u00e0 s\u1ef1 thi\u1ebfu quan t\u00e2m bi\u1ec3u hi\u1ec7n b\u1edfi nh\u00e0 m\u00f4i gi\u1edbi c\u1ee7a b\u1ea1n.<\/p>\n<p><strong>Spread<\/strong> \u2013 <strong>Ch\u00eanh l\u1ec7ch gi\u00e1<\/strong>: S\u1ef1 kh\u00e1c nhau gi\u1eefa gi\u00e1 mua v\u00e0 gi\u00e1 b\u00e1n m\u1ed9t c\u1eb7p ti\u1ec1n t\u1ec7.<\/p>\n<p><strong>Stop Loss Order<\/strong> \u2013 <strong>L\u1ec7nh d\u1eebng l\u1ed7<\/strong>: M\u1ed9t l\u1ec7nh \u0111\u1ec3 \u0111\u00f3ng m\u1ed9t giao d\u1ecbch t\u1ea1i m\u1ed9t m\u1ee9c gi\u00e1 \u0111\u1ecbnh tr\u01b0\u1edbc. Lo\u1ea1i l\u1ec7nh n\u00e0y \u0111\u01b0\u1ee3c s\u1eed d\u1ee5ng \u0111\u1ec3 h\u1ea1n ch\u1ebf r\u1ee7i ro cho m\u1ed9t kho\u1ea3n ti\u1ec1n nh\u1ea5t \u0111\u1ecbnh. N\u1ebfu nh\u00e0 kinh doanh \u0111\u00e3 mua m\u1ed9t c\u1eb7p ti\u1ec1n t\u1ec7, l\u1ec7nh d\u1eebng l\u1ed7 \u0111\u01b0\u1ee3c \u0111\u1eb7t d\u01b0\u1edbi gi\u00e1 \u0111\u00e3 mua v\u00e0o. N\u1ebfu nh\u00e0 \u0111\u1ea7u t\u01b0 \u0111\u00e3 b\u00e1n m\u1ed9t c\u1eb7p ti\u1ec1n t\u1ec7, l\u1ec7nh d\u1eebng l\u1ed7 \u0111\u01b0\u1ee3c \u0111\u1eb7t tr\u00ean gi\u00e1 mua v\u00e0o.<\/p>\n<p><strong>Support<\/strong> \u2013 <strong>H\u1ed7 tr\u1ee3<\/strong>: M\u1ed9t ng\u01b0\u1ee1ng m\u00e0 ch\u00fang ta c\u00f3 th\u1ec3 th\u1ea5y \u00e1p l\u1ef1c mua v\u00e0o l\u00e0 m\u1ea1nh m\u1ebd.<\/p>\n<p><strong>T<\/strong><\/p>\n<p><strong>Take profit order<\/strong> <strong>\u2013 L\u1ec7nh b\u1ea3o to\u00e0n l\u1ee3i nhu\u1eadn<\/strong>: L\u1ec7nh \u0111\u01b0\u1ee3c \u0111\u1eb7t b\u1edfi nh\u00e0 kinh doanh \u0111\u1ec3 \u0111\u1ea3m b\u1ea3o l\u1ee3i nhu\u1eadn c\u1ee7a m\u00ecnh v\u00e0 \u0111\u1ed3ng th\u1eddi l\u00e0m gi\u1ea3m ti\u1ebfp x\u00fac v\u1edbi th\u1ecb tr\u01b0\u1eddng c\u1ee7a anh ta b\u1eb1ng c\u00e1ch \u0111\u00f3ng c\u1eeda m\u1ed9t ph\u1ea7n ho\u1eb7c to\u00e0n b\u1ed9 m\u1ed9t v\u1ecb tr\u00ed.<\/p>\n<p><strong>Technical Analysis<\/strong> <strong>\u2013 Ph\u00e2n t\u00edch k\u1ef9 thu\u1eadt<\/strong>: M\u1ed9t ph\u01b0\u01a1ng ph\u00e1p \u0111\u1ec3 c\u1ed1 g\u1eafng d\u1ef1 \u0111o\u00e1n chuy\u1ec3n \u0111\u1ed9ng gi\u00e1 trong t\u01b0\u01a1ng lai b\u1eb1ng c\u00e1ch ph\u00e2n t\u00edch d\u1eef li\u1ec7u qu\u00e1 kh\u1ee9, bi\u1ec3u \u0111\u1ed3, c\u00e1c ch\u1ec9 s\u1ed1, di chuy\u1ec3n trung b\u00ecnh v\u00e0 c\u00e1c c\u00f4ng c\u1ee5 k\u1ef9 thu\u1eadt kh\u00e1c<\/p>\n<p><strong>Technical trader<\/strong> \u2013 <strong>Nh\u00e0 kinh doanh theo k\u1ef9 thu\u1eadt:<\/strong> M\u1ed9t nh\u00e0 kinh doanh m\u00e0 s\u1eed d\u1ee5ng c\u00e1c ph\u00e2n t\u00edch k\u1ef9 thu\u1eadt.<\/p>\n<p><strong>Trailing Stop Loss<\/strong> \u2013 T\u01b0\u01a1ng t\u1ef1 nh\u01b0 l\u1ec7nh d\u1eebng l\u1ed7, Nh\u01b0ng \u201cTrailing Stop Loss\u201d di chuy\u1ec3n ph\u00eda sau gi\u00e1, theo sau n\u00f3 v\u00e0 ch\u1ed1t l\u1ee3i nhu\u1eadn nhi\u1ec1u h\u01a1n v\u00e0 nhi\u1ec1u h\u01a1n n\u1eefa n\u1ebfu gi\u00e1 di chuy\u1ec3n \u0111\u00fang theo h\u01b0\u1edbng giao d\u1ecbch c\u1ee7a b\u1ea1n. N\u1ebfu gi\u00e1 di chuy\u1ec3n b\u1ea5t l\u1ee3i cho giao d\u1ecbch c\u1ee7a b\u1ea1n, \u201cStop Loss Trailing\u201d s\u1ebd kh\u00f4ng di chuy\u1ec3n kh\u1ecfi m\u1ee9c gi\u00e1 \u0111\u00e3 ch\u1ecdn.<\/p>\n<p><strong>Transaction<\/strong> \u2013 <strong>Giao d\u1ecbch<\/strong>: Mua ho\u1eb7c b\u00e1n m\u1ed9t c\u1eb7p ti\u1ec1n t\u1ec7<\/p>\n<p><strong>Trend<\/strong> \u2013 <strong>Xu h\u01b0\u1edbng<\/strong>: Xu h\u01b0\u1edbng hi\u1ec7n t\u1ea1i c\u1ee7a th\u1ecb tr\u01b0\u1eddng<\/p>\n<p><strong>U<\/strong><\/p>\n<p><strong>Unrealized profit<\/strong> \u2013 <strong>L\u1ee3i nhu\u1eadn <\/strong><strong>ch\u01b0a th\u1ef1c hi\u1ec7n<\/strong> &#8211; L\u1ee3i nhu\u1eadn c\u1ee7a m\u1ed9t nh\u00e0 kinh doanh mong mu\u1ed1n c\u00f3 \u0111\u01b0\u1ee3c n\u1ebfu giao d\u1ecbch \u0111\u01b0\u1ee3c \u0111\u00f3ng c\u1eeda t\u1ea1i th\u1eddi \u0111i\u1ec3m v\u00e0 gi\u00e1 c\u1ea3 hi\u1ec7n t\u1ea1i.<\/p>\n","protected":false},"excerpt":{"rendered":"<p>A Asset \u2013 T\u00e0i s\u1ea3n&#8211; M\u1ed9t m\u1eb7t h\u00e0ng v\u1edbi m\u1ed9t gi\u00e1 tr\u1ecb nh\u1ea5t \u0111\u1ecbnh Aussie \u2013 T\u1eeb l\u00f3ng c\u1ee7a c\u1eb7p ti\u1ec1n AUD\/USD B Base currency \u2013 \u0110\u1ed3ng ti\u1ec1n c\u01a1 s\u1edf:&hellip;<\/p>\n","protected":false},"author":1,"featured_media":0,"parent":0,"menu_order":0,"comment_status":"open","ping_status":"open","template":"","meta":[],"tags":[238,237,366,233,236],"_links":{"self":[{"href":"https:\/\/choose-forex.com\/vi\/wp-json\/wp\/v2\/pages\/336\/"}],"collection":[{"href":"https:\/\/choose-forex.com\/vi\/wp-json\/wp\/v2\/pages\/"}],"about":[{"href":"https:\/\/choose-forex.com\/vi\/wp-json\/wp\/v2\/types\/page\/"}],"author":[{"embeddable":true,"href":"https:\/\/choose-forex.com\/vi\/wp-json\/wp\/v2\/users\/1\/"}],"replies":[{"embeddable":true,"href":"https:\/\/choose-forex.com\/vi\/wp-json\/wp\/v2\/comments\/?post=336"}],"version-history":[{"count":0,"href":"https:\/\/choose-forex.com\/vi\/wp-json\/wp\/v2\/pages\/336\/revisions\/"}],"wp:attachment":[{"href":"https:\/\/choose-forex.com\/vi\/wp-json\/wp\/v2\/media\/?parent=336"}],"wp:term":[{"taxonomy":"post_tag","embeddable":true,"href":"https:\/\/choose-forex.com\/vi\/wp-json\/wp\/v2\/tags\/?post=336"}],"curies":[{"name":"wp","href":"https:\/\/api.w.org\/{rel}","templated":true}]}}