{"id":555,"date":"2012-05-22T09:53:19","date_gmt":"2012-05-22T09:53:19","guid":{"rendered":"http:\/\/wp1.choose-forex.com\/?p=555"},"modified":"2012-05-22T09:53:19","modified_gmt":"2012-05-22T09:53:19","slug":"cac-nen-tang-giao-dich","status":"publish","type":"page","link":"https:\/\/choose-forex.com\/vi\/cac-nen-tang-giao-dich\/","title":{"rendered":"C\u00e1c n\u1ec1n t\u1ea3ng giao d\u1ecbch"},"content":{"rendered":"\n<p>Ban \u0111\u1ea7u, kinh doanh d\u1ef1a tr\u00ean vi\u1ec7c \u0111\u1ecdc b\u0103ng v\u00e0 n\u1ebfu b\u1ea1n mu\u1ed1n t\u00ecm ra gi\u00e1 tr\u1ecb cho m\u1ed9t di chuy\u1ec3n trung b\u00ecnh nh\u1ea5t \u0111\u1ecbnh, b\u1ea1n ph\u1ea3i t\u00ednh to\u00e1n b\u1eb1ng tay. Gi\u1edd \u0111\u00e2y ch\u00fang ta c\u00f3 th\u1ec3 c\u00f3 t\u1edbi 10 ch\u1ec9 s\u1ed1 tr\u00ean m\u1ed9t bi\u1ec3u \u0111\u1ed3 v\u00e0 n\u1ec1n t\u1ea3ng m\u00e0 ch\u00fang ta \u0111ang s\u1eed d\u1ee5ng s\u1ebd th\u1ef1c hi\u1ec7n t\u1ea5t c\u1ea3 c\u00e1c ph\u00e9p to\u00e1n c\u1ea7n thi\u1ebft. \u0110\u00f3 l\u00e0 m\u1ed9t trong nh\u1eefng l\u1ee3i th\u1ebf ch\u00ednh m\u00e0 ch\u00fang t\u00f4i c\u00f3 \u0111\u01b0\u1ee3c t\u1eeb c\u00e1c ti\u1ebfn b\u1ed9 c\u00f4ng ngh\u1ec7 v\u00e0 trong b\u00e0i vi\u1ebft n\u00e0y, ch\u00fang t\u00f4i s\u1ebd t\u1eadp trung v\u00e0o n\u1ec1n t\u1ea3ng \u0111i\u1ec7n t\u1eed ph\u1ed5 bi\u1ebfn nh\u1ea5t cho giao d\u1ecbch l\u1ebb.<\/p>\n<p><img loading=\"lazy\" height=\"51\" src=\"http:\/\/choose-forex.com\/sites\/default\/files\/u46\/index.jpeg\" width=\"48\" \/>MetaTrader 4. Ph\u00e1t tri\u1ec3n b\u1edfi C\u00f4ng ty ph\u1ec1n m\u1ec1m MetaQuotes, v\u00e0 ph\u00e1t h\u00e0nh trong n\u0103m 2005. C\u00e1c ph\u1ea7n m\u1ec1m \u0111\u01b0\u1ee3c c\u1ea5p gi\u1ea5y ph\u00e9p cho c\u00e1c nh\u00e0 m\u00f4i gi\u1edbi tr\u1ef1c tuy\u1ebfn v\u00e0 h\u1ecd cung c\u1ea5p cho c\u00e1c kh\u00e1ch h\u00e0ng c\u1ee7a h\u1ecd. N\u00f3 bao g\u1ed3m m\u1ed9t th\u00e0nh ph\u1ea7n m\u00e1y ch\u1ee7 v\u00e0 m\u00e1y kh\u00e1ch h\u00e0ng. C\u00e1c th\u00e0nh ph\u1ea7n kh\u00e1ch h\u00e0ng \u0111\u01b0\u1ee3c cung c\u1ea5p cho kh\u00e1ch h\u00e0ng, trong khi c\u00e1c th\u00e0nh ph\u1ea7n m\u00e1y ch\u1ee7 \u0111\u01b0\u1ee3c \u0111i\u1ec1u h\u00e0nh b\u1edfi nh\u00e0 \u00a0m\u00f4i gi\u1edbi. Meta Trader 4 \u0111\u00e3 tr\u1edf n\u00ean ph\u1ed5 bi\u1ebfn r\u1ed9ng r\u00e3i do c\u00f3 m\u1ee9c \u0111\u1ed9 tu\u1ef3 bi\u1ebfn cao m\u00e0 n\u00f3 cho ph\u00e9p b\u1ea1n t\u1ea1o ra c\u00e1c chuy\u00ean gia c\u1ed1 v\u1ea5n ho\u1eb7c c\u00e1c k\u1ecbch b\u1ea3n c\u1ee7a ri\u00eang b\u1ea1n v\u00e0 do \u0111\u00f3, t\u1ef1 \u0111\u1ed9ng ho\u00e1 qu\u00e1 tr\u00ecnh giao d\u1ecbch.<\/p>\n<p>\u00a0<\/p>\n<p align=\"center\"><a href=\"http:\/\/choose-forex.com\/sites\/default\/files\/u46\/mt4.jpg\" data-rel=\"penci-gallery-image-content\"  target=\"_blank\"><img loading=\"lazy\" height=\"275\" src=\"http:\/\/choose-forex.com\/sites\/default\/files\/u46\/mt4.jpg\" style=\"width: 501px; height: 305px\" width=\"497\" \/><\/a><\/p>\n<p>\u00a0<\/p>\n<p>M\u1ed9t tr\u1ee3 l\u1ef1c l\u1edbn trong vi\u1ec7c x\u00e1c \u0111\u1ecbnh xu h\u01b0\u1edbng v\u00e0 \u0111\u1ed9ng th\u00e1i gi\u00e1 t\u1eeb c\u00e1c c\u00f4ng c\u1ee5 ph\u00e2n t\u00edch nh\u01b0 k\u00eanh, \u0111\u01b0\u1eddng xu h\u01b0\u1edbng, c\u00f4ng c\u1ee5 Gann ho\u1eb7c Fibonacci. Meta Trader 4 c\u00f3 32 c\u00f4ng c\u1ee5 t\u00edch h\u1ee3p \u0111\u1ec3 gi\u00fap \u0111\u1ee1 trong ph\u00e2n t\u00edch c\u1ee7a b\u1ea1n.<\/p>\n<p>\u00a0<\/p>\n<p><a href=\"http:\/\/choose-forex.com\/sites\/default\/files\/u46\/metatrader4_analytical_tool_en.png\" data-rel=\"penci-gallery-image-content\"  target=\"_blank\"><img loading=\"lazy\" height=\"587\" src=\"http:\/\/choose-forex.com\/sites\/default\/files\/u46\/metatrader4_analytical_tool_en.png\" style=\"width: 536px; height: 236px\" width=\"667\" \/><\/a><\/p>\n<p>\u00a0<\/p>\n<p>Thi\u1ebft b\u1ecb \u0111\u1ea7u cu\u1ed1i c\u0169ng l\u01b0u tr\u1eef l\u1ecbch s\u1eed c\u1ee7a t\u1ea5t c\u1ea3 c\u00e1c giao d\u1ecbch c\u1ee7a b\u1ea1n \u0111\u1ec3 sau n\u00e0y b\u1ea1n c\u00f3 th\u1ec3 ph\u00e2n t\u00edch hi\u1ec7u qu\u1ea3 kinh doanh v\u00e0 t\u1ef7 l\u1ec7 th\u00e0nh c\u00f4ng c\u1ee7a chi\u1ebfn l\u01b0\u1ee3c c\u1ee7a b\u1ea1n. X\u00e2y d\u1ef1ng ngu\u1ed3n tin t\u1ee9c gi\u00fap b\u1ea1n c\u1eadp nh\u1eadt nh\u1eefng tin t\u1ee9c kinh t\u1ebf v\u00e0 ch\u00ednh tr\u1ecb m\u1edbi nh\u1ea5t.<\/p>\n<p>\tChuy\u00ean gia c\u1ed1 v\u1ea5n (EA) c\u00f3 th\u1ec3 \u0111\u01b0\u1ee3c x\u00e2y d\u1ef1ng trong thi\u1ebft b\u1ecb \u0111\u1ea7u cu\u1ed1i Meta Trader 4 \u0111\u1ec3 t\u1ef1 \u0111\u1ed9ng h\u00f3a giao d\u1ecbch c\u1ee7a b\u1ea1n. N\u1ebfu b\u1ea5t k\u1ef3 l\u1ed7i n\u00e0o \u0111\u01b0\u1ee3c ph\u00e1t hi\u1ec7n trong khi bi\u00ean d\u1ecbch ch\u01b0\u01a1ng tr\u00ecnh, b\u1ea1n s\u1ebd \u0111\u01b0\u1ee3c th\u00f4ng b\u00e1o v\u1ec1 ch\u00fang b\u1edfi thi\u1ebft b\u1ecb \u0111\u1ea7u cu\u1ed1i. M\u1ed9t khi EA \u0111\u01b0\u1ee3c bi\u00ean d\u1ecbch th\u00e0nh c\u00f4ng, n\u00f3 c\u00f3 th\u1ec3 \u0111\u01b0\u1ee3c s\u1eed d\u1ee5ng cho giao d\u1ecbch ho\u1eb7c th\u1eed nghi\u1ec7m m\u1ed9t chi\u1ebfn l\u01b0\u1ee3c.<\/p>\n<p>\u00a0<\/p>\n<p><a href=\"http:\/\/choose-forex.com\/sites\/default\/files\/u46\/metaeditor_expert_advisor_compilation_error_en.png\" data-rel=\"penci-gallery-image-content\"  target=\"_blank\"><img loading=\"lazy\" height=\"526\" src=\"http:\/\/choose-forex.com\/sites\/default\/files\/u46\/metaeditor_expert_advisor_compilation_error_en.png\" style=\"width: 538px; height: 333px\" width=\"533\" \/><\/a><\/p>\n<p>Meta Trader 4 c\u0169ng cung c\u1ea5p m\u1ed9t n\u1ec1n t\u1ea3ng di \u0111\u1ed9ng ho\u00e0n ch\u1ec9nh cho c\u00e1c nh\u00e0 kinh doanh c\u1ea7n ph\u1ea3i r\u1eddi kh\u1ecfi m\u00e1y t\u00ednh c\u1ee7a h\u1ecd nh\u01b0ng kh\u00f4ng mu\u1ed1n b\u1ecf l\u1ee1 m\u1ed9t c\u01a1 h\u1ed9i kinh doanh t\u1ed1t. Hi\u1ec7n nay, Meta Trader 4 l\u00e0 n\u1ec1n t\u1ea3ng giao d\u1ecbch ph\u1ed5 bi\u1ebfn nh\u1ea5t trong s\u1ed1 c\u00e1c nh\u00e0 kinh doanh l\u1ebb, \u0111\u01b0\u1ee3c cung c\u1ea5p b\u1edfi h\u1ea7u nh\u01b0 t\u1ea5t c\u1ea3 c\u00e1c nh\u00e0 m\u00f4i gi\u1edbi, ngay c\u1ea3 khi h\u1ecd c\u00f3 ph\u1ea7n m\u1ec1m kinh doanh \u0111\u1ed9c quy\u1ec1n.<\/p>\n<p>\t\u00a0\u00a0\u00a0\u00a0\u00a0\u00a0\u00a0\u00a0\u00a0\u00a0\u00a0\u00a0M\u1ed9t trong nh\u1eefng n\u1ec1n t\u1ea3ng \u0111ang ng\u00e0y c\u00e0ng tr\u1edf n\u00ean ph\u1ed5 bi\u1ebfn h\u01a1n l\u00e0 ACT Trader. L\u00fd do n\u00f3 ph\u1ed5 bi\u1ebfn l\u00e0 v\u00ec c\u00e1c th\u1ef1c \u0111\u01a1n tr\u1ef1c quan, n\u1ec1n t\u1ea3ng d\u1ec5 d\u00e0ng s\u1eed d\u1ee5ng, nh\u01b0ng c\u00f9ng m\u1ed9t l\u00fac c\u00f3 r\u1ea5t nhi\u1ec1u l\u1ef1a ch\u1ecdn cho c\u00e1c nh\u00e0 kinh doanh c\u1ea7n \u0111\u1eb7t l\u1ec7nh ph\u1ee9c t\u1ea1p h\u01a1n \u0111\u1ec3 nh\u1eadp v\u00e0o th\u1ecb tr\u01b0\u1eddng.<\/p>\n<p>\u00a0<\/p>\n<p><a href=\"http:\/\/choose-forex.com\/sites\/default\/files\/u46\/wb_img_40.png\" data-rel=\"penci-gallery-image-content\"  target=\"_blank\"><img loading=\"lazy\" height=\"364\" src=\"http:\/\/choose-forex.com\/sites\/default\/files\/u46\/wb_img_40.png\" style=\"width: 528px; height: 279px\" width=\"468\" \/><\/a><\/p>\n<p>\u00a0<\/p>\n<p>Ph\u00e1t tri\u1ec3n b\u1edfi ActForex INC, Act Trader \u0111\u01b0\u1ee3c cung c\u1ea5p b\u1edfi ng\u00e0y c\u00e0ng nhi\u1ec1u c\u00e1c nh\u00e0 m\u00f4i gi\u1edbi nh\u01b0 l\u00e0 m\u1ed9t g\u00f3i bi\u1ec3u \u0111\u1ed3 mi\u1ec5n ph\u00ed khi b\u1ea1n m\u1edf m\u1ed9t t\u00e0i kho\u1ea3n. H\u1ecd c\u0169ng cung c\u1ea5p m\u1ed9t l\u01b0\u1ee3ng l\u1edbn c\u00e1c n\u1ec1n t\u1ea3ng kh\u00e1c cho c\u00e1c trang web, Android ho\u1eb7c iPad &#8211; ActWebTrader, ActPhone, ActPad v\u00e0 ActDroid.<\/p>\n<p>\t\u00a0\u00a0\u00a0\u00a0\u00a0\u00a0\u00a0\u00a0\u00a0\u00a0\u00a0\u00a0\u00a0L\u00e0 m\u1ed9t s\u1ea3n ph\u1ea9m m\u1edbi, ActForex gi\u1edbi thi\u1ec7u ActVAT, m\u1ed9t bi\u00ean t\u1eadp Chi\u1ebfn l\u01b0\u1ee3c tr\u1ef1c quan cho ph\u00e9p b\u1ea1n x\u00e2y d\u1ef1ng c\u00e1c chi\u1ebfn l\u01b0\u1ee3c t\u1ef1 \u0111\u1ed9ng, m\u00e0 kh\u00f4ng c\u1ea7n vi\u1ebft nh\u1eefng d\u00f2ng m\u00e3.<\/p>\n<p>\u00a0<\/p>\n<p><a href=\"http:\/\/choose-forex.com\/sites\/default\/files\/u46\/vat_01.png\" data-rel=\"penci-gallery-image-content\"  target=\"_blank\"><img loading=\"lazy\" height=\"381\" src=\"http:\/\/choose-forex.com\/sites\/default\/files\/u46\/vat_01.png\" style=\"width: 517px; height: 279px\" width=\"471\" \/><\/a><\/p>\n<p>\u00a0<\/p>\n<p>M\u1ed9t n\u1ec1n t\u1ea3ng th\u00fa v\u1ecb v\u00e0 \u0111\u00e1ng tin c\u1eady kh\u00e1c l\u00e0 Ninja Trader, \u0111\u01b0\u1ee3c ph\u00e1t tri\u1ec3n b\u1edfi C\u00f4ng ty NinjaTrader, \u0111\u01b0\u1ee3c th\u00e0nh l\u1eadp v\u00e0o n\u0103m 2006 v\u00e0 c\u00f3 tr\u1ee5 s\u1edf t\u1ea1i Denver, Colorado.<\/p>\n<p>\u00a0<\/p>\n<p><a href=\"http:\/\/choose-forex.com\/sites\/default\/files\/u46\/advancedchartinglg.png\" data-rel=\"penci-gallery-image-content\"  target=\"_blank\"><img loading=\"lazy\" height=\"447\" src=\"http:\/\/choose-forex.com\/sites\/default\/files\/u46\/advancedchartinglg.png\" style=\"width: 537px; height: 250px\" width=\"797\" \/><\/a><\/p>\n<p>\u00a0<\/p>\n<p>M\u1ed9t t\u00ednh n\u0103ng th\u00fa v\u1ecb l\u00e0 Trade Simulator cung c\u1ea5p cho b\u1ea1n c\u01a1 h\u1ed9i \u0111\u1ec3 th\u1eed nghi\u1ec7m c\u00e1c chi\u1ebfn l\u01b0\u1ee3c c\u1ee7a b\u1ea1n b\u1eb1ng c\u00e1ch s\u1eed d\u1ee5ng m\u00f4 ph\u1ecfng \u0111\u1ea7y \u0111\u1ee7 c\u00e1c l\u1ec7nh. C\u00e1c giai \u0111o\u1ea1n \u0111\u1ea7u c\u1ee7a giao d\u1ecbch y\u00eau c\u1ea7u b\u1ea1n ph\u1ea3i t\u00ecm hi\u1ec3u b\u1eb1ng c\u00e1c giao d\u1ecbch m\u00f4 ph\u1ecfng v\u00e0 c\u00e1c nh\u00e0 kinh doanh gi\u00e0u kinh nghi\u1ec7m c\u1ea7n ph\u1ea3i m\u00f4 ph\u1ecfng m\u00f4i tr\u01b0\u1eddng c\u1ee7a th\u1ecb tr\u01b0\u1eddng \u0111\u1ec3 th\u1eed c\u00e1c kh\u00e1i ni\u1ec7m kinh doanh m\u1edbi ho\u1eb7c chi\u1ebfn l\u01b0\u1ee3c m\u1edbi.<\/p>\n<p>\t\u0110\u1ed1i v\u1edbi m\u1ed9t nh\u00e0 kinh doanh m\u1edbi, l\u1ef1a ch\u1ecdn n\u1ec1n t\u1ea3ng l\u00e0 m\u1ed9t v\u1ea5n \u0111\u1ec1 quan tr\u1ecdng, v\u00ec b\u1ea1n ph\u1ea3i c\u1ea3m th\u1ea5y tho\u1ea3i m\u00e1i v\u1edbi c\u00e1c ph\u1ea7n m\u1ec1m b\u1ea1n \u0111ang s\u1eed d\u1ee5ng. N\u1ebfu b\u1ea1n kh\u00f4ng c\u1ea7n c\u00e1c l\u1ec7nh th\u1ecb tr\u01b0\u1eddng ph\u1ee9c t\u1ea1p \u0111\u1ec3 m\u1edf m\u1ed9t v\u1ecb tr\u00ed ho\u1eb7c b\u1ea1n kh\u00f4ng c\u00f3 qu\u00e1 nhi\u1ec1u v\u1ecb tr\u00ed m\u1edf t\u1ea1i m\u1ed9t th\u1eddi \u0111i\u1ec3m, th\u00ec h\u00e3y chon m\u1ed9t n\u1ec1n t\u1ea3ng \u0111\u01a1n gi\u1ea3n nh\u01b0ng \u0111\u00e1ng tin c\u1eady<\/p>\n","protected":false},"excerpt":{"rendered":"<p>Ban \u0111\u1ea7u, kinh doanh d\u1ef1a tr\u00ean vi\u1ec7c \u0111\u1ecdc b\u0103ng v\u00e0 n\u1ebfu b\u1ea1n mu\u1ed1n t\u00ecm ra gi\u00e1 tr\u1ecb cho m\u1ed9t di chuy\u1ec3n trung b\u00ecnh nh\u1ea5t \u0111\u1ecbnh, b\u1ea1n ph\u1ea3i t\u00ednh to\u00e1n b\u1eb1ng&hellip;<\/p>\n","protected":false},"author":1,"featured_media":0,"parent":0,"menu_order":0,"comment_status":"open","ping_status":"open","template":"","meta":[],"tags":[286,687,284,285,688],"_links":{"self":[{"href":"https:\/\/choose-forex.com\/vi\/wp-json\/wp\/v2\/pages\/555\/"}],"collection":[{"href":"https:\/\/choose-forex.com\/vi\/wp-json\/wp\/v2\/pages\/"}],"about":[{"href":"https:\/\/choose-forex.com\/vi\/wp-json\/wp\/v2\/types\/page\/"}],"author":[{"embeddable":true,"href":"https:\/\/choose-forex.com\/vi\/wp-json\/wp\/v2\/users\/1\/"}],"replies":[{"embeddable":true,"href":"https:\/\/choose-forex.com\/vi\/wp-json\/wp\/v2\/comments\/?post=555"}],"version-history":[{"count":0,"href":"https:\/\/choose-forex.com\/vi\/wp-json\/wp\/v2\/pages\/555\/revisions\/"}],"wp:attachment":[{"href":"https:\/\/choose-forex.com\/vi\/wp-json\/wp\/v2\/media\/?parent=555"}],"wp:term":[{"taxonomy":"post_tag","embeddable":true,"href":"https:\/\/choose-forex.com\/vi\/wp-json\/wp\/v2\/tags\/?post=555"}],"curies":[{"name":"wp","href":"https:\/\/api.w.org\/{rel}","templated":true}]}}