{"id":601,"date":"2012-05-17T05:03:29","date_gmt":"2012-05-17T05:03:29","guid":{"rendered":"http:\/\/wp1.choose-forex.com\/?p=601"},"modified":"2012-05-17T05:03:29","modified_gmt":"2012-05-17T05:03:29","slug":"giao-dich-xa-hoi","status":"publish","type":"page","link":"https:\/\/choose-forex.com\/vi\/giao-dich-xa-hoi\/","title":{"rendered":"Giao d\u1ecbch x\u00e3 h\u1ed9i"},"content":{"rendered":"\n<p>M\u1ed9t h\u00ecnh th\u1ee9c m\u1edbi c\u1ee7a c\u01a1n b\u00e3o th\u01b0\u01a1ng m\u1ea1i to\u00e0n c\u1ea7u l\u00e0: giao d\u1ecbch x\u00e3 h\u1ed9i ho\u1eb7c giao d\u1ecbch nh\u00e2n b\u1ea3n. N\u00f3 kh\u00e1 d\u1ec5 d\u00e0ng \u0111\u1ec3 gi\u1ea3i th\u00edch v\u00e0 \u0111\u1ec3 hi\u1ec3u: c\u00e1c t\u1ed5 ch\u1ee9c t\u00e0i ch\u00ednh (th\u01b0\u1eddng l\u00e0 m\u00f4i gi\u1edbi) cung c\u1ea5p c\u01a1 h\u1ed9i \u0111\u1ec3 xem nh\u1eefng g\u00ec nh\u00e0 kinh doanh kh\u00e1c \u0111ang l\u00e0m v\u00e0 sao ch\u00e9p c\u00e1c ng\u00e0nh ngh\u1ec1 c\u1ee7a h\u1ecd. \u0110a s\u1ed1 c\u00e1c nh\u00e0 \u0111\u1ea7u t\u01b0 nh\u1ecf l\u1ebb b\u1ecb thi\u1ec7t h\u1ea1i trong th\u1ecb tr\u01b0\u1eddng ngo\u1ea1i h\u1ed1i, nh\u01b0ng c\u00f3 m\u1ed9t s\u1ed1 \u00edt c\u00f3 th\u1ec3 gi\u00e0nh \u0111\u01b0\u1ee3c l\u1ee3i nhu\u1eadn ph\u00f9 h\u1ee3p tr\u00ean tr\u00ean quy t\u1eafc c\u01a1 b\u1ea3n. H\u1ecd l\u00e0 nh\u1eefng ng\u01b0\u1eddi \u0111\u00e3 h\u1ecdc \u0111\u1ec3 v\u01b0\u1ee3t qua s\u1ee3 h\u00e3i, tham lam v\u00e0 t\u1ea5t c\u1ea3 t\u00ecnh c\u1ea3m c\u1ee7a h\u1ecd m\u00e0 c\u00f3 th\u1ec3 can thi\u1ec7p v\u00e0o th\u00e0nh c\u00f4ng trong giao d\u1ecbch, nh\u1eefng ng\u01b0\u1eddi c\u00f3 th\u1ec3 qu\u1ea3n l\u00fd r\u1ee7i ro v\u00e0 ki\u1ebfm ti\u1ec1n.<\/p>\n<p>\t\u00a0\u00a0\u00a0\u00a0\u00a0\u00a0\u00a0\u00a0\u00a0\u00a0\u00a0\u00a0\u00a0\u00a0\u00a0\u00a0M\u1ed7i nh\u00e0 kinh doanh m\u1edbi c\u00f3 th\u1ec3 \u0111\u00e1nh gi\u00e1 nh\u1eefng nh\u00e0 kinh doanh chuy\u00ean nghi\u1ec7p, ch\u1ecdn m\u1ed9t ho\u1eb7c nhi\u1ec1u trong s\u1ed1 h\u1ecd, v\u00e0 v\u1edbi s\u1ef1 gi\u00fap \u0111\u1ee1 c\u1ee7a m\u1ed9t s\u1ed1 c\u00f4ng ty d\u1ecbch v\u1ee5 t\u00e0i ch\u00ednh ho\u1eb7c c\u00f4ng ty m\u00f4i gi\u1edbi, h\u1ecd c\u00f3 th\u1ec3 li\u00ean k\u1ebft t\u00e0i kho\u1ea3n c\u1ee7a h\u1ecd \u0111\u1ebfn m\u1ed9t trong nh\u1eefng nh\u00e0 \u0111\u1ea7u t\u01b0 chuy\u00ean nghi\u1ec7p. B\u00e2y gi\u1edd t\u1ea5t c\u1ea3 m\u1ecdi th\u1ee9 tr\u1edf n\u00ean d\u1ec5 d\u00e0ng, b\u1edfi v\u00ec c\u00e1c giao d\u1ecbch \u0111\u01b0\u1ee3c th\u1ef1c hi\u1ec7n b\u1edfi c\u00e1c nh\u00e0 kinh doanh th\u00e0nh c\u00f4ng s\u1ebd \u0111\u01b0\u1ee3c t\u1ef1 \u0111\u1ed9ng sao ch\u00e9p v\u00e0o t\u00e0i kho\u1ea3n c\u1ee7a b\u1ea1n. M\u1ed9t s\u1ed1 c\u00f4ng ty d\u1ecbch v\u1ee5 t\u00e0i ch\u00ednh ho\u1eb7c c\u00f4ng ty m\u00f4i gi\u1edbi cung c\u1ea5p c\u01a1 h\u1ed9i \u0111\u1ec3 t\u1ef1 sao ch\u00e9p c\u00e1c ng\u00e0nh ngh\u1ec1 v\u1edbi ng\u01b0\u1eddi kh\u00e1c, th\u1eadm ch\u00ed b\u1ea1n c\u00f3 th\u1ec3 t\u1eaft m\u00e1y t\u00ednh c\u1ee7a b\u1ea1n b\u1edfi v\u00ec t\u1ea5t c\u1ea3 m\u1ecdi th\u1ee9 \u0111\u01b0\u1ee3c th\u1ef1c hi\u1ec7n t\u1ef1 \u0111\u1ed9ng. Ti\u1ebfp theo ch\u00fang ta s\u1ebd n\u00f3i v\u1ec1 m\u1ed9t s\u1ed1 c\u00e1c c\u00f4ng ty d\u1ecbch v\u1ee5 t\u00e0i ch\u00ednh ho\u1eb7c m\u00f4i gi\u1edbi cung c\u1ea5p d\u1ecbch v\u1ee5 giao d\u1ecbch x\u00e3 h\u1ed9i \/ giao d\u1ecbch nh\u00e2n b\u1ea3n.<\/p>\n<p>\t\u00a0\u00a0\u00a0\u00a0\u00a0\u00a0\u00a0\u00a0\u00a0\u00a0\u00a0\u00a0\u00a0\u00a0\u00a0\u00a0<a href=\"http:\/\/www.currensee.com\/\">Currensee<\/a>. C\u00f4ng ty \u0111\u01b0\u1ee3c th\u00e0nh l\u1eadp n\u0103m 2008 b\u1edfi nh\u00e0 ph\u00e1t tri\u1ec3n ph\u1ea7n m\u1ec1m Asaf Yigal v\u00e0 nh\u00e0 kinh doanh ngo\u1ea1i h\u1ed1i Avi Leventhal. M\u1ee5c ti\u00eau c\u1ee7a h\u1ecd l\u00e0 \u0111\u1ec3 mang l\u1ea1i m\u1ed9t c\u1ea5p \u0111\u1ed9 m\u1edbi v\u1ec1 t\u00ednh minh b\u1ea1ch cho kinh doanh b\u00e1n l\u1ebb v\u00e0 cho ph\u00e9p nh\u00e0 kinh doanh nh\u00ecn th\u1ea5y trong th\u1eddi gian th\u1ef1c nh\u1eefng g\u00ec ng\u01b0\u1eddi kh\u00e1c \u0111ang l\u00e0m v\u00e0 chia s\u1ebb chi\u1ebfn l\u01b0\u1ee3c kinh doanh.<\/p>\n<p>\tNh\u00e0 kinh doanh li\u00ean k\u1ebft c\u00e1c t\u00e0i kho\u1ea3n m\u00f4i gi\u1edbi tr\u1ef1c ti\u1ebfp c\u1ee7a h\u1ecd cho m\u1ed9t nh\u00e0 giao d\u1ecbch tr\u01b0\u1edfng Currensee. T\u1ea5t c\u1ea3 c\u00e1c nh\u00e0 giao d\u1ecbch tr\u01b0\u1edfng \u0111\u01b0\u1ee3c ki\u1ec3m tra c\u1ea9n th\u1eadn b\u1edfi Currensee d\u1ef1a tr\u00ean l\u1ecbch s\u1eed v\u00e0 th\u1ef1c hi\u1ec7n tr\u1ef1c ti\u1ebfp trong th\u1eddi gian th\u1ef1c. B\u1ea1n c\u00f3 th\u1ec3 ph\u00e2n b\u1ed5 v\u1ed1n cho t\u1eebng nh\u00e0 giao d\u1ecbch tr\u01b0\u1edfng m\u00e0 b\u1ea1n \u0111ang theo v\u00e0 sau \u0111\u00f3 b\u1ea1n c\u00f3 th\u1ec3 thay \u0111\u1ed5i s\u1ed1 l\u01b0\u1ee3ng \u0111\u01b0\u1ee3c ph\u00e2n b\u1ed5 n\u1ebfu b\u1ea1n th\u1ea5y hi\u1ec7u su\u1ea5t c\u1ee7a nh\u00e0 kinh doanh tr\u01b0\u1edfng b\u1ecb r\u1edbt. B\u1ea1n c\u0169ng c\u00f3 th\u1ec3 th\u00eam ho\u1eb7c d\u1eebng theo m\u1ed9t nh\u00e0 giao d\u1ecbch tr\u01b0\u1edfng trong th\u1eddi gian th\u1ef1c. T\u1ea5t nhi\u00ean, b\u1ea1n c\u00f3 th\u1ec3 th\u1ea5y c\u00e1c giao d\u1ecbch \u0111\u01b0\u1ee3c th\u1ef1c hi\u1ec7n trong th\u1eddi gian th\u1ef1c v\u00e0 Currensee cung c\u1ea5p cho b\u1ea1n to\u00e0n quy\u1ec1n ki\u1ec3m so\u00e1t qu\u1ea3n l\u00fd r\u1ee7i ro.<\/p>\n<p>\u00a0<\/p>\n<p><a href=\"http:\/\/choose-forex.com\/sites\/default\/files\/u46\/newpicture39.jpg\" data-rel=\"penci-gallery-image-content\"  target=\"_blank\"><img loading=\"lazy\" height=\"478\" src=\"http:\/\/choose-forex.com\/sites\/default\/files\/u46\/newpicture39.jpg\" style=\"width: 524px; height: 507px\" width=\"428\" \/><\/a><\/p>\n<p><a href=\"http:\/\/www.ayondo.com\/en\/home\" target=\"_blank\"><strong>Ayondo<\/strong><\/a> c\u0169ng cung c\u1ea5p giao d\u1ecbch nh\u00e2n b\u1ea3n t\u01b0\u01a1ng t\u1ef1 nh\u01b0 Currensee. Tr\u01b0\u1edbc ti\u00ean b\u1ea1n ph\u1ea3i ch\u1ecdn nh\u00e0 giao d\u1ecbch h\u00e0ng \u0111\u1ea7u. B\u1ea1n c\u00f3 th\u1ec3 t\u00ecm th\u1ea5y t\u1ea5t c\u1ea3 c\u00e1c lo\u1ea1i b\u1ea3ng x\u1ebfp h\u1ea1ng trong danh s\u00e1ch c\u1ee7a Ayondo: nh\u00e0 kinh doanh t\u1ed1t nh\u1ea5t cho m\u1ed9t lo\u1ea1i ti\u1ec1n t\u1ec7 nh\u1ea5t \u0111\u1ecbnh trong giao \u0111o\u1ea1n nh\u1ea5t \u0111\u1ecbnh tr\u01b0\u1edbc \u0111\u00f3, ho\u1eb7c nh\u00e0 kinh doanh t\u1ed1t nh\u1ea5t \u0111\u00f3ng c\u00e1c giao d\u1ecbch c\u1ee7a m\u00ecnh trong v\u00f2ng 15 ph\u00fat, vv Sau \u0111\u00f3, b\u1ea1n th\u00eam c\u00e1c nh\u00e0 kinh doanh \u0111\u01b0\u1ee3c l\u1ef1a ch\u1ecdn v\u00e0o danh s\u00e1ch b\u1ea1n theo d\u00f5i v\u00e0 t\u1eeb th\u1eddi \u0111i\u1ec3m n\u00e0y, b\u1ea1n c\u00f3 th\u1ec3 th\u1ea5y h\u00e0nh \u0111\u1ed9ng d\u1eebng l\u1ed7 v\u00e0 m\u1ee9c l\u1ee3i nhu\u1eadn c\u1ee7a anh ta. Tr\u1ef1c ti\u1ebfp th\u00f4ng b\u00e1o cho b\u1ea1n bi\u1ebft khi m\u1ed9t nh\u00e0 kinh doanh \u0111\u01b0\u1ee3c l\u1ef1a ch\u1ecdn v\u00e0o m\u1ed9t v\u1ecb tr\u00ed m\u1edbi ho\u1eb7c s\u1eeda \u0111\u1ed5i c\u00f3 s\u1eb5n. B\u1ea1n c\u00f3 th\u1ec3 th\u00eam \u0111\u1ebfn n\u0103m nh\u00e0 kinh doanh trong danh s\u00e1ch theo d\u00f5i c\u1ee7a b\u1ea1n v\u00e0 b\u1ea1n c\u00f3 th\u1ec3 lo\u1ea1i b\u1ecf h\u1ecd b\u1ea5t c\u1ee9 khi n\u00e0o b\u1ea1n mu\u1ed1n.<br \/>\n\tN\u1ebfu b\u1ea1n mu\u1ed1n sao ch\u00e9p t\u1ef1 \u0111\u1ed9ng nh\u00e0 kinh doanh b\u1ea1n \u0111\u00e3 ch\u1ecdn, b\u1ea1n c\u1ea7n m\u1ed9t t\u00e0i kho\u1ea3n m\u00f4i gi\u1edbi v\u1edbi m\u1ed9t trong nh\u1eefng nh\u00e0 m\u00f4i gi\u1edbi \u0111\u1ed1i t\u00e1c c\u1ee7a h\u1ecd. Sau khi t\u00e0i kho\u1ea3n \u0111\u00f3 \u0111\u01b0\u1ee3c n\u1ea1p ti\u1ec1n, b\u1ea1n k\u1ebft n\u1ed1i n\u00f3 v\u1edbi Ayondo v\u00e0 b\u1ea1n c\u00f3 th\u1ec3 b\u1eaft \u0111\u1ea7u sao ch\u00e9p c\u00e1c nh\u00e0 \u0111\u1ea7u t\u01b0 m\u00e0 b\u1ea1n l\u1ef1a ch\u1ecdn.<\/p>\n<p><br clear=\"all\" \/><br \/>\n\t\u00a0<a href=\"http:\/\/choose-forex.com\/sites\/default\/files\/u46\/newpicture40.jpg\" target=\"_blank\"> <img loading=\"lazy\" height=\"378\" src=\"http:\/\/choose-forex.com\/sites\/default\/files\/u46\/newpicture40.jpg\" style=\"width: 520px; height: 390px\" width=\"494\" \/><\/a><\/p>\n<p>Trong s\u1ed1 c\u00e1c nh\u00e0 m\u00f4i gi\u1edbi cung c\u1ea5p c\u00e1c giao d\u1ecbch x\u00e3 h\u1ed9i, <a href=\"http:\/\/choose-forex.com\/article\/etoro-review\" target=\"_blank\"><strong>eToro<\/strong><\/a> l\u00e0 \u0111\u00e1ng \u0111\u01b0\u1ee3c nh\u1eafc \u0111\u1ebfn. N\u1ec1n t\u1ea3ng OpenBook c\u1ee7a h\u1ecd cho ph\u00e9p b\u1ea1n nh\u00ecn th\u1ea5y c\u00e1c ng\u00e0nh ngh\u1ec1 th\u1ef1c s\u1ef1, \u0111\u01b0\u1ee3c th\u1ef1c hi\u1ec7n b\u1edfi nh\u1eefng ng\u01b0\u1eddi th\u1ef1c s\u1ef1 trong th\u1eddi gian th\u1ef1c v\u00e0 sao ch\u00e9p ch\u00fang. H\u00e3y suy ngh\u0129 v\u1ec1 n\u00f3 nh\u01b0 m\u1ed9t m\u1ea1ng l\u01b0\u1edbi l\u1edbn n\u01a1i m\u00e0 c\u00e1c nh\u00e0 kinh doanh li\u00ean t\u1ee5c nh\u1eadn \u0111\u01b0\u1ee3c ngu\u1ed3n c\u1ea5p d\u1eef li\u1ec7u tr\u1ef1c ti\u1ebfp v\u1ec1 quy\u1ebft \u0111\u1ecbnh c\u1ee7a nh\u00e0 \u0111\u1ea7u t\u01b0 kh\u00e1c. B\u1eb1ng c\u00e1ch n\u00e0y b\u1ea1n c\u00f3 th\u1ec3 \u0111\u01b0a th\u00f4ng tin nhi\u1ec1u h\u01a1n v\u00e0o c\u00e1c quy\u1ebft \u0111\u1ecbnh kinh doanh c\u1ee7a b\u1ea1n v\u00e0 b\u1ea1n \u0111\u01b0\u1ee3c t\u1ef1 do \u0111\u1ec3 b\u1eaft \u0111\u1ea7u c\u00e1c cu\u1ed9c th\u1ea3o lu\u1eadn kinh doanh c\u00e1c nh\u00e0 \u0111\u1ea7u t\u01b0 kh\u00e1c. V\u1edbi t\u00ednh n\u0103ng CopyTrader, b\u1ea1n c\u00f3 th\u1ec3 t\u1ef1 \u0111\u1ed9ng theo nh\u00e0 \u0111\u1ea7u t\u01b0 m\u00e0 b\u1ea1n l\u1ef1a ch\u1ecdn, nh\u01b0ng b\u1ea1n gi\u1eef l\u1ea1i to\u00e0n quy\u1ec1n ki\u1ec3m so\u00e1t t\u00e0i kho\u1ea3n c\u1ee7a b\u1ea1n v\u00e0 c\u00f3 th\u1ec3 tho\u00e1t kh\u1ecfi giao d\u1ecbch t\u1ea1i b\u1ea5t k\u1ef3 th\u1eddi \u0111i\u1ec3m n\u00e0o ho\u1eb7c ng\u0103n ch\u1eb7n sao ch\u00e9p t\u1eeb nh\u00e0 \u0111\u1ea7u t\u01b0 m\u00e0 b\u1ea1n l\u1ef1a ch\u1ecdn<\/p>\n<p>\u00a0<\/p>\n<p><a href=\"http:\/\/choose-forex.com\/sites\/default\/files\/u46\/newpicture41.jpg\" data-rel=\"penci-gallery-image-content\"  target=\"_blank\"><img loading=\"lazy\" height=\"436\" src=\"http:\/\/choose-forex.com\/sites\/default\/files\/u46\/newpicture41.jpg\" style=\"width: 538px; height: 332px\" width=\"596\" \/><\/a><\/p>\n<p>L\u00e0 m\u1ed9t nh\u00e0 \u0111\u1ea7u t\u01b0 nh\u1ecf l\u1ebb m\u1edbi, b\u1ea1n c\u00e0ng c\u1ea7n nhi\u1ec1u th\u00f4ng tin v\u00e0 gi\u00fap b\u1ea1n c\u00f3 th\u1ec3 nh\u1eadn \u0111\u01b0\u1ee3c nhi\u1ec1u \u00fd ki\u1ebfn v\u00e0 c\u00e1c d\u1ecbch v\u1ee5 giao d\u1ecbch x\u00e3 h\u1ed9i h\u01a1n \u200b\u200b\u0111\u1ec3 gi\u00fap b\u1ea1n th\u1ef1c hi\u1ec7n m\u1ed9t quy\u1ebft \u0111\u1ecbnh kinh doanh t\u1ed1t h\u01a1n, nhi\u1ec1u th\u00f4ng tin h\u01a1n.<\/p>\n<p>\u00a0<\/p>\n","protected":false},"excerpt":{"rendered":"<p>M\u1ed9t h\u00ecnh th\u1ee9c m\u1edbi c\u1ee7a c\u01a1n b\u00e3o th\u01b0\u01a1ng m\u1ea1i to\u00e0n c\u1ea7u l\u00e0: giao d\u1ecbch x\u00e3 h\u1ed9i ho\u1eb7c giao d\u1ecbch nh\u00e2n b\u1ea3n. N\u00f3 kh\u00e1 d\u1ec5 d\u00e0ng \u0111\u1ec3 gi\u1ea3i th\u00edch v\u00e0 \u0111\u1ec3&hellip;<\/p>\n","protected":false},"author":1,"featured_media":0,"parent":0,"menu_order":0,"comment_status":"open","ping_status":"open","template":"","meta":[],"tags":[],"_links":{"self":[{"href":"https:\/\/choose-forex.com\/vi\/wp-json\/wp\/v2\/pages\/601\/"}],"collection":[{"href":"https:\/\/choose-forex.com\/vi\/wp-json\/wp\/v2\/pages\/"}],"about":[{"href":"https:\/\/choose-forex.com\/vi\/wp-json\/wp\/v2\/types\/page\/"}],"author":[{"embeddable":true,"href":"https:\/\/choose-forex.com\/vi\/wp-json\/wp\/v2\/users\/1\/"}],"replies":[{"embeddable":true,"href":"https:\/\/choose-forex.com\/vi\/wp-json\/wp\/v2\/comments\/?post=601"}],"version-history":[{"count":0,"href":"https:\/\/choose-forex.com\/vi\/wp-json\/wp\/v2\/pages\/601\/revisions\/"}],"wp:attachment":[{"href":"https:\/\/choose-forex.com\/vi\/wp-json\/wp\/v2\/media\/?parent=601"}],"wp:term":[{"taxonomy":"post_tag","embeddable":true,"href":"https:\/\/choose-forex.com\/vi\/wp-json\/wp\/v2\/tags\/?post=601"}],"curies":[{"name":"wp","href":"https:\/\/api.w.org\/{rel}","templated":true}]}}