{"id":620,"date":"2012-05-16T11:07:03","date_gmt":"2012-05-16T11:07:03","guid":{"rendered":"http:\/\/wp1.choose-forex.com\/?p=620"},"modified":"2012-05-16T11:07:03","modified_gmt":"2012-05-16T11:07:03","slug":"so-sanh-nha-moi-gioi-3","status":"publish","type":"page","link":"https:\/\/choose-forex.com\/vi\/chon-mot-nha-moi-gioi-3\/so-sanh-nha-moi-gioi-3\/","title":{"rendered":"So s\u00e1nh nh\u00e0 m\u00f4i gi\u1edbi"},"content":{"rendered":"\n<p>M\u1ed9t trong nh\u1eefng \u0111i\u1ec1u quan tr\u1ecdng nh\u1ea5t cho m\u1ed9t nh\u00e0 kinh doanh, b\u1ea5t k\u1ec3 m\u1ee9c \u0111\u1ed9 kinh nghi\u1ec7m, \u0111\u01b0\u1ee3c l\u1ef1a ch\u1ecdn m\u1ed9t nh\u00e0 m\u00f4i gi\u1edbi \u0111\u00e1ng tin c\u1eady, trung th\u1ef1c, v\u1edbi hoa h\u1ed3ng m\u00f4i gi\u1edbi v\u00e0 th\u1ef1c thi t\u1ed1t. Th\u1eadm ch\u00ed n\u1ebfu chi\u1ebfn l\u01b0\u1ee3c c\u1ee7a b\u1ea1n l\u00e0 t\u1ed1t v\u00e0 b\u1ea1n c\u1ea3m th\u1ea5y r\u1eb1ng giao d\u1ecbch c\u1ee7a b\u1ea1n d\u01b0\u1edbi s\u1ef1 ki\u1ec3m so\u00e1t, c\u00f3 th\u1ec3 d\u1ec5 d\u00e0ng thay \u0111\u1ed5i n\u1ebfu c\u00e1c nh\u00e0 m\u00f4i gi\u1edbi m\u00e0 b\u1ea1n \u0111ang giao d\u1ecbch kh\u00f4ng trung th\u1ef1c.<\/p>\n<p>\n\t\u0110i\u1ec1u \u0111\u00f3 c\u00f3 th\u1ec3 l\u00e0 m\u1ed9t nhi\u1ec7m v\u1ee5 kh\u00f3 kh\u0103n \u0111\u1ec3 ho\u00e0n th\u00e0nh v\u00e0 ch\u00fang t\u00f4i s\u1ebd gi\u00fap b\u1ea1n. Trong b\u00e0i vi\u1ebft ti\u1ebfp theo, b\u1ea1n s\u1ebd t\u00ecm th\u1ea5y c\u00e1c \u00fd ki\u1ebfn \u200b\u200bc\u1ee7a m\u1ed9t s\u1ed1 c\u00e1c nh\u00e0 m\u00f4i gi\u1edbi n\u1ed5i ti\u1ebfng nh\u1ea5t.<\/p>\n<p>\u00a0<\/p>\n<p class=\"title\" id=\"page-title\"><strong><font color=\"#008080\"><span style=\"font-size: 12px\"><span class=\"views-field views-field-title\"><span class=\"field-content\"><a href=\"http:\/\/choose-forex.com\/article\/saxo-bank-review\" target=\"_blank\"><font color=\"#005a8c\">Saxo Bank Review<\/font><\/a><\/span><\/span><\/span><\/font><\/strong><\/p>\n<p><strong><font color=\"#008080\"><span style=\"font-size: 12px\"><span class=\"views-field views-field-title\"><span class=\"field-content\"><a href=\"http:\/\/choose-forex.com\/article\/plus500-review\" target=\"_blank\"><font color=\"#005a8c\">Plus500 Review<\/font><\/a><\/span><\/span><\/span><\/font><\/strong><\/p>\n<p><strong><font color=\"#008080\"><span class=\"views-field views-field-title\"><span class=\"field-content\"><a href=\"http:\/\/choose-forex.com\/article\/etoro-review\" target=\"_blank\"><font color=\"#005a8c\">eToro Review<\/font><\/a><\/span><\/span><\/font><\/strong><\/p>\n<p><strong><font color=\"#008080\"><span class=\"views-field views-field-title\"><span class=\"field-content\"><a href=\"http:\/\/choose-forex.com\/article\/easy-forex-review\" target=\"_blank\"><font color=\"#005a8c\">Easy Forex Review<\/font><\/a><\/span><\/span><\/font><\/strong><\/p>\n<p><strong><font color=\"#008080\"><span class=\"views-field views-field-title\"><span class=\"field-content\"><a href=\"http:\/\/choose-forex.com\/article\/alpari-uk-review\" target=\"_blank\"><font color=\"#005a8c\">Alpari UK Review<\/font><\/a><\/span><\/span><\/font><\/strong><\/p>\n<p><strong><font color=\"#008080\"><span class=\"views-field views-field-title\"><span class=\"field-content\"><a href=\"http:\/\/choose-forex.com\/article\/marketscom-review\" target=\"_blank\"><font color=\"#005a8c\">Markets.com review<\/font><\/a><\/span><\/span><\/font><\/strong><\/p>\n<p><strong><font color=\"#008080\"><span class=\"views-field views-field-title\"><span class=\"field-content\"><a href=\"http:\/\/choose-forex.com\/article\/avafx-review\" target=\"_blank\"><font color=\"#005a8c\">AVAFX review<\/font><\/a><\/span><\/span><\/font><\/strong><\/p>\n<p><strong><font color=\"#008080\"><span class=\"views-field views-field-title\"><span class=\"field-content\"><a href=\"http:\/\/choose-forex.com\/article\/fxcm-review\" target=\"_blank\"><font color=\"#005a8c\">FXCM review<\/font><\/a><\/span><\/span><\/font><\/strong><\/p>\n<p>\u00a0<\/p>\n<p>\u00a0<\/p>\n","protected":false},"excerpt":{"rendered":"<p>M\u1ed9t trong nh\u1eefng \u0111i\u1ec1u quan tr\u1ecdng nh\u1ea5t cho m\u1ed9t nh\u00e0 kinh doanh, b\u1ea5t k\u1ec3 m\u1ee9c \u0111\u1ed9 kinh nghi\u1ec7m, \u0111\u01b0\u1ee3c l\u1ef1a ch\u1ecdn m\u1ed9t nh\u00e0 m\u00f4i gi\u1edbi \u0111\u00e1ng tin c\u1eady, trung th\u1ef1c,&hellip;<\/p>\n","protected":false},"author":1,"featured_media":0,"parent":618,"menu_order":0,"comment_status":"open","ping_status":"open","template":"","meta":[],"tags":[761],"_links":{"self":[{"href":"https:\/\/choose-forex.com\/vi\/wp-json\/wp\/v2\/pages\/620\/"}],"collection":[{"href":"https:\/\/choose-forex.com\/vi\/wp-json\/wp\/v2\/pages\/"}],"about":[{"href":"https:\/\/choose-forex.com\/vi\/wp-json\/wp\/v2\/types\/page\/"}],"author":[{"embeddable":true,"href":"https:\/\/choose-forex.com\/vi\/wp-json\/wp\/v2\/users\/1\/"}],"replies":[{"embeddable":true,"href":"https:\/\/choose-forex.com\/vi\/wp-json\/wp\/v2\/comments\/?post=620"}],"version-history":[{"count":0,"href":"https:\/\/choose-forex.com\/vi\/wp-json\/wp\/v2\/pages\/620\/revisions\/"}],"up":[{"embeddable":true,"href":"https:\/\/choose-forex.com\/vi\/wp-json\/wp\/v2\/pages\/618\/"}],"wp:attachment":[{"href":"https:\/\/choose-forex.com\/vi\/wp-json\/wp\/v2\/media\/?parent=620"}],"wp:term":[{"taxonomy":"post_tag","embeddable":true,"href":"https:\/\/choose-forex.com\/vi\/wp-json\/wp\/v2\/tags\/?post=620"}],"curies":[{"name":"wp","href":"https:\/\/api.w.org\/{rel}","templated":true}]}}