{"id":627,"date":"2012-05-16T10:44:12","date_gmt":"2012-05-16T10:44:12","guid":{"rendered":"http:\/\/wp1.choose-forex.com\/?p=627"},"modified":"2012-05-16T10:44:12","modified_gmt":"2012-05-16T10:44:12","slug":"danh-gia-alpari-uk-2","status":"publish","type":"page","link":"https:\/\/choose-forex.com\/vi\/chon-mot-nha-moi-gioi-3\/danh-gia-alpari-uk-2\/","title":{"rendered":"\u0110\u00e1nh gi\u00e1 Alpari UK"},"content":{"rendered":"\n<p><a href=\"http:\/\/www.alpari.co.uk\/\">Alpari UK<\/a>\u00a0\u00a0l\u00e0 m\u1ed9t trong nh\u1eefng nh\u00e0 m\u00f4i gi\u1edbi ngo\u1ea1i h\u1ed1i h\u00e0ng \u0111\u1ea7u, l\u00e0 m\u1ed9t ph\u1ea7n trong t\u1eadp \u0111o\u00e0n Alpari k\u1ebft n\u1ed1i h\u01a1n 170,000 t\u00e0i kho\u1ea3n ho\u1ea1t \u0111\u1ed9ng tr\u00ean to\u00e0n th\u1ebf gi\u1edbi trong th\u00e1ng 5 n\u0103m 2011. H\u1ecd c\u0169ng cung c\u1ea5p mi\u1ec5n ph\u00ed thu\u1ebf m\u00f4i gi\u1edbi ti\u1ec1n t\u1ec7 cho c\u00e1c c\u00f4ng d\u00e2n Anh.<br \/>\n\t\u00a0\u00a0\u00a0\u00a0\u00a0\u00a0\u00a0\u00a0\u00a0\u00a0\u00a0H\u1ecd cung c\u1ea5p c\u00e1c n\u1ec1n t\u1ea3ng giao d\u1ecbch \u0111\u1ed9c quy\u1ec1n, nh\u01b0ng k\u1ec3 t\u1eeb khi MT4 ph\u1ed5 bi\u1ebfn, nhi\u1ec1u nh\u00e0 \u0111\u1ea7u t\u01b0 c\u1ea3m th\u1ea5y tho\u1ea3i m\u00e1i h\u01a1n v\u1edbi n\u00f3. Th\u00eam v\u00e0o \u0111\u00f3, h\u1ecd cung c\u1ea5p c\u00f4ng c\u1ee5 bi\u1ec3u \u0111\u1ed3 nh\u1eadn d\u1ea1ng m\u1eabu <a href=\"http:\/\/www.autochartist.com\/\">Autochartist<\/a><\/p>\n<p>\u00a0v\u00e0 Alpari Squawk \u0111\u1ec3 b\u00ecnh lu\u1eadn th\u1ecb tr\u01b0\u1eddng tr\u1ef1c ti\u1ebfp b\u1eb1ng \u00e2m thanh.<br \/>\n\t\u00a0\u00a0\u00a0\u00a0\u00a0\u00a0\u00a0\u00a0\u00a0\u00a0\u00a0V\u1edbi m\u1ed9t s\u1ef1 k\u1ebft h\u1ee3p c\u1ee7a L\u1ec7nh x\u1eed l\u00fd th\u1eb3ng (STP) v\u00e0 Kh\u00f4ng qua b\u00e0n giao d\u1ecbch (NDD), h\u1ecd c\u00f3 th\u1ec3 cung c\u1ea5p chi ph\u00ed th\u1ef1c hi\u1ec7n th\u1ea5p nh\u1ea5t cho c\u00e1c kh\u00e1ch h\u00e0ng v\u00e0 ch\u1ea5t l\u01b0\u1ee3ng cao, m\u1ee9c gi\u00e1 \u1ed5n \u0111\u1ecbnh h\u01a1n. Tuy nhi\u00ean, trong th\u1eddi \u0111i\u1ec3m th\u1ecb tr\u01b0\u1eddng bi\u1ebfn \u0111\u1ed9ng, b\u1ea1n c\u00f3 th\u1ec3 c\u00f3 b\u00e1o gi\u00e1 m\u1edbi- requoted \u00a0ho\u1eb7c ch\u1eadm tr\u1ec5 trong giao d\u1ecbch.<br \/>\n\t\u00a0\u00a0\u00a0\u00a0\u00a0\u00a0\u00a0\u00a0\u00a0\u00a0\u00a0Alpari c\u00f3 v\u0103n ph\u00f2ng t\u1ea1i h\u01a1n 20 qu\u1ed1c gia. Bao g\u1ed3m New York, Th\u01b0\u1ee3ng H\u1ea3i, Tokyo, Dubai, Mumbai v\u00e0 Frankfurt, cho th\u1ea5y r\u1eb1ng h\u1ecd \u0111ang ph\u00e1t tri\u1ec3n li\u00ean t\u1ee5c v\u00e0 c\u1ed1 g\u1eafng \u0111\u1ec3 s\u1ef1 hi\u1ec7n di\u1ec7n c\u1ee7a h\u1ecd \u0111\u01b0\u1ee3c bi\u1ebft \u0111\u1ebfn tr\u00ean to\u00e0n th\u1ebf gi\u1edbi.<br \/>\n\t\u00a0\u00a0\u00a0\u00a0\u00a0\u00a0\u00a0\u00a0\u00a0\u00a0Tr\u01b0\u1edbc khi \u0111\u1ea7u t\u01b0 v\u1edbi h\u1ecd, s\u1ebd l\u00e0 kh\u00f4n ngoan \u0111\u1ec3 t\u1ef1 m\u00ecnh ki\u1ec3m tra xem ch\u00fang ho\u1ea1t \u0111\u1ed9ng ra sao v\u00e0 th\u1eed t\u00e0i kho\u1ea3n d\u00f9ng th\u1eed.<\/p>\n<p><strong><u>Th\u00f4ng tin chung<\/u><\/strong><\/p>\n<p>\u00a0<\/p>\n<table border=\"1\" cellpadding=\"0\" cellspacing=\"0\" style=\"width: 100%\" width=\"100%\">\n<tbody>\n<tr>\n<td style=\"width: 187px\">\n<p>Tr\u1ee5 s\u1edf:<\/p>\n<\/td>\n<td style=\"width: 299px\">\n<p>London, Anh<\/p>\n<\/td>\n<\/tr>\n<tr>\n<td style=\"width: 187px\">\n<p>Chi nh\u00e1nh<\/p>\n<\/td>\n<td style=\"width: 299px\">\n<p>New York, Shanghai, Tokyo, Dubai, Mumbai and Frankfurt.<\/p>\n<\/td>\n<\/tr>\n<tr>\n<td style=\"width: 187px\">\n<p>N\u0103m th\u00e0nh l\u1eadp<\/p>\n<\/td>\n<td style=\"width: 299px\">\n<p>1998<\/p>\n<\/td>\n<\/tr>\n<tr>\n<td style=\"width: 187px\">\n<p>\u0110\u01b0\u1ee3c quy \u0111\u1ecbnh b\u1edfi:<\/p>\n<\/td>\n<td style=\"width: 299px\">\n<p>FSA s\u1ed1 \u0111\u0103ng k\u00fd\u00a0 448002<\/p>\n<\/td>\n<\/tr>\n<tr>\n<td style=\"width: 187px\">\n<p>Ph\u00e2n bi\u1ec7t t\u00e0i kho\u1ea3n kh\u00e1ch h\u00e0ng:<\/p>\n<\/td>\n<td style=\"width: 299px\">\n<p>C\u00f3<\/p>\n<\/td>\n<\/tr>\n<tr>\n<td style=\"width: 187px\">\n<p>Ch\u1ea5p nh\u1eadn nh\u00e0 \u0111\u1ea7u t\u01b0 M\u1ef9<\/p>\n<\/td>\n<td style=\"width: 299px\">\n<p>C\u00f3 (<a href=\"http:\/\/www.alpari-us.com\/#2\">Alpari US<\/a>)<\/p>\n<\/td>\n<\/tr>\n<\/tbody>\n<\/table>\n<p><strong><u>C\u00e1c \u0111i\u1ec1u ki\u1ec7n giao d\u1ecbch:<\/u><\/strong><\/p>\n<p>\u00a0<\/p>\n<table border=\"1\" cellpadding=\"0\" cellspacing=\"0\" style=\"width: 100%\" width=\"100%\">\n<tbody>\n<tr>\n<td style=\"width: 230px\">\n<p>N\u1ec1n t\u1ea3ng m\u1ea1ng<\/p>\n<\/td>\n<td style=\"width: 358px\">\n<p>Kh\u00f4ng s\u1eb5n c\u00f3<\/p>\n<\/td>\n<\/tr>\n<tr>\n<td style=\"width: 230px\">\n<p>N\u1ec1n t\u1ea3ng t\u1ea3i v\u1ec1<\/p>\n<\/td>\n<td style=\"width: 358px\">\n<p>Metatrader 4, Metatrader 5, Alpari Direct, Alpari Direct PRO (with Currenex)<\/p>\n<\/td>\n<\/tr>\n<tr>\n<td style=\"width: 230px\">\n<p>Ph\u00ed m\u00f4i gi\u1edbi<\/p>\n<\/td>\n<td style=\"width: 358px\">\n<p>Thay \u0111\u1ed5i<\/p>\n<\/td>\n<\/tr>\n<tr>\n<td style=\"width: 230px\">\n<p>B\u1ea3o \u0111\u1ea3m d\u1eebng l\u1ed7<\/p>\n<\/td>\n<td style=\"width: 358px\">\n<p>L\u1ec7nh \u0111\u01b0\u1ee3c th\u1ef1c hi\u1ec7n \u1edf m\u1ee9c gi\u00e1 t\u1ed1t nh\u1ea5t<\/p>\n<\/td>\n<\/tr>\n<tr>\n<td style=\"width: 230px\">\n<p>L\u1ec7nh d\u1eebng l\u1ed7<\/p>\n<\/td>\n<td style=\"width: 358px\">\n<p>thu\u1ed9c ph\u00eda kh\u00e1ch h\u00e0ng<\/p>\n<\/td>\n<\/tr>\n<tr>\n<td style=\"width: 230px\">\n<p>Scalping<\/p>\n<\/td>\n<td style=\"width: 358px\">\n<p>\u0110\u01b0\u1ee3c ph\u00e9p<\/p>\n<\/td>\n<\/tr>\n<tr>\n<td style=\"width: 230px\">\n<p>\u0110\u01b0\u1ee3c ph\u00e9p<\/p>\n<\/td>\n<td style=\"width: 358px\">\n<p>\u0110\u01b0\u1ee3c ph\u00e9p<\/p>\n<\/td>\n<\/tr>\n<tr>\n<td style=\"width: 230px\">\n<p>L\u1ec7nh OCO<\/p>\n<\/td>\n<td style=\"width: 358px\">\n<p>Kh\u00f4ng \u0111\u01b0\u1ee3c ph\u00e9p<\/p>\n<\/td>\n<\/tr>\n<tr>\n<td style=\"width: 230px\">\n<p>T\u00e0i kho\u1ea3n d\u00f9ng th\u1eed<\/p>\n<\/td>\n<td style=\"width: 358px\">\n<p>C\u00f3 &#8211; <a href=\"https:\/\/my.alpari.co.uk\/en\/mtdemo\/\">M\u1edf T\u00e0i kho\u1ea3n d\u00f9ng th\u1eed<\/a><\/p>\n<p>\u00a0<\/p>\n<\/td>\n<\/tr>\n<tr>\n<td style=\"width: 230px\">\n<p>Lo\u1ea1i t\u00e0i kho\u1ea3n tr\u1ef1c tuy\u1ebfn<\/p>\n<\/td>\n<td style=\"width: 358px\">\n<p>Micro &#8211; \u0110\u1eb7t c\u1ecdc t\u1ed1i thi\u1ec3u- 200USD<\/p>\n<p>Classic &#8211; \u0110\u1eb7t c\u1ecdc t\u1ed1i thi\u1ec3u &#8211; 500USD<\/p>\n<p>Pro &#8211; \u0110\u1eb7t c\u1ecdc t\u1ed1i thi\u1ec3u &#8211; 10.000USD<\/p>\n<p><strong><a href=\"https:\/\/my.alpari.co.uk\/en\/openliveaccount\/\">M\u1edf t\u00e0i kho\u1ea3n tr\u1ef1c tuy\u1ebfn<\/a><\/strong><\/p>\n<p>\u00a0<\/p>\n<\/td>\n<\/tr>\n<\/tbody>\n<\/table>\n<p><strong>\u0110\u00e1nh gi\u00e1 c\u1ee7a ch\u00fang t\u00f4i \u0111\u1ed1i v\u1edbi <strong>Alpari UK: 3\/5<\/strong><\/strong><\/p>\n<p><strong>\u00a0<\/strong><\/p>\n<p><strong><strong><a href=\"\/sites\/default\/files\/u46\/newpicture31.jpg\" data-rel=\"penci-gallery-image-content\"  target=\"_blank\"><img alt=\"\" src=\"\/sites\/default\/files\/u46\/newpicture31.jpg\" style=\"border-bottom: 11px solid; border-left: 11px solid; width: 500px; float: left; height: 400px; border-top: 11px solid; border-right: 11px solid\" \/><\/a><\/strong><\/strong><\/p>\n<p>\u00a0<\/p>\n","protected":false},"excerpt":{"rendered":"<p>Alpari UK\u00a0\u00a0l\u00e0 m\u1ed9t trong nh\u1eefng nh\u00e0 m\u00f4i gi\u1edbi ngo\u1ea1i h\u1ed1i h\u00e0ng \u0111\u1ea7u, l\u00e0 m\u1ed9t ph\u1ea7n trong t\u1eadp \u0111o\u00e0n Alpari k\u1ebft n\u1ed1i h\u01a1n 170,000 t\u00e0i kho\u1ea3n ho\u1ea1t \u0111\u1ed9ng tr\u00ean to\u00e0n th\u1ebf&hellip;<\/p>\n","protected":false},"author":1,"featured_media":0,"parent":618,"menu_order":0,"comment_status":"open","ping_status":"closed","template":"","meta":[],"tags":[],"_links":{"self":[{"href":"https:\/\/choose-forex.com\/vi\/wp-json\/wp\/v2\/pages\/627\/"}],"collection":[{"href":"https:\/\/choose-forex.com\/vi\/wp-json\/wp\/v2\/pages\/"}],"about":[{"href":"https:\/\/choose-forex.com\/vi\/wp-json\/wp\/v2\/types\/page\/"}],"author":[{"embeddable":true,"href":"https:\/\/choose-forex.com\/vi\/wp-json\/wp\/v2\/users\/1\/"}],"replies":[{"embeddable":true,"href":"https:\/\/choose-forex.com\/vi\/wp-json\/wp\/v2\/comments\/?post=627"}],"version-history":[{"count":0,"href":"https:\/\/choose-forex.com\/vi\/wp-json\/wp\/v2\/pages\/627\/revisions\/"}],"up":[{"embeddable":true,"href":"https:\/\/choose-forex.com\/vi\/wp-json\/wp\/v2\/pages\/618\/"}],"wp:attachment":[{"href":"https:\/\/choose-forex.com\/vi\/wp-json\/wp\/v2\/media\/?parent=627"}],"wp:term":[{"taxonomy":"post_tag","embeddable":true,"href":"https:\/\/choose-forex.com\/vi\/wp-json\/wp\/v2\/tags\/?post=627"}],"curies":[{"name":"wp","href":"https:\/\/api.w.org\/{rel}","templated":true}]}}