{"id":628,"date":"2012-05-16T10:39:45","date_gmt":"2012-05-16T10:39:45","guid":{"rendered":"http:\/\/wp1.choose-forex.com\/?p=628"},"modified":"2012-05-16T10:39:45","modified_gmt":"2012-05-16T10:39:45","slug":"danh-gia-avafx-2","status":"publish","type":"page","link":"https:\/\/choose-forex.com\/vi\/chon-mot-nha-moi-gioi-3\/danh-gia-avafx-2\/","title":{"rendered":"\u0110\u00e1nh gi\u00e1 AVAFX"},"content":{"rendered":"\n<p>\u00a0\u00a0\u00a0\u00a0\u00a0\u00a0\u00a0\u00a0\u00a0\u00a0\u00a0\u00a0\u00a0\u00a0\u0110\u01b0\u1ee3c th\u00e0nh l\u1eadp v\u00e0o n\u0103m 2006, <a href=\"http:\/\/www.avafx.com\/\" target=\"_blank\"><strong><font color=\"#005a8c\">AVAFX<\/font><\/strong><\/a> l\u00e0 m\u1ed9t trong nh\u1eefng nh\u00e0 m\u00f4i gi\u1edbi l\u1edbn c\u1ee7a Ai len. M\u1eb7c d\u00f9 trong nh\u1eefng n\u0103m \u0111\u1ea7u, h\u1ecd kh\u00f4ng ph\u1ea3i l\u00e0 m\u1ed9t c\u00f4ng ty c\u00f3 danh ti\u1ebfng t\u1ed1t nh\u1ea5t, trong nh\u1eefng n\u0103m g\u1ea7n \u0111\u00e2y, h\u1ecd n\u1ed7 l\u1ef1c l\u00e0m vi\u1ec7c \u0111\u1ec3 c\u1ea3i thi\u1ec7n b\u1eb1ng c\u00e1ch cung c\u1ea5p c\u00e1c \u0111i\u1ec1u ki\u1ec7n kinh doanh t\u1ed1t h\u01a1n, th\u1ef1c hi\u1ec7n c\u1ea3i thi\u1ec7n, ph\u00ed m\u00f4i gi\u1edbi th\u1ea5p h\u01a1n v\u00e0 h\u1ed7 tr\u1ee3 kh\u00e1ch h\u00e0ng t\u1ed1t h\u01a1n.<br \/>\n\t\u00a0\u00a0\u00a0\u00a0\u00a0\u00a0\u00a0\u00a0\u00a0\u00a0\u00a0\u00a0\u00a0Hi\u1ec7n nay c\u00f3 h\u01a1n 200.000 kh\u00e1ch h\u00e0ng t\u1eeb 160 qu\u1ed1c gia v\u00e0 t\u1ed5ng kh\u1ed1i l\u01b0\u1ee3ng giao d\u1ecbch v\u01b0\u1ee3t qu\u00e1 50 t\u1ef7 USD \/ th\u00e1ng. N\u1ec1n t\u1ea3ng c\u1ee7a h\u1ecd d\u1ec5 d\u00e0ng s\u1eed d\u1ee5ng v\u00e0 \u0111\u1ee7 tinh x\u1ea3o cho c\u00e1c nh\u00e0 \u0111\u1ea7u t\u01b0 c\u00f3 kinh nghi\u1ec7m \u0111\u1ec3 t\u00ecm th\u1ea5y t\u1ea5t c\u1ea3 c\u00e1c m\u1ea3ng l\u1ec7nh m\u00e0 anh ta c\u1ea7n.<br \/>\n\t\u00a0\u00a0\u00a0\u00a0\u00a0\u00a0\u00a0\u00a0\u00a0\u00a0\u00a0\u00a0\u00a0H\u1ed7 tr\u1ee3 kh\u00e1ch h\u00e0ng nhanh ch\u00f3ng v\u00e0 \u0111\u00e1ng tin c\u1eady, s\u1eb5n c\u00f3 h\u01a1n 15 ng\u00f4n ng\u1eef. C\u00e1c t\u00e0i kho\u1ea3n kh\u00e1ch h\u00e0ng \u0111\u01b0\u1ee3c t\u00e1ch bi\u1ec7t, \u0111i\u1ec1u \u0111\u00f3 c\u00f3 ngh\u0129a r\u1eb1ng trong tr\u01b0\u1eddng h\u1ee3p ph\u00e1 s\u1ea3n, ti\u1ec1n k\u00ed qu\u1ef9 c\u1ee7a b\u1ea1n s\u1ebd kh\u00f4ng b\u1ecb m\u1ea5t. \u0110\u00e2y l\u00e0 m\u1ed9t y\u00eau c\u1ea7u quan tr\u1ecdng quy \u0111\u1ecbnh cho b\u1ea5t k\u1ef3 nh\u00e0 m\u00f4i gi\u1edbi n\u00e0o.<br \/>\n\t\u00a0\u00a0\u00a0\u00a0\u00a0\u00a0\u00a0\u00a0\u00a0\u00a0\u00a0\u00a0\u00a0Tr\u01b0\u1edbc khi \u0111\u1ea7u t\u01b0 v\u1edbi h\u1ecd, s\u1ebd l\u00e0 kh\u00f4n ngoan \u0111\u1ec3 t\u1ef1 m\u00ecnh ki\u1ec3m tra xem ch\u00fang ra ho\u1ea1t \u0111\u1ed9ng ra sao \u00a0v\u00e0 th\u1eed t\u00e0i kho\u1ea3n d\u00f9ng th\u1eed.<\/p>\n<p>\u00a0<strong><u>Th\u00f4ng tin chung:<\/u><\/strong><\/p>\n<p>\u00a0<\/p>\n<table border=\"1\" cellpadding=\"0\" cellspacing=\"0\" style=\"width: 100%\" width=\"100%\">\n<tbody>\n<tr>\n<td style=\"width: 156px\">\n<p>Tr\u1ee5 s\u1edf c\u00f4ng ty:<\/p>\n<\/td>\n<td style=\"width: 330px\">\n<p>Dublin, Ireland<\/p>\n<\/td>\n<\/tr>\n<tr>\n<td style=\"width: 156px\">\n<p>Chi nh\u00e1nh<\/p>\n<\/td>\n<td style=\"width: 330px\">\n<p>British Virgin Islands, \u00dac, Nh\u1eadt b\u1ea3n<\/p>\n<\/td>\n<\/tr>\n<tr>\n<td style=\"width: 156px\">\n<p>N\u0103m th\u00e0nh l\u1eadp<\/p>\n<\/td>\n<td style=\"width: 330px\">\n<p>2006<\/p>\n<\/td>\n<\/tr>\n<tr>\n<td style=\"width: 156px\">\n<p>\u0110\u01b0\u1ee3c quy \u0111\u1ecbnh b\u1edbi<\/p>\n<\/td>\n<td style=\"width: 330px\">\n<p>Ng\u00e2n h\u00e0ng Trung \u01b0\u01a1ng Ai \u2013Len ( gi\u1ea5y ph\u00e9p s\u1ed1 C53877), U\u1ef7 ban \u0111\u1ea7u t\u01b0 v\u00e0 Ch\u1ee9ng kho\u00e1n \u00dac ( S\u1ed1 gi\u1ea5y ph\u00e9p:.406684), Ph\u00f2ng T\u00e0i ch\u00ednh &#8211; British Virgin Islands\u00a0 (ch\u1edd ph\u00ea duy\u1ec7t) U\u1ef7 ban d\u1ecbch v\u1ee5, C\u01a1 quan d\u1ecbch v\u1ee5 t\u00e0i ch\u00ednh ( Gi\u1ea5y ph\u00e9p s\u1ed1 1662), Hi\u1ec7p h\u1ed9i t\u00e0i ch\u00ednh t\u01b0\u01a1ng lai c\u1ee7a Nh\u1eadt B\u1ea3n (Gi\u1ea5y ph\u00e9p s\u1ed1 1574), Hi\u1ec7p h\u1ed9i h\u00e0ng ho\u00e1 t\u01b0\u01a1ng lai c\u1ee7a Nh\u1eadt B\u1ea3n<\/p>\n<\/td>\n<\/tr>\n<tr>\n<td style=\"width: 156px\">\n<p>Ph\u00e2n bi\u1ec7t t\u00e0i kho\u1ea3n kh\u00e1ch h\u00e0ng:<\/p>\n<\/td>\n<td style=\"width: 330px\">\n<p>c\u00f3<\/p>\n<\/td>\n<\/tr>\n<tr>\n<td style=\"width: 156px\">\n<p>Ch\u1ea5p nh\u1eadn nh\u00e0 \u0111\u1ea7u t\u01b0 M\u1ef9<\/p>\n<\/td>\n<td style=\"width: 330px\">\n<p>Kh\u00f4ng<\/p>\n<\/td>\n<\/tr>\n<\/tbody>\n<\/table>\n<p><strong><u>C\u00e1c \u0111i\u1ec1u ki\u1ec7n giao d\u1ecbch<\/u><\/strong><\/p>\n<p>\u00a0<\/p>\n<table border=\"1\" cellpadding=\"0\" cellspacing=\"0\" style=\"width: 100%\" width=\"100%\">\n<tbody>\n<tr>\n<td style=\"width: 153px\">\n<p>N\u1ec1n t\u1ea3ng web<\/p>\n<\/td>\n<td style=\"width: 342px\">\n<p>AvaJava<\/p>\n<\/td>\n<\/tr>\n<tr>\n<td style=\"width: 153px\">\n<p>N\u1ec1n t\u1ea3ng t\u1ea3i v\u1ec1<\/p>\n<\/td>\n<td style=\"width: 342px\">\n<p>AvaFX Metatrader 4 (MT4),AvaTrader (ActTrader)<\/p>\n<\/td>\n<\/tr>\n<tr>\n<td style=\"width: 153px\">\n<p>Ph\u00ed hoa h\u1ed3ng<\/p>\n<\/td>\n<td style=\"width: 342px\">\n<p>C\u1ed1 \u0111\u1ecbnh ( trong \u0111i\u1ec1u ki\u1ec7n th\u1ecb tr\u01b0\u1eddng b\u00ecnh th\u01b0\u1eddng)<\/p>\n<\/td>\n<\/tr>\n<tr>\n<td style=\"width: 153px\">\n<p>B\u1ea3o \u0111\u1ea3m d\u1eebng l\u1ed7<\/p>\n<\/td>\n<td style=\"width: 342px\">\n<p>C\u00e1c l\u1ec7nh \u0111\u01b0\u1ee3c x\u1eed l\u00fd \u1edf m\u1ee9c gi\u00e1 t\u1ed1t nh\u1ea5t<\/p>\n<\/td>\n<\/tr>\n<tr>\n<td style=\"width: 153px\">\n<p>L\u1ec7nh d\u1eebng l\u1ed7<\/p>\n<\/td>\n<td style=\"width: 342px\">\n<p>Thu\u1ed9c ph\u00eda m\u00e1y ch\u1ee7<\/p>\n<\/td>\n<\/tr>\n<tr>\n<td style=\"width: 153px\">\n<p>Scalping<\/p>\n<\/td>\n<td style=\"width: 342px\">\n<p>\u0110\u01b0\u1ee3c ph\u00e9p<\/p>\n<\/td>\n<\/tr>\n<tr>\n<td style=\"width: 153px\">\n<p>L\u1ec7nh b\u1ea3o to\u00e0n r\u1ee7i ro<\/p>\n<\/td>\n<td style=\"width: 342px\">\n<p>\u0110\u01b0\u1ee3c ph\u00e9p<\/p>\n<\/td>\n<\/tr>\n<tr>\n<td style=\"width: 153px\">\n<p>L\u1ec7nh OCO<\/p>\n<\/td>\n<td style=\"width: 342px\">\n<p>S\u1eb5n c\u00f3<\/p>\n<\/td>\n<\/tr>\n<tr>\n<td style=\"width: 153px\">\n<p>T\u00e0i kho\u1ea3n d\u00f9ng th\u1eed<\/p>\n<\/td>\n<td style=\"width: 342px\">\n<p>C\u00f3 &#8211;<\/p>\n<p><a href=\"https:\/\/www.avafx.com\/Demo-Registration\/\">M\u1edf t\u00e0i kho\u1ea3n d\u00f9ng th\u1eed<\/a><\/p>\n<p>\u00a0<\/p>\n<\/td>\n<\/tr>\n<tr>\n<td style=\"width: 153px\">\n<p>Lo\u1ea1i t\u00e0i kho\u1ea3n tr\u1ef1c tuy\u1ec3n<\/p>\n<\/td>\n<td style=\"width: 342px\">\n<p>Silver\u00a0 &#8211; \u0110\u1eb7t c\u1ecdc t\u1ed1i \u0111a\/t\u1ed1i thi\u1ec3u &#8211; 100USD\/999USD<\/p>\n<p>Gold &#8211; \u0110\u1eb7t c\u1ecdc t\u1ed1i \u0111a\/t\u1ed1i thi\u1ec3u &#8211; 1.000USD\/9.999USD<\/p>\n<p>Platinum &#8211; \u0110\u1eb7t c\u1ecdc t\u1ed1i \u0111a\/t\u1ed1i thi\u1ec3u &#8211; 10.000USD\/kh\u00f4ng gi\u1edbi h\u1ea1n<\/p>\n<p><strong><a href=\"https:\/\/www.avafx.com\/Real-Registration-Steps\/?y=y\">M\u1edf t\u00e0i kho\u1ea3n tr\u1ef1c tuy\u1ebfn<\/a><\/strong><\/p>\n<p>\u00a0<\/p>\n<\/td>\n<\/tr>\n<\/tbody>\n<\/table>\n<p><strong>\u0110\u00e1nh gi\u00e1 c\u1ee7a ch\u00fang t\u00f4i cho AVAFX:\u00a0 4\/5<\/strong><\/p>\n<p><strong><a href=\"\/sites\/default\/files\/u46\/newpicture30_0.jpg\" data-rel=\"penci-gallery-image-content\"  target=\"_blank\"><img alt=\"\" src=\"\/sites\/default\/files\/u46\/newpicture30.jpg\" style=\"border-bottom: 10px solid; border-left: 10px solid; width: 500px; float: left; height: 400px; border-top: 10px solid; border-right: 10px solid\" \/><\/a><\/strong><\/p>\n<p>\u00a0<\/p>\n<p>\u00a0<\/p>\n<p>\u00a0<\/p>\n<p>\u00a0<\/p>\n<p>\u00a0<\/p>\n<p>\u00a0<\/p>\n<p>\u00a0<\/p>\n<p>\u00a0<\/p>\n<p>\u00a0<\/p>\n<p>\u00a0<\/p>\n<p>\u00a0<\/p>\n<p>\u00a0<\/p>\n<p>\u00a0<\/p>\n<p>\u00a0<\/p>\n<p>\u00a0<\/p>\n<p>\u00a0<\/p>\n<p>\u00a0<\/p>\n","protected":false},"excerpt":{"rendered":"<p>\u00a0\u00a0\u00a0\u00a0\u00a0\u00a0\u00a0\u00a0\u00a0\u00a0\u00a0\u00a0\u00a0\u00a0\u0110\u01b0\u1ee3c th\u00e0nh l\u1eadp v\u00e0o n\u0103m 2006, AVAFX l\u00e0 m\u1ed9t trong nh\u1eefng nh\u00e0 m\u00f4i gi\u1edbi l\u1edbn c\u1ee7a Ai len. M\u1eb7c d\u00f9 trong nh\u1eefng n\u0103m \u0111\u1ea7u, h\u1ecd kh\u00f4ng ph\u1ea3i l\u00e0 m\u1ed9t c\u00f4ng&hellip;<\/p>\n","protected":false},"author":1,"featured_media":0,"parent":618,"menu_order":0,"comment_status":"open","ping_status":"open","template":"","meta":[],"tags":[],"_links":{"self":[{"href":"https:\/\/choose-forex.com\/vi\/wp-json\/wp\/v2\/pages\/628\/"}],"collection":[{"href":"https:\/\/choose-forex.com\/vi\/wp-json\/wp\/v2\/pages\/"}],"about":[{"href":"https:\/\/choose-forex.com\/vi\/wp-json\/wp\/v2\/types\/page\/"}],"author":[{"embeddable":true,"href":"https:\/\/choose-forex.com\/vi\/wp-json\/wp\/v2\/users\/1\/"}],"replies":[{"embeddable":true,"href":"https:\/\/choose-forex.com\/vi\/wp-json\/wp\/v2\/comments\/?post=628"}],"version-history":[{"count":0,"href":"https:\/\/choose-forex.com\/vi\/wp-json\/wp\/v2\/pages\/628\/revisions\/"}],"up":[{"embeddable":true,"href":"https:\/\/choose-forex.com\/vi\/wp-json\/wp\/v2\/pages\/618\/"}],"wp:attachment":[{"href":"https:\/\/choose-forex.com\/vi\/wp-json\/wp\/v2\/media\/?parent=628"}],"wp:term":[{"taxonomy":"post_tag","embeddable":true,"href":"https:\/\/choose-forex.com\/vi\/wp-json\/wp\/v2\/tags\/?post=628"}],"curies":[{"name":"wp","href":"https:\/\/api.w.org\/{rel}","templated":true}]}}