{"id":631,"date":"2012-05-16T09:57:44","date_gmt":"2012-05-16T09:57:44","guid":{"rendered":"http:\/\/wp1.choose-forex.com\/?p=631"},"modified":"2012-05-16T09:57:44","modified_gmt":"2012-05-16T09:57:44","slug":"cac-loai-phan-tich-thi-truong-2","status":"publish","type":"page","link":"https:\/\/choose-forex.com\/vi\/cac-loai-phan-tich-thi-truong-2\/","title":{"rendered":"C\u00e1c lo\u1ea1i ph\u00e2n t\u00edch th\u1ecb tr\u01b0\u1eddng"},"content":{"rendered":"\n<p>\u00a0\u00a0\u00a0\u00a0\u00a0\u00a0\u00a0\u00a0\u00a0\u00a0\u00a0\u00a0\u00a0\u00a0\u00a0Khi kinh doanh ngo\u1ea1i h\u1ed1i, ki\u1ebfm ti\u1ec1n b\u1eb1ng c\u00e1ch d\u1ef1 \u0111o\u00e1n v\u1edbi m\u1ed9t x\u00e1c su\u1ea5t cao n\u01a1i m\u00e0 gi\u00e1 s\u1ebd \u0111\u1ebfn, giao d\u1ecbch ph\u00f9 h\u1ee3p. Gi\u00e1 ch\u1ec9 \u00a0c\u00f3 th\u1ec3 theo 3 h\u01b0\u1edbng: \u0111i l\u00ean, \u0111i xu\u1ed1ng ho\u1eb7c \u0111i ngang. Trong d\u1ef1 \u0111o\u00e1n h\u01b0\u1edbng gi\u00e1 c\u1ea3, nh\u00e0 kinh doanh s\u1eed d\u1ee5ng ba lo\u1ea1i ph\u00e2n t\u00edch: ph\u00e2n t\u00edch k\u1ef9 thu\u1eadt, ph\u00e2n t\u00edch c\u01a1 b\u1ea3n v\u00e0 t\u00e2m l\u00fd th\u1ecb tr\u01b0\u1eddng.<\/p>\n<p>\t\u00a0\u00a0\u00a0\u00a0\u00a0\u00a0\u00a0\u00a0\u00a0\u00a0\u00a0\u00a0\u00a0\u00a0\u00a0\u00a0<u>Ph\u00e2n t\u00edch k\u1ef9 thu\u1eadt<\/u>.<\/p>\n<p>\t\u00a0\u00a0\u00a0\u00a0\u00a0\u00a0\u00a0\u00a0\u00a0\u00a0\u00a0\u00a0\u00a0\u00a0\u00a0\u00a0Nguy\u00ean t\u1eafc c\u01a1 b\u1ea3n \u0111\u1eb1ng sau ph\u00e2n t\u00edch k\u1ef9 thu\u1eadt l\u00e0 l\u1eb7p \u0111i l\u1eb7p l\u1ea1i l\u1ecbch s\u1eed c\u1ee7a ch\u00ednh n\u00f3, do \u0111\u00f3 m\u1ed9t nh\u00e0 kinh doanh c\u00f3 th\u1ec3 nh\u00ecn l\u1ea1i ho\u1ea1t \u0111\u1ed9ng c\u1ee7a gi\u00e1 v\u00e0 \u0111\u01b0a ra c\u00e1c quy\u1ebft \u0111\u1ecbnh kinh doanh d\u1ef1a tr\u00ean nh\u1eefng g\u00ec \u0111\u00e3 x\u1ea3y ra trong qu\u00e1 kh\u1ee9 trong m\u1ed9t t\u00ecnh hu\u1ed1ng t\u01b0\u01a1ng t\u1ef1. N\u1ebfu m\u1ed9t m\u1ee9c h\u1ed7 tr\u1ee3 \u0111\u01b0\u1ee3c \u0111\u00e3 \u0111\u01b0\u1ee3c thi\u1ebft l\u1eadp trong qu\u00e1 kh\u1ee9, khi gi\u00e1 \u0111\u1ebfn g\u1ea7n ho\u1eb7c ch\u1ea1m v\u00e0o n\u00f3, nh\u00e0 kinh doanh s\u1ebd xem x\u00e9t n\u00f3 ch\u1eb7t ch\u1ebd v\u00e0 c\u0103n c\u1ee9 \u0111\u1ec3 quy\u1ebft \u0111\u1ecbnh giao d\u1ecbch c\u1ee7a h\u1ecd d\u1ef1a tr\u00ean c\u00e1ch gi\u00e1 ph\u1ea3n \u1ee9ng khi n\u00f3 ch\u1ea1m v\u00e0o ng\u01b0\u1ee1ng h\u1ed7 tr\u1ee3.<\/p>\n<p>\t\u00a0\u00a0\u00a0\u00a0\u00a0\u00a0\u00a0\u00a0\u00a0\u00a0\u00a0\u00a0\u00a0\u00a0\u00a0\u00a0B\u1ea5t c\u1ee9 khi n\u00e0o b\u1ea1n nghe th\u1ea5y thu\u1eadt ng\u1eef ph\u00e2n t\u00edch k\u1ef9 thu\u1eadt, bi\u1ec3u \u0111\u1ed3 s\u1ebd hi\u1ec7n l\u00ean trong t\u00e2m tr\u00ed, v\u00ec bi\u1ec3u \u0111\u1ed3 l\u00e0 c\u00e1ch t\u1ed1t nh\u1ea5t \u0111\u1ec3 \u0111\u1ea1i di\u1ec7n cho h\u00e0nh \u0111\u1ed9ng gi\u00e1. C\u00e1c lo\u1ea1i ph\u1ed5 bi\u1ebfn nh\u1ea5t c\u1ee7a bi\u1ec3u \u0111\u1ed3 l\u00e0 m\u1ed9t bi\u1ec3u \u0111\u1ed3 n\u1ebfn ho\u1eb7c bi\u1ec3u \u0111\u1ed3 d\u1ea1ng thanh. Tr\u00ean bi\u1ec3u \u0111\u1ed3, b\u1ea1n c\u00f3 th\u1ec3 v\u1ebd c\u00e1c \u0111\u01b0\u1eddng xu h\u01b0\u1edbng, m\u1ee9c h\u1ed7 tr\u1ee3 v\u00e0 kh\u00e1ng c\u1ef1, c\u00e1c k\u00eanh v\u00e0 b\u1ea1n c\u00f3 th\u1ec3 s\u1eed d\u1ee5ng c\u00e1c ch\u1ec9 s\u1ed1.<\/p>\n<p>\t\u00a0\u00a0\u00a0\u00a0\u00a0\u00a0\u00a0\u00a0\u00a0\u00a0\u00a0\u00a0\u00a0\u00a0\u00a0\u00a0\u00a0Ph\u00e2n t\u00edch k\u1ef9 thu\u1eadt l\u00e0 m\u1ed9t c\u00f4ng c\u1ee5 r\u1ea5t quan tr\u1ecdng \u0111\u1ed1i v\u1edbi m\u1ed9t nh\u00e0 \u0111\u1ea7u t\u01b0, nh\u01b0ng n\u00f3 c\u00f3 th\u1ec3 m\u1ea5t nhi\u1ec1u n\u0103m \u0111\u1ec3 l\u00e0m ch\u1ee7 v\u00e0 t\u00ecm th\u1ea5y \u0111\u00fang kh\u1ed1i l\u01b0\u1ee3ng c\u00e1c ph\u00e2n t\u00edch c\u1ea7n ph\u1ea3i \u0111\u01b0\u1ee3c th\u1ef1c hi\u1ec7n. Nh\u1eefng g\u00ec t\u00f4i \u0111ang c\u1ed1 g\u1eafng \u0111\u1ec3 n\u00f3i l\u00e0 m\u1ed9t s\u1ed1 nh\u00e0 \u0111\u1ea7u t\u01b0 c\u00f3 xu h\u01b0\u1edbng ph\u00e2n t\u00edch tr\u00ean c\u00e1c bi\u1ec3u \u0111\u1ed3 v\u00e0 \u0111i\u1ec1n ch\u00fang v\u1edbi t\u1ea5t c\u1ea3 c\u00e1c ch\u1ec9 s\u1ed1 m\u00e0 h\u1ecd c\u00f3 th\u1ec3 t\u00ecm th\u1ea5y. Trong tr\u01b0\u1eddng h\u1ee3p n\u00e0y, nhi\u1ec1u kh\u00f4ng c\u00f3 ngh\u0129a l\u00e0 t\u1ed1t h\u01a1n, v\u00ec b\u1ea1n s\u1ebd kh\u00f4ng c\u00f3 \u0111\u01b0\u1ee3c k\u1ebft qu\u1ea3 t\u1ed1t h\u01a1n ch\u1ec9 b\u1eb1ng c\u00e1ch th\u00eam m\u1ed9t ch\u1ec9 s\u1ed1 kh\u00e1c \u0111\u1ec3 l\u1ecdc ra nh\u1eefng t\u00edn hi\u1ec7u x\u1ea5u t\u1eeb tr\u01b0\u1edbc \u0111\u00f3. Khi s\u1eed d\u1ee5ng ph\u00e2n t\u00edch k\u1ef9 thu\u1eadt, c\u1ed1 g\u1eafng \u0111\u1ec3 \u00a0l\u00e0m cho n\u00f3 \u0111\u01a1n gi\u1ea3n.<\/p>\n<p>\t\u00a0\u00a0\u00a0\u00a0\u00a0\u00a0\u00a0\u00a0\u00a0\u00a0\u00a0\u00a0\u00a0\u00a0\u00a0\u00a0Ph\u00e2n t\u00edch k\u1ef9 thu\u1eadt s\u1eed d\u1ee5ng m\u1eabu bi\u1ec3u \u0111\u1ed3, ngang v\u00e0 \u0111\u01b0\u1eddng ch\u00e9o, h\u1ed7 tr\u1ee3 v\u00e0 kh\u00e1ng c\u1ef1 v\u00e0 \u0111\u00e2y l\u00e0 nh\u1eefng th\u1ee9 gi\u1ed1ng nh\u01b0 t\u00f4i \u0111\u00e3 n\u00f3i trong m\u1ed9t b\u00e0i vi\u1ebft tr\u01b0\u1edbc \u0111\u00f3, sai l\u1ec7ch do ch\u1ee7 quan. Hai nh\u00e0 kinh doanh c\u00f3 th\u1ec3 v\u1ebd m\u1ed9t \u0111\u01b0\u1eddng xu h\u01b0\u1edbng kh\u00e1c nhau, nh\u00ecn th\u1ea5y m\u1ed9t m\u1ee9c ngang m\u1ed9t v\u00e0i pips cao h\u01a1n ho\u1eb7c th\u1ea5p h\u01a1n, ho\u1eb7c s\u1eed d\u1ee5ng trung b\u00ecnh di chuy\u1ec3n m\u1ed9t kho\u1ea3ng th\u1eddi gian kh\u00e1c nhau. B\u1edfi v\u00ec t\u1ea5t c\u1ea3 nh\u1eefng c\u00f4ng c\u1ee5 n\u00e0y l\u00e0 m\u1ed9t ph\u1ea7n c\u1ee7a n\u00f3, ph\u00e2n t\u00edch k\u1ef9 thu\u1eadt c\u0169ng l\u00e0 ch\u1ee7 quan, c\u00e1c nh\u00e0 kinh doanh, kh\u00e1c nhau s\u1ebd c\u00f3 \u00fd ki\u1ebfn \u200b\u200bkh\u00e1c nhau v\u1ec1 n\u01a1i h\u1ecd ngh\u0129 r\u1eb1ng gi\u00e1 c\u1ea3 s\u1ebd \u0111i t\u1edbi.<\/p>\n<p>\t\u00a0\u00a0\u00a0\u00a0\u00a0\u00a0\u00a0\u00a0\u00a0\u00a0\u00a0\u00a0\u00a0\u00a0\u00a0\u00a0<u>Ph\u00e2n t\u00edch c\u01a1 b\u1ea3n<\/u>:<\/p>\n<p>\t\u00a0\u00a0\u00a0\u00a0\u00a0\u00a0\u00a0\u00a0\u00a0\u00a0\u00a0\u00a0\u00a0\u00a0\u00a0\u00a0Ph\u00e2n t\u00edch c\u01a1 b\u1ea3n gi\u00fap ch\u00fang ta d\u1ef1 \u0111o\u00e1n bi\u1ebfn \u0111\u1ed9ng gi\u00e1 b\u1eb1ng c\u00e1ch nh\u00ecn v\u00e0o m\u1ed1i quan h\u1ec7 gi\u1eefa ti\u1ec1n t\u1ec7 v\u00e0 t\u00ecnh h\u00ecnh kinh t\u1ebf v\u00e0 ch\u00ednh tr\u1ecb c\u1ee7a \u0111\u1ea5t n\u01b0\u1edbc. N\u00f3i c\u00e1ch kh\u00e1c, n\u1ebfu m\u1ed9t qu\u1ed1c gia \u0111\u01b0\u1ee3c th\u1ef1c hi\u1ec7n k\u00e9m, ti\u1ec1n t\u1ec7 c\u1ee7a h\u1ecd c\u00f3 th\u1ec3 s\u1ebd gi\u1ea3m xu\u1ed1ng tr\u00ean bi\u1ec3u \u0111\u1ed3. Tin t\u1ee9c ch\u00ednh tr\u1ecb, kinh t\u1ebf v\u00e0 x\u00e3 h\u1ed9i s\u1eafp t\u1edbi r\u1ea5t c\u00f3 th\u1ec3 \u1ea3nh h\u01b0\u1edfng \u0111\u1ebfn s\u1ef1 chuy\u1ec3n \u0111\u1ed9ng c\u1ee7a c\u1eb7p ti\u1ec1n t\u1ec7.<\/p>\n<p>\t\u00a0\u00a0\u00a0\u00a0\u00a0\u00a0\u00a0\u00a0\u00a0\u00a0\u00a0\u00a0\u00a0\u00a0\u00a0\u00a0Khi s\u1eed d\u1ee5ng ph\u00e2n t\u00edch c\u01a1 b\u1ea3n, b\u1edfi v\u00ec trong ngo\u1ea1i h\u1ed1i b\u1ea1n giao d\u1ecbch m\u1ed9t c\u1eb7p ti\u1ec1n t\u1ec7, b\u1ea1n ph\u1ea3i nh\u00ecn v\u00e0o c\u1ea3 hai lo\u1ea1i ti\u1ec1n t\u1ec7. N\u1ebfu m\u1ed9t trong c\u00e1c \u0111\u1ed3ng ti\u1ec1n trong c\u1eb7p tr\u1edf n\u00ean m\u1ea1nh do tin t\u1ee9c t\u1ed1t \u0111\u01b0\u1ee3c ph\u00e1t ra, b\u1ea1n ph\u1ea3i ph\u00e2n t\u00edch t\u00ecnh tr\u1ea1ng c\u1ee7a c\u00e1c lo\u1ea1i ti\u1ec1n t\u1ec7 kh\u00e1c. N\u1ebfu \u0111\u00f3 c\u0169ng l\u00e0 tin t\u1ed1t, s\u1ef1 c\u00e2n b\u1eb1ng gi\u1eefa hai \u0111\u1ed3ng ti\u1ec1n s\u1ebd kh\u00f4ng thay \u0111\u1ed5i nhi\u1ec1u nh\u01b0 v\u1eady c\u00f3 l\u1ebd b\u1ea1n s\u1ebd kh\u00f4ng nh\u00ecn th\u1ea5y nh\u1eefng chuy\u1ec3n \u0111\u1ed9ng l\u1edbn tr\u00ean bi\u1ec3u \u0111\u1ed3. M\u1eb7t kh\u00e1c, n\u1ebfu m\u1ed9t trong c\u00e1c lo\u1ea1i ti\u1ec1n t\u1ec7 c\u00f3 tin t\u1ed1t v\u00e0 m\u1ed9t \u0111\u1ed3ng ti\u1ec1n kh\u00e1c c\u00f3 tin x\u1ea5u, c\u00f3 th\u1ec3 l\u00e0 b\u1ea1n s\u1ebd th\u1ea5y m\u1ed9t b\u01b0\u1edbc d\u1ecbch chuy\u1ec3n l\u1edbn tr\u00ean bi\u1ec3u \u0111\u1ed3 tr\u00ean d\u1ea5u hi\u1ec7u \u0111\u1ea7u ti\u00ean.<\/p>\n<p>\t\u00a0\u00a0\u00a0\u00a0\u00a0\u00a0\u00a0\u00a0\u00a0\u00a0\u00a0\u00a0\u00a0\u00a0\u00a0\u00a0H\u00e3y r\u1ea5t c\u1ea9n th\u1eadn khi s\u1eed d\u1ee5ng ph\u00e2n t\u00edch c\u01a1 b\u1ea3n b\u1edfi v\u00ec khi tin t\u1ee9c t\u1ed1t l\u00e0nh ph\u00e1t h\u00e0nh, \u0111\u1ed3ng ti\u1ec1n s\u1ebd kh\u00f4ng nh\u1ea5t thi\u1ebft ph\u1ea3i di chuy\u1ec3n l\u00ean. \u0110\u00f4i khi, ngay c\u1ea3 khi c\u00e1c th\u00f4ng tin kh\u00f4ng t\u1ed1t, n\u00f3 kh\u00f4ng c\u00f3 s\u1ee9c m\u1ea1nh \u0111\u1ec3 di chuy\u1ec3n gi\u00e1 v\u00ec t\u00ecnh h\u00ecnh chung c\u1ee7a qu\u1ed1c gia \u0111\u00f3 l\u00e0 y\u1ebfu. B\u1ea1n ph\u1ea3i \u0111\u01b0a v\u00e0o m\u1ed9t s\u1ed1 y\u1ebfu t\u1ed1 xem x\u00e9t khi b\u1ea1n th\u1ef1c hi\u1ec7n m\u1ed9t quy\u1ebft \u0111\u1ecbnh kinh doanh, kh\u00f4ng ch\u1ec9 l\u00e0 tin t\u1ee9c.<\/p>\n<p>\t\u00a0\u00a0\u00a0\u00a0\u00a0\u00a0\u00a0\u00a0\u00a0\u00a0\u00a0\u00a0\u00a0\u00a0\u00a0\u00a0<u>T\u00e2m l\u00fd th\u1ecb tr\u01b0\u1eddng<\/u>:<\/p>\n<p>\t\u00a0\u00a0\u00a0\u00a0\u00a0\u00a0\u00a0\u00a0\u00a0\u00a0\u00a0\u00a0\u00a0\u00a0\u00a0\u00a0\u0110\u00e2y l\u00e0 c\u00e1ch chung m\u00e0 c\u00e1c nh\u00e0 \u0111\u1ea7u t\u01b0 th\u1ea5y th\u1ecb tr\u01b0\u1eddng. M\u1ed7i nh\u00e0 \u0111\u1ea7u t\u01b0 c\u00f3 \u00fd ki\u1ebfn \u200b\u200bri\u00eang c\u1ee7a m\u00ecnh tr\u00ean th\u1ecb tr\u01b0\u1eddng v\u00e0 quan \u0111i\u1ec3m n\u00e0y \u0111\u01b0\u1ee3c th\u1ec3 hi\u1ec7n v\u00e0 hi\u1ec3n th\u1ecb c\u00e1c v\u1ecb tr\u00ed h\u1ecd. T\u1ea5t c\u1ea3 c\u00e1c nh\u00e0 kinh doanh tr\u00ean kh\u1eafp th\u1ebf gi\u1edbi tr\u1ee3 gi\u00fap h\u00ecnh th\u00e0nh n\u00ean t\u00e2m l\u00fd c\u1ee7a th\u1ecb tr\u01b0\u1eddng b\u1eb1ng c\u00e1ch gi\u1eef m\u1ed9t v\u1ecb tr\u00ed ng\u1eafn h\u1ea1n ho\u1eb7c d\u00e0i h\u1ea1n.<\/p>\n<p>\t\u00a0\u00a0\u00a0\u00a0\u00a0\u00a0\u00a0\u00a0\u00a0\u00a0\u00a0\u00a0\u00a0\u00a0\u00a0\u00a0L\u00e0 m\u1ed9t nh\u00e0 \u0111\u1ea7u t\u01b0, b\u1ea1n ph\u1ea3i \u0111i v\u00e0o xem x\u00e9t ph\u00e2n t\u00edch k\u1ef9 thu\u1eadt, ph\u00e2n t\u00edch c\u01a1 b\u1ea3n v\u00e0 t\u00e2m l\u00fd th\u1ecb tr\u01b0\u1eddng v\u00e0 b\u1ea1n kh\u00f4ng th\u1ec3 d\u1ef1a v\u00e0o ch\u1ec9 m\u1ed9t lo\u1ea1i ph\u00e2n t\u00edch. N\u1ebfu b\u1ea1n c\u00f3 t\u00edn hi\u1ec7u k\u1ef9 thu\u1eadt m\u1ea1nh m\u1ebd r\u1eb1ng gi\u00e1 s\u1ebd \u0111i l\u00ean, nh\u01b0ng n\u00f3i chung t\u00e2m l\u00fd l\u00e0 xu\u1ed1ng v\u00e0 nh\u1eefng tin t\u1ee9c s\u1eafp t\u1edbi c\u00f3 m\u1ed9t k\u1ef3 v\u1ecdng kh\u00f4ng t\u1ed1t cho \u0111\u1ed3ng ti\u1ec1n \u0111\u00f3, b\u1ea1n c\u00f3 th\u1ec3 mu\u1ed1n xem x\u00e9t l\u1ea1i v\u1ecb tr\u00ed c\u1ee7a m\u00ecnh.<\/p>\n","protected":false},"excerpt":{"rendered":"<p>\u00a0\u00a0\u00a0\u00a0\u00a0\u00a0\u00a0\u00a0\u00a0\u00a0\u00a0\u00a0\u00a0\u00a0\u00a0Khi kinh doanh ngo\u1ea1i h\u1ed1i, ki\u1ebfm ti\u1ec1n b\u1eb1ng c\u00e1ch d\u1ef1 \u0111o\u00e1n v\u1edbi m\u1ed9t x\u00e1c su\u1ea5t cao n\u01a1i m\u00e0 gi\u00e1 s\u1ebd \u0111\u1ebfn, giao d\u1ecbch ph\u00f9 h\u1ee3p. Gi\u00e1 ch\u1ec9 \u00a0c\u00f3 th\u1ec3 theo&hellip;<\/p>\n","protected":false},"author":1,"featured_media":0,"parent":0,"menu_order":0,"comment_status":"open","ping_status":"closed","template":"","meta":[],"tags":[],"_links":{"self":[{"href":"https:\/\/choose-forex.com\/vi\/wp-json\/wp\/v2\/pages\/631\/"}],"collection":[{"href":"https:\/\/choose-forex.com\/vi\/wp-json\/wp\/v2\/pages\/"}],"about":[{"href":"https:\/\/choose-forex.com\/vi\/wp-json\/wp\/v2\/types\/page\/"}],"author":[{"embeddable":true,"href":"https:\/\/choose-forex.com\/vi\/wp-json\/wp\/v2\/users\/1\/"}],"replies":[{"embeddable":true,"href":"https:\/\/choose-forex.com\/vi\/wp-json\/wp\/v2\/comments\/?post=631"}],"version-history":[{"count":0,"href":"https:\/\/choose-forex.com\/vi\/wp-json\/wp\/v2\/pages\/631\/revisions\/"}],"wp:attachment":[{"href":"https:\/\/choose-forex.com\/vi\/wp-json\/wp\/v2\/media\/?parent=631"}],"wp:term":[{"taxonomy":"post_tag","embeddable":true,"href":"https:\/\/choose-forex.com\/vi\/wp-json\/wp\/v2\/tags\/?post=631"}],"curies":[{"name":"wp","href":"https:\/\/api.w.org\/{rel}","templated":true}]}}